{"id":9754,"date":"2019-11-19T11:27:09","date_gmt":"2019-11-19T09:27:09","guid":{"rendered":"https:\/\/tmesa.com\/p\/punts-venda-targetes-terrassa-atm\/"},"modified":"2022-07-25T12:00:49","modified_gmt":"2022-07-25T10:00:49","slug":"puntos-venta-tarjetas-terrassa-atm","status":"publish","type":"page","link":"https:\/\/tmesa.com\/es\/p\/puntos-venta-tarjetas-terrassa-atm\/","title":{"rendered":"Puntos de venta t\u00edtulos integrados ATM"},"content":{"rendered":"<div class=\"wpb-content-wrapper\"><p>[vc_row css_animation=\u00bb\u00bb row_type=\u00bbrow\u00bb use_row_as_full_screen_section=\u00bbno\u00bb type=\u00bbgrid\u00bb angled_section=\u00bbno\u00bb text_align=\u00bbleft\u00bb background_image_as_pattern=\u00bbwithout_pattern\u00bb z_index=\u00bb\u00bb el_id=\u00bbbreadcrumbs\u00bb][vc_column][vc_widget_sidebar sidebar_id=\u00bbBreadcrumbs\u00bb el_class=\u00bbmybreadcrumbs\u00bb][\/vc_column][\/vc_row][vc_row css_animation=\u00bb\u00bb row_type=\u00bbrow\u00bb use_row_as_full_screen_section=\u00bbno\u00bb type=\u00bbgrid\u00bb angled_section=\u00bbno\u00bb text_align=\u00bbleft\u00bb background_image_as_pattern=\u00bbwithout_pattern\u00bb z_index=\u00bb\u00bb el_id=\u00bbpagetitle\u00bb][vc_column][vc_column_text el_class=\u00bbpagetit1&#8243;]<\/p>\n<h1><a title=\"Puntos de venta t\u00edtulos integrados ATM\" href=\"https:\/\/tmesa.com\/es\/p\/puntos-venta-tarjetas-terrassa-atm\/\">Puntos de venta t\u00edtulos integrados ATM<\/a><\/h1>\n<p>[\/vc_column_text][vc_separator type=\u00bbnormal\u00bb el_class=\u00bbpagelineleft1&#8243; color=\u00bb#5f2167&#8243; thickness=\u00bb4&#8243; up=\u00bb25&#8243; down=\u00bb25&#8243;][\/vc_column][\/vc_row][vc_row css_animation=\u00bb\u00bb row_type=\u00bbrow\u00bb use_row_as_full_screen_section=\u00bbno\u00bb type=\u00bbgrid\u00bb angled_section=\u00bbno\u00bb text_align=\u00bbleft\u00bb background_image_as_pattern=\u00bbwithout_pattern\u00bb z_index=\u00bb\u00bb][vc_column][vc_row_inner row_type=\u00bbrow\u00bb type=\u00bbfull_width\u00bb text_align=\u00bbleft\u00bb css_animation=\u00bb\u00bb css=\u00bb.vc_custom_1574154660629{margin-top: 20px !important;margin-right: 0px !important;margin-bottom: 20px !important;margin-left: 0px !important;padding-top: 0px !important;padding-right: 0px !important;padding-bottom: 0px !important;padding-left: 0px !important;}\u00bb][vc_column_inner el_class=\u00bbwhitebox1 whitebox1ul\u00bb width=\u00bb1\/2&#8243; css=\u00bb.vc_custom_1574156020334{padding-right: 0px !important;padding-left: 0px !important;}\u00bb][vc_column_text el_class=\u00bbcontentredli1&#8243; css=\u00bb.vc_custom_1578924805711{margin-top: -15px !important;}\u00bb]<\/p>\n<ul>\n<li>Centro de informaci\u00f3n y atenci\u00f3n al cliente de<br \/>\nTMESA (Oficina de Movilidad)<\/li>\n<li>Taquillas del metro<\/li>\n<li>Terminales de ServiCaixa<\/li>\n<li>M\u00e1quines de venta autom\u00e1tica del metro, tranv\u00eda, F.G.C<br \/>\ny Rodalies-Catalunya<\/li>\n<li>Estaciones de autobuses interurbanos<\/li>\n<li>Estancos y establecimientos de quinielas y loter\u00eda<\/li>\n<\/ul>\n<p>[\/vc_column_text][vc_empty_space height=\u00bb34px\u00bb][\/vc_column_inner][vc_column_inner el_class=\u00bbimgcolright1&#8243; width=\u00bb1\/2&#8243;][vc_single_image image=\u00bb2144&#8243; img_size=\u00bbfull\u00bb qode_css_animation=\u00bb\u00bb][\/vc_column_inner][\/vc_row_inner][\/vc_column][\/vc_row][vc_row css_animation=\u00bb\u00bb row_type=\u00bbrow\u00bb use_row_as_full_screen_section=\u00bbno\u00bb type=\u00bbgrid\u00bb angled_section=\u00bbno\u00bb text_align=\u00bbleft\u00bb background_image_as_pattern=\u00bbwithout_pattern\u00bb z_index=\u00bb\u00bb][vc_column][vc_empty_space height=\u00bb50px\u00bb][\/vc_column][\/vc_row]<\/p>\n<div class=\"social-share-buttons\"><a href=\"https:\/\/www.facebook.com\/sharer\/sharer.php?u=https:\/\/tmesa.com\/es\/p\/puntos-venta-tarjetas-terrassa-atm\/\" target=\"_blank\" rel=\"noopener\"><i class=\"fa-brands fa-facebook-f\"><\/i><\/a><a href=\"https:\/\/twitter.com\/intent\/tweet?url=https:\/\/tmesa.com\/es\/p\/puntos-venta-tarjetas-terrassa-atm\/&text=Puntos+de+venta+t%C3%ADtulos+integrados+ATM\" target=\"_blank\" rel=\"noopener\"><i class=\"fa-brands fa-twitter\"><\/i><\/a><a href=\"https:\/\/www.linkedin.com\/shareArticle?url=https:\/\/tmesa.com\/es\/p\/puntos-venta-tarjetas-terrassa-atm\/&title=Puntos+de+venta+t%C3%ADtulos+integrados+ATM\" target=\"_blank\" rel=\"noopener\"><i class=\"fa-brands fa-linkedin-in\"><\/i><\/a><\/div><\/div>","protected":false},"excerpt":{"rendered":"<p>[vc_row css_animation=\u00bb\u00bb row_type=\u00bbrow\u00bb use_row_as_full_screen_section=\u00bbno\u00bb type=\u00bbgrid\u00bb angled_section=\u00bbno\u00bb text_align=\u00bbleft\u00bb background_image_as_pattern=\u00bbwithout_pattern\u00bb z_index=\u00bb\u00bb el_id=\u00bbbreadcrumbs\u00bb][vc_column][vc_widget_sidebar sidebar_id=\u00bbBreadcrumbs\u00bb el_class=\u00bbmybreadcrumbs\u00bb][\/vc_column][\/vc_row][vc_row css_animation=\u00bb\u00bb row_type=\u00bbrow\u00bb use_row_as_full_screen_section=\u00bbno\u00bb type=\u00bbgrid\u00bb angled_section=\u00bbno\u00bb text_align=\u00bbleft\u00bb background_image_as_pattern=\u00bbwithout_pattern\u00bb z_index=\u00bb\u00bb el_id=\u00bbpagetitle\u00bb][vc_column][vc_column_text el_class=\u00bbpagetit1&#8243;] Puntos de venta t\u00edtulos integrados ATM [\/vc_column_text][vc_separator type=\u00bbnormal\u00bb el_class=\u00bbpagelineleft1&#8243; color=\u00bb#5f2167&#8243; thickness=\u00bb4&#8243; up=\u00bb25&#8243; down=\u00bb25&#8243;][\/vc_column][\/vc_row][vc_row css_animation=\u00bb\u00bb row_type=\u00bbrow\u00bb use_row_as_full_screen_section=\u00bbno\u00bb type=\u00bbgrid\u00bb angled_section=\u00bbno\u00bb text_align=\u00bbleft\u00bb background_image_as_pattern=\u00bbwithout_pattern\u00bb z_index=\u00bb\u00bb][vc_column][vc_row_inner row_type=\u00bbrow\u00bb type=\u00bbfull_width\u00bb&#8230;<\/p>\n","protected":false},"author":4,"featured_media":2144,"parent":9681,"menu_order":0,"comment_status":"closed","ping_status":"closed","template":"full_width.php","meta":{"_acf_changed":false,"footnotes":"","_wp_rev_ctl_limit":"5"},"class_list":["post-9754","page","type-page","status-publish","has-post-thumbnail","hentry"],"acf":[],"yoast_head":"<!-- This site is optimized with the Yoast SEO plugin v23.8 - https:\/\/yoast.com\/wordpress\/plugins\/seo\/ -->\n<title>Puntos de venta tarjetas ATM en Terrassa &#8211; TMESA<\/title>\n<meta name=\"description\" content=\"Puntos venta t\u00edtulos integrados ATM en Terrassa. Oficina de movilidad, taquillas metro, terminales ServiCaixa, m\u00e1quinas de venta autom\u00e1tica de F.G.C...\" \/>\n<meta name=\"robots\" content=\"index, follow, max-snippet:-1, max-image-preview:large, max-video-preview:-1\" \/>\n<link rel=\"canonical\" href=\"https:\/\/tmesa.com\/es\/p\/puntos-venta-tarjetas-terrassa-atm\/\" \/>\n<meta property=\"og:locale\" content=\"es_ES\" \/>\n<meta property=\"og:type\" content=\"article\" \/>\n<meta property=\"og:title\" content=\"Puntos de venta tarjetas ATM en Terrassa &#8211; TMESA\" \/>\n<meta property=\"og:description\" content=\"Puntos venta t\u00edtulos integrados ATM en Terrassa. Oficina de movilidad, taquillas metro, terminales ServiCaixa, m\u00e1quinas de venta autom\u00e1tica de F.G.C...\" \/>\n<meta property=\"og:url\" content=\"https:\/\/tmesa.com\/es\/p\/puntos-venta-tarjetas-terrassa-atm\/\" \/>\n<meta property=\"og:site_name\" content=\"Transports Municipals d\u2019Egara\" \/>\n<meta property=\"article:modified_time\" content=\"2022-07-25T10:00:49+00:00\" \/>\n<meta property=\"og:image\" content=\"https:\/\/tmesa.com\/wp-content\/uploads\/2019\/11\/maquines-expendedores-atm-terrassa-pv1.jpg\" \/>\n\t<meta property=\"og:image:width\" content=\"1140\" \/>\n\t<meta property=\"og:image:height\" content=\"690\" \/>\n\t<meta property=\"og:image:type\" content=\"image\/jpeg\" \/>\n<meta name=\"twitter:card\" content=\"summary_large_image\" \/>\n<meta name=\"twitter:label1\" content=\"Tiempo de lectura\" \/>\n\t<meta name=\"twitter:data1\" content=\"2 minutos\" \/>\n<script type=\"application\/ld+json\" class=\"yoast-schema-graph\">{\"@context\":\"https:\/\/schema.org\",\"@graph\":[{\"@type\":\"WebPage\",\"@id\":\"https:\/\/tmesa.com\/es\/p\/puntos-venta-tarjetas-terrassa-atm\/\",\"url\":\"https:\/\/tmesa.com\/es\/p\/puntos-venta-tarjetas-terrassa-atm\/\",\"name\":\"Puntos de venta tarjetas ATM en Terrassa &#8211; TMESA\",\"isPartOf\":{\"@id\":\"https:\/\/tmesa.com\/es\/#website\"},\"primaryImageOfPage\":{\"@id\":\"https:\/\/tmesa.com\/es\/p\/puntos-venta-tarjetas-terrassa-atm\/#primaryimage\"},\"image\":{\"@id\":\"https:\/\/tmesa.com\/es\/p\/puntos-venta-tarjetas-terrassa-atm\/#primaryimage\"},\"thumbnailUrl\":\"https:\/\/tmesa.com\/wp-content\/uploads\/2019\/11\/maquines-expendedores-atm-terrassa-pv1.jpg\",\"datePublished\":\"2019-11-19T09:27:09+00:00\",\"dateModified\":\"2022-07-25T10:00:49+00:00\",\"description\":\"Puntos venta t\u00edtulos integrados ATM en Terrassa. Oficina de movilidad, taquillas metro, terminales ServiCaixa, m\u00e1quinas de venta autom\u00e1tica de F.G.C...\",\"breadcrumb\":{\"@id\":\"https:\/\/tmesa.com\/es\/p\/puntos-venta-tarjetas-terrassa-atm\/#breadcrumb\"},\"inLanguage\":\"es\",\"potentialAction\":[{\"@type\":\"ReadAction\",\"target\":[\"https:\/\/tmesa.com\/es\/p\/puntos-venta-tarjetas-terrassa-atm\/\"]}]},{\"@type\":\"ImageObject\",\"inLanguage\":\"es\",\"@id\":\"https:\/\/tmesa.com\/es\/p\/puntos-venta-tarjetas-terrassa-atm\/#primaryimage\",\"url\":\"https:\/\/tmesa.com\/wp-content\/uploads\/2019\/11\/maquines-expendedores-atm-terrassa-pv1.jpg\",\"contentUrl\":\"https:\/\/tmesa.com\/wp-content\/uploads\/2019\/11\/maquines-expendedores-atm-terrassa-pv1.jpg\",\"width\":1140,\"height\":690,\"caption\":\"Punts de venda t\u00edtols integrats ATM a Terrassa\"},{\"@type\":\"BreadcrumbList\",\"@id\":\"https:\/\/tmesa.com\/es\/p\/puntos-venta-tarjetas-terrassa-atm\/#breadcrumb\",\"itemListElement\":[{\"@type\":\"ListItem\",\"position\":1,\"name\":\"Inici\",\"item\":\"https:\/\/tmesa.com\/es\/\"},{\"@type\":\"ListItem\",\"position\":2,\"name\":\"Tarifas\",\"item\":\"https:\/\/tmesa.com\/es\/p\/\"},{\"@type\":\"ListItem\",\"position\":3,\"name\":\"Puntos de venta t\u00edtulos integrados ATM\"}]},{\"@type\":\"WebSite\",\"@id\":\"https:\/\/tmesa.com\/es\/#website\",\"url\":\"https:\/\/tmesa.com\/es\/\",\"name\":\"Transports Municipals d\u2019Egara\",\"description\":\"\",\"potentialAction\":[{\"@type\":\"SearchAction\",\"target\":{\"@type\":\"EntryPoint\",\"urlTemplate\":\"https:\/\/tmesa.com\/es\/?s={search_term_string}\"},\"query-input\":{\"@type\":\"PropertyValueSpecification\",\"valueRequired\":true,\"valueName\":\"search_term_string\"}}],\"inLanguage\":\"es\"}]}<\/script>\n<!-- \/ Yoast SEO plugin. -->","yoast_head_json":{"title":"Puntos de venta tarjetas ATM en Terrassa &#8211; TMESA","description":"Puntos venta t\u00edtulos integrados ATM en Terrassa. Oficina de movilidad, taquillas metro, terminales ServiCaixa, m\u00e1quinas de venta autom\u00e1tica de F.G.C...","robots":{"index":"index","follow":"follow","max-snippet":"max-snippet:-1","max-image-preview":"max-image-preview:large","max-video-preview":"max-video-preview:-1"},"canonical":"https:\/\/tmesa.com\/es\/p\/puntos-venta-tarjetas-terrassa-atm\/","og_locale":"es_ES","og_type":"article","og_title":"Puntos de venta tarjetas ATM en Terrassa &#8211; TMESA","og_description":"Puntos venta t\u00edtulos integrados ATM en Terrassa. Oficina de movilidad, taquillas metro, terminales ServiCaixa, m\u00e1quinas de venta autom\u00e1tica de F.G.C...","og_url":"https:\/\/tmesa.com\/es\/p\/puntos-venta-tarjetas-terrassa-atm\/","og_site_name":"Transports Municipals d\u2019Egara","article_modified_time":"2022-07-25T10:00:49+00:00","og_image":[{"width":1140,"height":690,"url":"https:\/\/tmesa.com\/wp-content\/uploads\/2019\/11\/maquines-expendedores-atm-terrassa-pv1.jpg","type":"image\/jpeg"}],"twitter_card":"summary_large_image","twitter_misc":{"Tiempo de lectura":"2 minutos"},"schema":{"@context":"https:\/\/schema.org","@graph":[{"@type":"WebPage","@id":"https:\/\/tmesa.com\/es\/p\/puntos-venta-tarjetas-terrassa-atm\/","url":"https:\/\/tmesa.com\/es\/p\/puntos-venta-tarjetas-terrassa-atm\/","name":"Puntos de venta tarjetas ATM en Terrassa &#8211; TMESA","isPartOf":{"@id":"https:\/\/tmesa.com\/es\/#website"},"primaryImageOfPage":{"@id":"https:\/\/tmesa.com\/es\/p\/puntos-venta-tarjetas-terrassa-atm\/#primaryimage"},"image":{"@id":"https:\/\/tmesa.com\/es\/p\/puntos-venta-tarjetas-terrassa-atm\/#primaryimage"},"thumbnailUrl":"https:\/\/tmesa.com\/wp-content\/uploads\/2019\/11\/maquines-expendedores-atm-terrassa-pv1.jpg","datePublished":"2019-11-19T09:27:09+00:00","dateModified":"2022-07-25T10:00:49+00:00","description":"Puntos venta t\u00edtulos integrados ATM en Terrassa. Oficina de movilidad, taquillas metro, terminales ServiCaixa, m\u00e1quinas de venta autom\u00e1tica de F.G.C...","breadcrumb":{"@id":"https:\/\/tmesa.com\/es\/p\/puntos-venta-tarjetas-terrassa-atm\/#breadcrumb"},"inLanguage":"es","potentialAction":[{"@type":"ReadAction","target":["https:\/\/tmesa.com\/es\/p\/puntos-venta-tarjetas-terrassa-atm\/"]}]},{"@type":"ImageObject","inLanguage":"es","@id":"https:\/\/tmesa.com\/es\/p\/puntos-venta-tarjetas-terrassa-atm\/#primaryimage","url":"https:\/\/tmesa.com\/wp-content\/uploads\/2019\/11\/maquines-expendedores-atm-terrassa-pv1.jpg","contentUrl":"https:\/\/tmesa.com\/wp-content\/uploads\/2019\/11\/maquines-expendedores-atm-terrassa-pv1.jpg","width":1140,"height":690,"caption":"Punts de venda t\u00edtols integrats ATM a Terrassa"},{"@type":"BreadcrumbList","@id":"https:\/\/tmesa.com\/es\/p\/puntos-venta-tarjetas-terrassa-atm\/#breadcrumb","itemListElement":[{"@type":"ListItem","position":1,"name":"Inici","item":"https:\/\/tmesa.com\/es\/"},{"@type":"ListItem","position":2,"name":"Tarifas","item":"https:\/\/tmesa.com\/es\/p\/"},{"@type":"ListItem","position":3,"name":"Puntos de venta t\u00edtulos integrados ATM"}]},{"@type":"WebSite","@id":"https:\/\/tmesa.com\/es\/#website","url":"https:\/\/tmesa.com\/es\/","name":"Transports Municipals d\u2019Egara","description":"","potentialAction":[{"@type":"SearchAction","target":{"@type":"EntryPoint","urlTemplate":"https:\/\/tmesa.com\/es\/?s={search_term_string}"},"query-input":{"@type":"PropertyValueSpecification","valueRequired":true,"valueName":"search_term_string"}}],"inLanguage":"es"}]}},"publishpress_future_workflow_manual_trigger":{"enabledWorkflows":[]},"_links":{"self":[{"href":"https:\/\/tmesa.com\/es\/wp-json\/wp\/v2\/pages\/9754"}],"collection":[{"href":"https:\/\/tmesa.com\/es\/wp-json\/wp\/v2\/pages"}],"about":[{"href":"https:\/\/tmesa.com\/es\/wp-json\/wp\/v2\/types\/page"}],"author":[{"embeddable":true,"href":"https:\/\/tmesa.com\/es\/wp-json\/wp\/v2\/users\/4"}],"replies":[{"embeddable":true,"href":"https:\/\/tmesa.com\/es\/wp-json\/wp\/v2\/comments?post=9754"}],"version-history":[{"count":6,"href":"https:\/\/tmesa.com\/es\/wp-json\/wp\/v2\/pages\/9754\/revisions"}],"predecessor-version":[{"id":9760,"href":"https:\/\/tmesa.com\/es\/wp-json\/wp\/v2\/pages\/9754\/revisions\/9760"}],"up":[{"embeddable":true,"href":"https:\/\/tmesa.com\/es\/wp-json\/wp\/v2\/pages\/9681"}],"wp:featuredmedia":[{"embeddable":true,"href":"https:\/\/tmesa.com\/es\/wp-json\/wp\/v2\/media\/2144"}],"wp:attachment":[{"href":"https:\/\/tmesa.com\/es\/wp-json\/wp\/v2\/media?parent=9754"}],"curies":[{"name":"wp","href":"https:\/\/api.w.org\/{rel}","templated":true}]}}