{"id":9697,"date":"2019-11-18T17:43:51","date_gmt":"2019-11-18T15:43:51","guid":{"rendered":"https:\/\/tmesa.com\/p\/punts-venda-targetes-bus-terrassa-tmesa\/"},"modified":"2025-12-05T12:35:39","modified_gmt":"2025-12-05T11:35:39","slug":"puntos-venta-tarjetas-bus-terrassa-tmesa","status":"publish","type":"page","link":"https:\/\/tmesa.com\/es\/p\/puntos-venta-tarjetas-bus-terrassa-tmesa\/","title":{"rendered":"Puntos de venta t\u00edtulos TMESA"},"content":{"rendered":"<div class=\"wpb-content-wrapper\"><p>[vc_row css_animation=\u00bb\u00bb row_type=\u00bbrow\u00bb use_row_as_full_screen_section=\u00bbno\u00bb type=\u00bbgrid\u00bb angled_section=\u00bbno\u00bb text_align=\u00bbleft\u00bb background_image_as_pattern=\u00bbwithout_pattern\u00bb z_index=\u00bb\u00bb el_id=\u00bbbreadcrumbs\u00bb][vc_column][vc_widget_sidebar sidebar_id=\u00bbBreadcrumbs\u00bb el_class=\u00bbmybreadcrumbs\u00bb][\/vc_column][\/vc_row][vc_row css_animation=\u00bb\u00bb row_type=\u00bbrow\u00bb use_row_as_full_screen_section=\u00bbno\u00bb type=\u00bbgrid\u00bb angled_section=\u00bbno\u00bb text_align=\u00bbleft\u00bb background_image_as_pattern=\u00bbwithout_pattern\u00bb z_index=\u00bb\u00bb el_id=\u00bbpagetitle\u00bb][vc_column][vc_column_text el_class=\u00bbpagetit1&#8243;]<\/p>\n<h1><a title=\"Puntos de venta t\u00edtulos TMESA\" href=\"https:\/\/tmesa.com\/es\/p\/puntos-venta-tarjetas-bus-terrassa-tmesa\/\">Puntos de venta t\u00edtulos TMESA<\/a><\/h1>\n<p>[\/vc_column_text][vc_separator type=\u00bbnormal\u00bb el_class=\u00bbpagelineleft1&#8243; color=\u00bb#5f2167&#8243; thickness=\u00bb4&#8243; up=\u00bb25&#8243; down=\u00bb25&#8243;][\/vc_column][\/vc_row][vc_row css_animation=\u00bb\u00bb row_type=\u00bbrow\u00bb use_row_as_full_screen_section=\u00bbno\u00bb type=\u00bbgrid\u00bb angled_section=\u00bbno\u00bb text_align=\u00bbleft\u00bb background_image_as_pattern=\u00bbwithout_pattern\u00bb z_index=\u00bb\u00bb el_class=\u00bbtarifespunt1&#8243;][vc_column][vc_row_inner row_type=\u00bbrow\u00bb type=\u00bbfull_width\u00bb text_align=\u00bbleft\u00bb css_animation=\u00bb\u00bb css=\u00bb.vc_custom_1574420684472{margin-top: 20px !important;margin-right: 0px !important;margin-bottom: 20px !important;margin-left: 0px !important;padding-top: 0px !important;padding-right: 0px !important;padding-bottom: 0px !important;padding-left: 0px !important;}\u00bb][vc_column_inner el_class=\u00bbwhitebox1&#8243; width=\u00bb1\/2&#8243; css=\u00bb.vc_custom_1574420825801{padding-right: 0px !important;padding-bottom: 5% !important;padding-left: 0px !important;}\u00bb][vc_column_text el_class=\u00bbpagesubtit2 rojotit\u00bb]<\/p>\n<h4>OFICINA DE MOVILIDAD<\/h4>\n<p>[\/vc_column_text][vc_column_text el_class=\u00bbicona0 iconadirec1&#8243;]C. Iscle Soler, 9[\/vc_column_text][vc_column_text el_class=\u00bbicona0 iconamap1&#8243;]<a href=\"https:\/\/goo.gl\/maps\/EbSpxnoTAivwcSLz5\" target=\"_blank\" rel=\"noopener noreferrer\">Visualizar mapa de ubicaci\u00f3n<\/a>[\/vc_column_text][vc_column_text css=\u00bb\u00bb el_class=\u00bbiconahora1&#8243;]<strong>Horario de invierno:<\/strong><br \/>\nSe aplica del 16 de septiembre al 14 de junio (excepto d\u00edas especiales)<br \/>\nDe lunes a viernes de 8:30 a 13:30 h y de 15:30 a 17.45 h[\/vc_column_text][vc_column_text el_class=\u00bbiconahora1&#8243;]<strong>Horario de verano:<\/strong><br \/>\nSe aplicar\u00e1 del 15 de junio al 15 de septiembre<br \/>\nDe lunes a viernes de 8:00 a 15:00 h[\/vc_column_text][vc_column_text css=\u00bb\u00bb el_class=\u00bbiconahora1&#8243;]<strong>Horario de d\u00edas especiales:<\/strong><br \/>\nSemana Santa: 14, 15 y 16 de abril de 8:30 a 13:30 h.<\/p>\n<p>Navidad: 22, 23, 24, 29, 30, 31 de diciembre, 2 y 5 de enero de 8:30 a 13:30h.[\/vc_column_text][\/vc_column_inner][vc_column_inner el_class=\u00bbwhitebox1 whitebox12&#8243; width=\u00bb1\/2&#8243; css=\u00bb.vc_custom_1574154700660{padding-top: 0px !important;padding-right: 0px !important;padding-left: 0px !important;}\u00bb][vc_column_text el_class=\u00bbpagesubtit2 rojotit\u00bb]<\/p>\n<h4>M\u00c1QUINA EXPENEDORA<\/h4>\n<p>[\/vc_column_text][vc_column_text el_class=\u00bbicona0 iconadirec1&#8243;]C. Iscle Soler, 9[\/vc_column_text][vc_column_text el_class=\u00bbicona0 iconamap1&#8243;]<a href=\"https:\/\/goo.gl\/maps\/EbSpxnoTAivwcSLz5\" target=\"_blank\" rel=\"noopener noreferrer\">Visualizar mapa de ubicaci\u00f3n<\/a>[\/vc_column_text][vc_column_text el_class=\u00bbicona0 iconadirec1&#8243;]Pl. Dr. Robert, 5 (davant entrada M\u00fatua)[\/vc_column_text][vc_column_text el_class=\u00bbicona0 iconamap1&#8243;]<a href=\"https:\/\/goo.gl\/maps\/7wZ2tertFpsiT9Mj7\" target=\"_blank\" rel=\"noopener noreferrer\">Visualizar mapa de ubicaci\u00f3n<\/a>[\/vc_column_text][vc_column_text el_class=\u00bbiconahora1&#8243;]Horario: 24 h[\/vc_column_text][vc_empty_space height=\u00bb22px\u00bb][vc_column_text el_class=\u00bbpagesubtit2 rojotit\u00bb]<\/p>\n<h4>ESTANCOS<\/h4>\n<p>[\/vc_column_text][vc_column_text el_class=\u00bbiconahora1&#8243;]De 9 a 13.30 h y de 17 a 20 h<br \/>\nS\u00e1bados ma\u00f1ana abierto[\/vc_column_text][vc_column_text el_class=\u00bbicona0 iconalist1&#8243;]<a href=\"https:\/\/tmesa.com\/es\/p\/venta-tarjetas-bus-terrassa-estancos\/\">Ver listado de estancos<\/a>[\/vc_column_text][\/vc_column_inner][\/vc_row_inner][\/vc_column][\/vc_row][vc_row css_animation=\u00bb\u00bb row_type=\u00bbrow\u00bb use_row_as_full_screen_section=\u00bbno\u00bb type=\u00bbgrid\u00bb angled_section=\u00bbno\u00bb text_align=\u00bbleft\u00bb background_image_as_pattern=\u00bbwithout_pattern\u00bb z_index=\u00bb\u00bb el_class=\u00bbtarifespunt1 amaga\u00bb][vc_column][vc_row_inner row_type=\u00bbrow\u00bb type=\u00bbfull_width\u00bb text_align=\u00bbleft\u00bb css_animation=\u00bb\u00bb css=\u00bb.vc_custom_1574423006426{margin-top: 20px !important;margin-right: 0px !important;margin-bottom: 20px !important;margin-left: 0px !important;padding-top: 0px !important;padding-right: 0px !important;padding-bottom: 0px !important;padding-left: 0px !important;}\u00bb][vc_column_inner el_class=\u00bbwhitebox1&#8243; width=\u00bb1\/2&#8243; css=\u00bb.vc_custom_1572454201041{padding-right: 0px !important;padding-left: 0px !important;}\u00bb][\/vc_column_inner][vc_column_inner el_class=\u00bbwhitebox1 whitebox12&#8243; width=\u00bb1\/2&#8243; css=\u00bb.vc_custom_1572513861269{padding-top: 0px !important;padding-right: 0px !important;padding-left: 0px !important;}\u00bb][vc_column_text el_class=\u00bbpagesubtit2 rojotit\u00bb]<\/p>\n<h4>QUIOSCOS y LIBRER\u00cdAS<\/h4>\n<p>[\/vc_column_text][vc_column_text el_class=\u00bbiconahora1&#8243;]De 8 a 13.30 h y de 17 a 20 h<br \/>\nS\u00e1bados y domingos ma\u00f1ana abierto[\/vc_column_text][vc_column_text el_class=\u00bbicona0 iconalist1&#8243;]<a href=\"https:\/\/tmesa.com\/es\/p\/venta-tarjetas-bus-terrassa-quioscos-librerias\/\">Ver listado de quioscos y librer\u00edas<\/a>[\/vc_column_text][\/vc_column_inner][\/vc_row_inner][\/vc_column][\/vc_row][vc_row css_animation=\u00bb\u00bb row_type=\u00bbrow\u00bb use_row_as_full_screen_section=\u00bbno\u00bb type=\u00bbgrid\u00bb angled_section=\u00bbno\u00bb text_align=\u00bbleft\u00bb background_image_as_pattern=\u00bbwithout_pattern\u00bb z_index=\u00bb\u00bb][vc_column][vc_empty_space height=\u00bb75px\u00bb][\/vc_column][\/vc_row]<\/p>\n<div class=\"social-share-buttons\"><a href=\"https:\/\/www.facebook.com\/sharer\/sharer.php?u=https:\/\/tmesa.com\/es\/p\/puntos-venta-tarjetas-bus-terrassa-tmesa\/\" target=\"_blank\" rel=\"noopener\"><i class=\"fa-brands fa-facebook-f\"><\/i><\/a><a href=\"https:\/\/twitter.com\/intent\/tweet?url=https:\/\/tmesa.com\/es\/p\/puntos-venta-tarjetas-bus-terrassa-tmesa\/&text=Puntos+de+venta+t%C3%ADtulos+TMESA\" target=\"_blank\" rel=\"noopener\"><i class=\"fa-brands fa-twitter\"><\/i><\/a><a href=\"https:\/\/www.linkedin.com\/shareArticle?url=https:\/\/tmesa.com\/es\/p\/puntos-venta-tarjetas-bus-terrassa-tmesa\/&title=Puntos+de+venta+t%C3%ADtulos+TMESA\" target=\"_blank\" rel=\"noopener\"><i class=\"fa-brands fa-linkedin-in\"><\/i><\/a><\/div><\/div>","protected":false},"excerpt":{"rendered":"<p>[vc_row css_animation=\u00bb\u00bb row_type=\u00bbrow\u00bb use_row_as_full_screen_section=\u00bbno\u00bb type=\u00bbgrid\u00bb angled_section=\u00bbno\u00bb text_align=\u00bbleft\u00bb background_image_as_pattern=\u00bbwithout_pattern\u00bb z_index=\u00bb\u00bb el_id=\u00bbbreadcrumbs\u00bb][vc_column][vc_widget_sidebar sidebar_id=\u00bbBreadcrumbs\u00bb el_class=\u00bbmybreadcrumbs\u00bb][\/vc_column][\/vc_row][vc_row css_animation=\u00bb\u00bb row_type=\u00bbrow\u00bb use_row_as_full_screen_section=\u00bbno\u00bb type=\u00bbgrid\u00bb angled_section=\u00bbno\u00bb text_align=\u00bbleft\u00bb background_image_as_pattern=\u00bbwithout_pattern\u00bb z_index=\u00bb\u00bb el_id=\u00bbpagetitle\u00bb][vc_column][vc_column_text el_class=\u00bbpagetit1&#8243;] Puntos de venta t\u00edtulos TMESA [\/vc_column_text][vc_separator type=\u00bbnormal\u00bb el_class=\u00bbpagelineleft1&#8243; color=\u00bb#5f2167&#8243; thickness=\u00bb4&#8243; up=\u00bb25&#8243; down=\u00bb25&#8243;][\/vc_column][\/vc_row][vc_row css_animation=\u00bb\u00bb row_type=\u00bbrow\u00bb use_row_as_full_screen_section=\u00bbno\u00bb type=\u00bbgrid\u00bb angled_section=\u00bbno\u00bb text_align=\u00bbleft\u00bb background_image_as_pattern=\u00bbwithout_pattern\u00bb z_index=\u00bb\u00bb el_class=\u00bbtarifespunt1&#8243;][vc_column][vc_row_inner row_type=\u00bbrow\u00bb type=\u00bbfull_width\u00bb&#8230;<\/p>\n","protected":false},"author":4,"featured_media":1407,"parent":9681,"menu_order":0,"comment_status":"closed","ping_status":"closed","template":"full_width.php","meta":{"_acf_changed":false,"footnotes":"","_wp_rev_ctl_limit":"5"},"class_list":["post-9697","page","type-page","status-publish","has-post-thumbnail","hentry"],"acf":[],"yoast_head":"<!-- This site is optimized with the Yoast SEO plugin v23.8 - https:\/\/yoast.com\/wordpress\/plugins\/seo\/ -->\n<title>Puntos de venta tarjetas de bus en Terrassa &#8211; TMESA<\/title>\n<meta name=\"description\" content=\"Puntos de venta tarjetas de bus TMESA. T\u00edtulos autobuses de Terrassa. Oficina de movilidad, m\u00e1quina expendedora, estancos, quioscos y librer\u00edas.\" \/>\n<meta name=\"robots\" content=\"index, follow, max-snippet:-1, max-image-preview:large, max-video-preview:-1\" \/>\n<link rel=\"canonical\" href=\"https:\/\/tmesa.com\/es\/p\/puntos-venta-tarjetas-bus-terrassa-tmesa\/\" \/>\n<meta property=\"og:locale\" content=\"es_ES\" \/>\n<meta property=\"og:type\" content=\"article\" \/>\n<meta property=\"og:title\" content=\"Puntos de venta tarjetas de bus en Terrassa &#8211; TMESA\" \/>\n<meta property=\"og:description\" content=\"Puntos de venta tarjetas de bus TMESA. T\u00edtulos autobuses de Terrassa. Oficina de movilidad, m\u00e1quina expendedora, estancos, quioscos y librer\u00edas.\" \/>\n<meta property=\"og:url\" content=\"https:\/\/tmesa.com\/es\/p\/puntos-venta-tarjetas-bus-terrassa-tmesa\/\" \/>\n<meta property=\"og:site_name\" content=\"Transports Municipals d\u2019Egara\" \/>\n<meta property=\"article:modified_time\" content=\"2025-12-05T11:35:39+00:00\" \/>\n<meta property=\"og:image\" content=\"https:\/\/tmesa.com\/wp-content\/uploads\/2019\/11\/oficina-mobilitat-bus-terrassa-tmesa-pd1.jpg\" \/>\n\t<meta property=\"og:image:width\" content=\"1140\" \/>\n\t<meta property=\"og:image:height\" content=\"760\" \/>\n\t<meta property=\"og:image:type\" content=\"image\/jpeg\" \/>\n<meta name=\"twitter:card\" content=\"summary_large_image\" \/>\n<meta name=\"twitter:label1\" content=\"Tiempo de lectura\" \/>\n\t<meta name=\"twitter:data1\" content=\"3 minutos\" \/>\n<script type=\"application\/ld+json\" class=\"yoast-schema-graph\">{\"@context\":\"https:\/\/schema.org\",\"@graph\":[{\"@type\":\"WebPage\",\"@id\":\"https:\/\/tmesa.com\/es\/p\/puntos-venta-tarjetas-bus-terrassa-tmesa\/\",\"url\":\"https:\/\/tmesa.com\/es\/p\/puntos-venta-tarjetas-bus-terrassa-tmesa\/\",\"name\":\"Puntos de venta tarjetas de bus en Terrassa &#8211; TMESA\",\"isPartOf\":{\"@id\":\"https:\/\/tmesa.com\/es\/#website\"},\"primaryImageOfPage\":{\"@id\":\"https:\/\/tmesa.com\/es\/p\/puntos-venta-tarjetas-bus-terrassa-tmesa\/#primaryimage\"},\"image\":{\"@id\":\"https:\/\/tmesa.com\/es\/p\/puntos-venta-tarjetas-bus-terrassa-tmesa\/#primaryimage\"},\"thumbnailUrl\":\"https:\/\/tmesa.com\/wp-content\/uploads\/2019\/11\/oficina-mobilitat-bus-terrassa-tmesa-pd1.jpg\",\"datePublished\":\"2019-11-18T15:43:51+00:00\",\"dateModified\":\"2025-12-05T11:35:39+00:00\",\"description\":\"Puntos de venta tarjetas de bus TMESA. T\u00edtulos autobuses de Terrassa. Oficina de movilidad, m\u00e1quina expendedora, estancos, quioscos y librer\u00edas.\",\"breadcrumb\":{\"@id\":\"https:\/\/tmesa.com\/es\/p\/puntos-venta-tarjetas-bus-terrassa-tmesa\/#breadcrumb\"},\"inLanguage\":\"es\",\"potentialAction\":[{\"@type\":\"ReadAction\",\"target\":[\"https:\/\/tmesa.com\/es\/p\/puntos-venta-tarjetas-bus-terrassa-tmesa\/\"]}]},{\"@type\":\"ImageObject\",\"inLanguage\":\"es\",\"@id\":\"https:\/\/tmesa.com\/es\/p\/puntos-venta-tarjetas-bus-terrassa-tmesa\/#primaryimage\",\"url\":\"https:\/\/tmesa.com\/wp-content\/uploads\/2019\/11\/oficina-mobilitat-bus-terrassa-tmesa-pd1.jpg\",\"contentUrl\":\"https:\/\/tmesa.com\/wp-content\/uploads\/2019\/11\/oficina-mobilitat-bus-terrassa-tmesa-pd1.jpg\",\"width\":1140,\"height\":760,\"caption\":\"Oficina de mobilitat TMESA\"},{\"@type\":\"BreadcrumbList\",\"@id\":\"https:\/\/tmesa.com\/es\/p\/puntos-venta-tarjetas-bus-terrassa-tmesa\/#breadcrumb\",\"itemListElement\":[{\"@type\":\"ListItem\",\"position\":1,\"name\":\"Inici\",\"item\":\"https:\/\/tmesa.com\/es\/\"},{\"@type\":\"ListItem\",\"position\":2,\"name\":\"Tarifas\",\"item\":\"https:\/\/tmesa.com\/es\/p\/\"},{\"@type\":\"ListItem\",\"position\":3,\"name\":\"Puntos de venta t\u00edtulos TMESA\"}]},{\"@type\":\"WebSite\",\"@id\":\"https:\/\/tmesa.com\/es\/#website\",\"url\":\"https:\/\/tmesa.com\/es\/\",\"name\":\"Transports Municipals d\u2019Egara\",\"description\":\"\",\"potentialAction\":[{\"@type\":\"SearchAction\",\"target\":{\"@type\":\"EntryPoint\",\"urlTemplate\":\"https:\/\/tmesa.com\/es\/?s={search_term_string}\"},\"query-input\":{\"@type\":\"PropertyValueSpecification\",\"valueRequired\":true,\"valueName\":\"search_term_string\"}}],\"inLanguage\":\"es\"}]}<\/script>\n<!-- \/ Yoast SEO plugin. -->","yoast_head_json":{"title":"Puntos de venta tarjetas de bus en Terrassa &#8211; TMESA","description":"Puntos de venta tarjetas de bus TMESA. T\u00edtulos autobuses de Terrassa. Oficina de movilidad, m\u00e1quina expendedora, estancos, quioscos y librer\u00edas.","robots":{"index":"index","follow":"follow","max-snippet":"max-snippet:-1","max-image-preview":"max-image-preview:large","max-video-preview":"max-video-preview:-1"},"canonical":"https:\/\/tmesa.com\/es\/p\/puntos-venta-tarjetas-bus-terrassa-tmesa\/","og_locale":"es_ES","og_type":"article","og_title":"Puntos de venta tarjetas de bus en Terrassa &#8211; TMESA","og_description":"Puntos de venta tarjetas de bus TMESA. T\u00edtulos autobuses de Terrassa. Oficina de movilidad, m\u00e1quina expendedora, estancos, quioscos y librer\u00edas.","og_url":"https:\/\/tmesa.com\/es\/p\/puntos-venta-tarjetas-bus-terrassa-tmesa\/","og_site_name":"Transports Municipals d\u2019Egara","article_modified_time":"2025-12-05T11:35:39+00:00","og_image":[{"width":1140,"height":760,"url":"https:\/\/tmesa.com\/wp-content\/uploads\/2019\/11\/oficina-mobilitat-bus-terrassa-tmesa-pd1.jpg","type":"image\/jpeg"}],"twitter_card":"summary_large_image","twitter_misc":{"Tiempo de lectura":"3 minutos"},"schema":{"@context":"https:\/\/schema.org","@graph":[{"@type":"WebPage","@id":"https:\/\/tmesa.com\/es\/p\/puntos-venta-tarjetas-bus-terrassa-tmesa\/","url":"https:\/\/tmesa.com\/es\/p\/puntos-venta-tarjetas-bus-terrassa-tmesa\/","name":"Puntos de venta tarjetas de bus en Terrassa &#8211; TMESA","isPartOf":{"@id":"https:\/\/tmesa.com\/es\/#website"},"primaryImageOfPage":{"@id":"https:\/\/tmesa.com\/es\/p\/puntos-venta-tarjetas-bus-terrassa-tmesa\/#primaryimage"},"image":{"@id":"https:\/\/tmesa.com\/es\/p\/puntos-venta-tarjetas-bus-terrassa-tmesa\/#primaryimage"},"thumbnailUrl":"https:\/\/tmesa.com\/wp-content\/uploads\/2019\/11\/oficina-mobilitat-bus-terrassa-tmesa-pd1.jpg","datePublished":"2019-11-18T15:43:51+00:00","dateModified":"2025-12-05T11:35:39+00:00","description":"Puntos de venta tarjetas de bus TMESA. T\u00edtulos autobuses de Terrassa. Oficina de movilidad, m\u00e1quina expendedora, estancos, quioscos y librer\u00edas.","breadcrumb":{"@id":"https:\/\/tmesa.com\/es\/p\/puntos-venta-tarjetas-bus-terrassa-tmesa\/#breadcrumb"},"inLanguage":"es","potentialAction":[{"@type":"ReadAction","target":["https:\/\/tmesa.com\/es\/p\/puntos-venta-tarjetas-bus-terrassa-tmesa\/"]}]},{"@type":"ImageObject","inLanguage":"es","@id":"https:\/\/tmesa.com\/es\/p\/puntos-venta-tarjetas-bus-terrassa-tmesa\/#primaryimage","url":"https:\/\/tmesa.com\/wp-content\/uploads\/2019\/11\/oficina-mobilitat-bus-terrassa-tmesa-pd1.jpg","contentUrl":"https:\/\/tmesa.com\/wp-content\/uploads\/2019\/11\/oficina-mobilitat-bus-terrassa-tmesa-pd1.jpg","width":1140,"height":760,"caption":"Oficina de mobilitat TMESA"},{"@type":"BreadcrumbList","@id":"https:\/\/tmesa.com\/es\/p\/puntos-venta-tarjetas-bus-terrassa-tmesa\/#breadcrumb","itemListElement":[{"@type":"ListItem","position":1,"name":"Inici","item":"https:\/\/tmesa.com\/es\/"},{"@type":"ListItem","position":2,"name":"Tarifas","item":"https:\/\/tmesa.com\/es\/p\/"},{"@type":"ListItem","position":3,"name":"Puntos de venta t\u00edtulos TMESA"}]},{"@type":"WebSite","@id":"https:\/\/tmesa.com\/es\/#website","url":"https:\/\/tmesa.com\/es\/","name":"Transports Municipals d\u2019Egara","description":"","potentialAction":[{"@type":"SearchAction","target":{"@type":"EntryPoint","urlTemplate":"https:\/\/tmesa.com\/es\/?s={search_term_string}"},"query-input":{"@type":"PropertyValueSpecification","valueRequired":true,"valueName":"search_term_string"}}],"inLanguage":"es"}]}},"publishpress_future_workflow_manual_trigger":{"enabledWorkflows":[]},"_links":{"self":[{"href":"https:\/\/tmesa.com\/es\/wp-json\/wp\/v2\/pages\/9697"}],"collection":[{"href":"https:\/\/tmesa.com\/es\/wp-json\/wp\/v2\/pages"}],"about":[{"href":"https:\/\/tmesa.com\/es\/wp-json\/wp\/v2\/types\/page"}],"author":[{"embeddable":true,"href":"https:\/\/tmesa.com\/es\/wp-json\/wp\/v2\/users\/4"}],"replies":[{"embeddable":true,"href":"https:\/\/tmesa.com\/es\/wp-json\/wp\/v2\/comments?post=9697"}],"version-history":[{"count":6,"href":"https:\/\/tmesa.com\/es\/wp-json\/wp\/v2\/pages\/9697\/revisions"}],"predecessor-version":[{"id":33985,"href":"https:\/\/tmesa.com\/es\/wp-json\/wp\/v2\/pages\/9697\/revisions\/33985"}],"up":[{"embeddable":true,"href":"https:\/\/tmesa.com\/es\/wp-json\/wp\/v2\/pages\/9681"}],"wp:featuredmedia":[{"embeddable":true,"href":"https:\/\/tmesa.com\/es\/wp-json\/wp\/v2\/media\/1407"}],"wp:attachment":[{"href":"https:\/\/tmesa.com\/es\/wp-json\/wp\/v2\/media?parent=9697"}],"curies":[{"name":"wp","href":"https:\/\/api.w.org\/{rel}","templated":true}]}}