{"id":9292,"date":"2019-10-31T09:46:42","date_gmt":"2019-10-31T07:46:42","guid":{"rendered":"https:\/\/tmesa.com\/a\/punts-informacio-atencio-tmesa-bus-terrassa\/"},"modified":"2026-03-26T16:29:39","modified_gmt":"2026-03-26T15:29:39","slug":"puntos-informacion-atencion-tmesa-bus-terrassa","status":"publish","type":"page","link":"https:\/\/tmesa.com\/es\/a\/puntos-informacion-atencion-tmesa-bus-terrassa\/","title":{"rendered":"Puntos de informaci\u00f3n y atenci\u00f3n de TMESA"},"content":{"rendered":"<div class=\"wpb-content-wrapper\"><p>[vc_row css_animation=\u00bb\u00bb row_type=\u00bbrow\u00bb use_row_as_full_screen_section=\u00bbno\u00bb type=\u00bbgrid\u00bb angled_section=\u00bbno\u00bb text_align=\u00bbleft\u00bb background_image_as_pattern=\u00bbwithout_pattern\u00bb z_index=\u00bb\u00bb el_id=\u00bbbreadcrumbs\u00bb][vc_column][vc_widget_sidebar sidebar_id=\u00bbBreadcrumbs\u00bb el_class=\u00bbmybreadcrumbs\u00bb][\/vc_column][\/vc_row][vc_row css_animation=\u00bb\u00bb row_type=\u00bbrow\u00bb use_row_as_full_screen_section=\u00bbno\u00bb type=\u00bbgrid\u00bb angled_section=\u00bbno\u00bb text_align=\u00bbleft\u00bb background_image_as_pattern=\u00bbwithout_pattern\u00bb z_index=\u00bb\u00bb el_id=\u00bbpagetitle\u00bb][vc_column][vc_column_text el_class=\u00bbpagetit1&#8243;]<\/p>\n<h1><a title=\"Puntos de informaci\u00f3n y atenci\u00f3n de TMESA\" href=\"https:\/\/tmesa.com\/es\/a\/puntos-informacion-atencion-tmesa-bus-terrassa\/\">Puntos de informaci\u00f3n y atenci\u00f3n de TMESA<\/a><\/h1>\n<p>[\/vc_column_text][vc_separator type=\u00bbnormal\u00bb el_class=\u00bbpagelineleft1&#8243; color=\u00bb#5f2167&#8243; thickness=\u00bb4&#8243; up=\u00bb25&#8243; down=\u00bb25&#8243;][\/vc_column][\/vc_row][vc_row css_animation=\u00bb\u00bb row_type=\u00bbrow\u00bb use_row_as_full_screen_section=\u00bbno\u00bb type=\u00bbgrid\u00bb angled_section=\u00bbno\u00bb text_align=\u00bbleft\u00bb background_image_as_pattern=\u00bbwithout_pattern\u00bb z_index=\u00bb\u00bb el_id=\u00bbpagecontent\u00bb][vc_column width=\u00bb1\/2&#8243;][vc_column_text el_class=\u00bbpagesubtit1&#8243;]<\/p>\n<h2>Respondemos a cualquier duda que tengas sobre tus desplazamientos en transporte p\u00fablico, mediante los canales de informaci\u00f3n y de atenci\u00f3n al ciudadano siguientes:<\/h2>\n<p>[\/vc_column_text][\/vc_column][vc_column width=\u00bb1\/2&#8243; css=\u00bb.vc_custom_1572454286460{padding-left: 20px !important;}\u00bb][\/vc_column][\/vc_row][vc_row css_animation=\u00bb\u00bb row_type=\u00bbrow\u00bb use_row_as_full_screen_section=\u00bbno\u00bb type=\u00bbgrid\u00bb angled_section=\u00bbno\u00bb text_align=\u00bbleft\u00bb background_image_as_pattern=\u00bbwithout_pattern\u00bb z_index=\u00bb\u00bb][vc_column][vc_empty_space height=\u00bb10px\u00bb][\/vc_column][\/vc_row][vc_row css_animation=\u00bb\u00bb row_type=\u00bbrow\u00bb use_row_as_full_screen_section=\u00bbno\u00bb type=\u00bbgrid\u00bb angled_section=\u00bbno\u00bb text_align=\u00bbleft\u00bb background_image_as_pattern=\u00bbwithout_pattern\u00bb z_index=\u00bb\u00bb css=\u00bb.vc_custom_1574409609558{margin-top: 20px !important;}\u00bb][vc_column width=\u00bb1\/2&#8243;][vc_row_inner row_type=\u00bbrow\u00bb type=\u00bbfull_width\u00bb text_align=\u00bbleft\u00bb css_animation=\u00bb\u00bb css=\u00bb.vc_custom_1574410296746{padding-right: 10px !important;padding-left: 15px !important;}\u00bb][vc_column_inner css=\u00bb.vc_custom_1574409860765{padding-top: 40px !important;padding-right: 40px !important;padding-bottom: 40px !important;padding-left: 40px !important;background-color: #ffffff !important;}\u00bb][vc_column_text el_class=\u00bbpagesubtit2 rojotit\u00bb]<\/p>\n<h4>Personalmente:<\/h4>\n<p>[\/vc_column_text][vc_column_text el_class=\u00bbicona0 iconaofi1&#8243;]<strong>Oficina de movilidad de Terrassa<\/strong>[\/vc_column_text][vc_column_text el_class=\u00bbicona0 iconadirec1&#8243;]C. Iscle Soler, 9[\/vc_column_text][vc_column_text el_class=\u00bbicona0 iconamap1&#8243;]<a href=\"https:\/\/goo.gl\/maps\/EbSpxnoTAivwcSLz5\" target=\"_blank\" rel=\"noopener noreferrer\">Visualizar mapa de ubicaci\u00f3n<\/a>[\/vc_column_text][vc_column_text css=\u00bb\u00bb el_class=\u00bbiconahora1&#8243;]<strong>Horario de invierno:<\/strong><br \/>\nSe aplica del 16 de septiembre al 14 de junio (excepto d\u00edas especiales)<br \/>\nDe lunes a viernes de 8:30 a 13:30 h y de 15:30 a 17.45 h[\/vc_column_text][vc_column_text el_class=\u00bbiconahora1&#8243;]<strong>Horario de verano:<\/strong><br \/>\nSe aplicar\u00e1 del 15 de junio al 15 de septiembre<br \/>\nDe lunes a viernes de 8:00 a 15:00 h[\/vc_column_text][vc_column_text css=\u00bb\u00bb el_class=\u00bbiconahora1&#8243;]<strong>Horario de d\u00edas especiales:<\/strong><br \/>\nSemana Santa: 30 y 31 de marzo y 1 de abril de 8:30 a 13:30h.<\/p>\n<p>Navidad: 22, 23, 24, 29, 30 i 31 de diciembre, 2 y 5 de enero de 8:30 a 13:30 h.[\/vc_column_text][vc_column_text css=\u00bb\u00bb el_class=\u00bbsquareul1 hiddenrow\u00bb]<\/p>\n<ul>\n<li>Sol\u00b7licitar informaci\u00f3 sobre el servei d\u2019autobusos de Terrassa (TMESA).<\/li>\n<li>Comprar les targetes i els abonaments.<\/li>\n<li>Trobar objectes que hagis perdut.<\/li>\n<li>Fer-nos suggeriments, presentar queixes o reclamacions.<\/li>\n<li>Efectuar gestions relatives a la tramitaci\u00f3 de la T-16.<\/li>\n<li>Tramitaci\u00f3 de la T-Mes bonificada (per a persones en situaci\u00f3 d\u2019atur)<\/li>\n<\/ul>\n<p>[\/vc_column_text][\/vc_column_inner][\/vc_row_inner][vc_row_inner row_type=\u00bbrow\u00bb type=\u00bbfull_width\u00bb text_align=\u00bbleft\u00bb css_animation=\u00bb\u00bb css=\u00bb.vc_custom_1575540733401{margin-top: 20px !important;padding-right: 10px !important;padding-left: 15px !important;}\u00bb][vc_column_inner css=\u00bb.vc_custom_1574409860765{padding-top: 40px !important;padding-right: 40px !important;padding-bottom: 40px !important;padding-left: 40px !important;background-color: #ffffff !important;}\u00bb][vc_column_text el_class=\u00bbpagesubtit2 rojotit\u00bb]<\/p>\n<h4>La parada de autob\u00fas:<\/h4>\n<p>[\/vc_column_text][vc_column_text el_class=\u00bbicona0 iconabus1&#8243;]En cualquier parada de una l\u00ednea, encontrar\u00e1s la informaci\u00f3n del horario de paso del bus, las tarifas, objetos perdidos, etc.[\/vc_column_text][\/vc_column_inner][\/vc_row_inner][vc_empty_space height=\u00bb20px\u00bb][\/vc_column][vc_column width=\u00bb1\/2&#8243;][vc_row_inner row_type=\u00bbrow\u00bb type=\u00bbfull_width\u00bb text_align=\u00bbleft\u00bb css_animation=\u00bb\u00bb css=\u00bb.vc_custom_1574410719077{padding-right: 15px !important;padding-left: 10px !important;}\u00bb][vc_column_inner css=\u00bb.vc_custom_1574409072439{padding-top: 40px !important;padding-right: 40px !important;padding-bottom: 40px !important;padding-left: 40px !important;background-color: #ffffff !important;}\u00bb][vc_column_text el_class=\u00bbpagesubtit2 rojotit\u00bb]<\/p>\n<h4>Des de la Web\/App:<\/h4>\n<p>[\/vc_column_text][vc_column_text el_class=\u00bbicona0 iconamouse1&#8243;]Podr\u00e1s encontrar informaci\u00f3n de los horarios, tarifas, planos de las l\u00edneas, cursar reclamaciones y sugerencias, etc.[\/vc_column_text][\/vc_column_inner][\/vc_row_inner][vc_row_inner row_type=\u00bbrow\u00bb type=\u00bbfull_width\u00bb text_align=\u00bbleft\u00bb css_animation=\u00bb\u00bb css=\u00bb.vc_custom_1574410725549{margin-top: 20px !important;padding-right: 15px !important;padding-left: 10px !important;}\u00bb][vc_column_inner css=\u00bb.vc_custom_1616663454765{padding-top: 40px !important;padding-right: 40px !important;padding-bottom: 7% !important;padding-left: 40px !important;background-color: #ffffff !important;}\u00bb][vc_column_text el_class=\u00bbpagesubtit2 rojotit\u00bb]<\/p>\n<h4>Tel\u00e9fono:<\/h4>\n<p>[\/vc_column_text][vc_column_text el_class=\u00bbicona0 iconaphone1&#8243;]<a href=\"tel:937311762\">93 731 17 62<\/a> \u2013 Oficinas Centrales de TMESA[\/vc_column_text][vc_column_text css=\u00bb\u00bb el_class=\u00bbiconahora1&#8243;]De lunes a jueves de 8.15 a 13.30h y de 15.15 a 18h.<br \/>\nViernes\u00a0 y v\u00edsperas de festivos de 8 a 14h.[\/vc_column_text][vc_column_text el_class=\u00bbicona0 iconainfo1&#8243;]010 \u2013 Informaci\u00f3n desde el Ayuntamiento de Terrassa[\/vc_column_text][\/vc_column_inner][\/vc_row_inner][\/vc_column][\/vc_row][vc_row css_animation=\u00bb\u00bb row_type=\u00bbrow\u00bb use_row_as_full_screen_section=\u00bbno\u00bb type=\u00bbgrid\u00bb angled_section=\u00bbno\u00bb text_align=\u00bbleft\u00bb background_image_as_pattern=\u00bbwithout_pattern\u00bb z_index=\u00bb\u00bb][vc_column][vc_row_inner row_type=\u00bbrow\u00bb type=\u00bbfull_width\u00bb text_align=\u00bbleft\u00bb css_animation=\u00bb\u00bb css=\u00bb.vc_custom_1574411056364{margin-top: 50px !important;margin-right: 0px !important;margin-bottom: 20px !important;margin-left: 0px !important;padding-top: 0px !important;padding-right: 0px !important;padding-bottom: 0px !important;padding-left: 0px !important;}\u00bb][vc_column_inner css=\u00bb.vc_custom_1574410515531{padding-right: 0px !important;padding-left: 0px !important;}\u00bb][vc_column_text el_class=\u00bbpagesubtit2&#8243;]<\/p>\n<h4>Contacto con la empresa gestora del servicio:<\/h4>\n<p>[\/vc_column_text][vc_column_text]TRANSPORTS MUNICIPALS D\u2019EGARA S.A.<br \/>\nCIF: A-58877572<br \/>\nNacional 150, km 15 &#8211; 08227 Terrassa<br \/>\n<a href=\"tel:937311762\">93 731 17 62<\/a> &#8211; <a href=\"&#x6d;a&#x69;&#108;&#x74;&#x6f;:&#x74;&#109;&#x65;&#x73;a&#x40;&#116;&#x6d;&#x65;s&#x61;&#46;&#x63;&#x6f;m\" target=\"_blank\" rel=\"noopener noreferrer\">&#116;&#x6d;&#101;&#x73;&#97;&#x40;t&#x6d;e&#x73;a&#46;&#x63;&#111;&#x6d;<\/a>[\/vc_column_text][\/vc_column_inner][\/vc_row_inner][\/vc_column][\/vc_row][vc_row css_animation=\u00bb\u00bb row_type=\u00bbrow\u00bb use_row_as_full_screen_section=\u00bbno\u00bb type=\u00bbgrid\u00bb angled_section=\u00bbno\u00bb text_align=\u00bbleft\u00bb background_image_as_pattern=\u00bbwithout_pattern\u00bb z_index=\u00bb\u00bb][vc_column][vc_empty_space height=\u00bb75px\u00bb][\/vc_column][\/vc_row]<\/p>\n<div class=\"social-share-buttons\"><a href=\"https:\/\/www.facebook.com\/sharer\/sharer.php?u=https:\/\/tmesa.com\/es\/a\/puntos-informacion-atencion-tmesa-bus-terrassa\/\" target=\"_blank\" rel=\"noopener\"><i class=\"fa-brands fa-facebook-f\"><\/i><\/a><a href=\"https:\/\/twitter.com\/intent\/tweet?url=https:\/\/tmesa.com\/es\/a\/puntos-informacion-atencion-tmesa-bus-terrassa\/&text=Puntos+de+informaci%C3%B3n+y+atenci%C3%B3n+de+TMESA\" target=\"_blank\" rel=\"noopener\"><i class=\"fa-brands fa-twitter\"><\/i><\/a><a href=\"https:\/\/www.linkedin.com\/shareArticle?url=https:\/\/tmesa.com\/es\/a\/puntos-informacion-atencion-tmesa-bus-terrassa\/&title=Puntos+de+informaci%C3%B3n+y+atenci%C3%B3n+de+TMESA\" target=\"_blank\" rel=\"noopener\"><i class=\"fa-brands fa-linkedin-in\"><\/i><\/a><\/div><\/div>","protected":false},"excerpt":{"rendered":"<p>[vc_row css_animation=\u00bb\u00bb row_type=\u00bbrow\u00bb use_row_as_full_screen_section=\u00bbno\u00bb type=\u00bbgrid\u00bb angled_section=\u00bbno\u00bb text_align=\u00bbleft\u00bb background_image_as_pattern=\u00bbwithout_pattern\u00bb z_index=\u00bb\u00bb el_id=\u00bbbreadcrumbs\u00bb][vc_column][vc_widget_sidebar sidebar_id=\u00bbBreadcrumbs\u00bb el_class=\u00bbmybreadcrumbs\u00bb][\/vc_column][\/vc_row][vc_row css_animation=\u00bb\u00bb row_type=\u00bbrow\u00bb use_row_as_full_screen_section=\u00bbno\u00bb type=\u00bbgrid\u00bb angled_section=\u00bbno\u00bb text_align=\u00bbleft\u00bb background_image_as_pattern=\u00bbwithout_pattern\u00bb z_index=\u00bb\u00bb el_id=\u00bbpagetitle\u00bb][vc_column][vc_column_text el_class=\u00bbpagetit1&#8243;] Puntos de informaci\u00f3n y atenci\u00f3n de TMESA [\/vc_column_text][vc_separator type=\u00bbnormal\u00bb el_class=\u00bbpagelineleft1&#8243; color=\u00bb#5f2167&#8243; thickness=\u00bb4&#8243; up=\u00bb25&#8243; down=\u00bb25&#8243;][\/vc_column][\/vc_row][vc_row css_animation=\u00bb\u00bb row_type=\u00bbrow\u00bb use_row_as_full_screen_section=\u00bbno\u00bb type=\u00bbgrid\u00bb angled_section=\u00bbno\u00bb text_align=\u00bbleft\u00bb background_image_as_pattern=\u00bbwithout_pattern\u00bb z_index=\u00bb\u00bb el_id=\u00bbpagecontent\u00bb][vc_column&#8230;<\/p>\n","protected":false},"author":4,"featured_media":1407,"parent":9288,"menu_order":0,"comment_status":"closed","ping_status":"closed","template":"full_width.php","meta":{"_acf_changed":false,"footnotes":"","_wp_rev_ctl_limit":"5"},"class_list":["post-9292","page","type-page","status-publish","has-post-thumbnail","hentry"],"acf":[],"yoast_head":"<!-- This site is optimized with the Yoast SEO plugin v23.8 - https:\/\/yoast.com\/wordpress\/plugins\/seo\/ -->\n<title>Puntos de informaci\u00f3n TMESA &#8211; Transports Municipals Egara<\/title>\n<meta name=\"description\" content=\"Puntos de informaci\u00f3n y atenci\u00f3n de TMESA. Autobuses de Terrassa. Respondemos a cualquier duda sobre tus desplazamientos en transporte p\u00fablico.\" \/>\n<meta name=\"robots\" content=\"index, follow, max-snippet:-1, max-image-preview:large, max-video-preview:-1\" \/>\n<link rel=\"canonical\" href=\"https:\/\/tmesa.com\/es\/a\/puntos-informacion-atencion-tmesa-bus-terrassa\/\" \/>\n<meta property=\"og:locale\" content=\"es_ES\" \/>\n<meta property=\"og:type\" content=\"article\" \/>\n<meta property=\"og:title\" content=\"Puntos de informaci\u00f3n TMESA &#8211; Transports Municipals Egara\" \/>\n<meta property=\"og:description\" content=\"Puntos de informaci\u00f3n y atenci\u00f3n de TMESA. Autobuses de Terrassa. Respondemos a cualquier duda sobre tus desplazamientos en transporte p\u00fablico.\" \/>\n<meta property=\"og:url\" content=\"https:\/\/tmesa.com\/es\/a\/puntos-informacion-atencion-tmesa-bus-terrassa\/\" \/>\n<meta property=\"og:site_name\" content=\"Transports Municipals d\u2019Egara\" \/>\n<meta property=\"article:modified_time\" content=\"2026-03-26T15:29:39+00:00\" \/>\n<meta property=\"og:image\" content=\"https:\/\/tmesa.com\/wp-content\/uploads\/2019\/11\/oficina-mobilitat-bus-terrassa-tmesa-pd1.jpg\" \/>\n\t<meta property=\"og:image:width\" content=\"1140\" \/>\n\t<meta property=\"og:image:height\" content=\"760\" \/>\n\t<meta property=\"og:image:type\" content=\"image\/jpeg\" \/>\n<meta name=\"twitter:card\" content=\"summary_large_image\" \/>\n<meta name=\"twitter:label1\" content=\"Tiempo de lectura\" \/>\n\t<meta name=\"twitter:data1\" content=\"3 minutos\" \/>\n<script type=\"application\/ld+json\" class=\"yoast-schema-graph\">{\"@context\":\"https:\/\/schema.org\",\"@graph\":[{\"@type\":\"WebPage\",\"@id\":\"https:\/\/tmesa.com\/es\/a\/puntos-informacion-atencion-tmesa-bus-terrassa\/\",\"url\":\"https:\/\/tmesa.com\/es\/a\/puntos-informacion-atencion-tmesa-bus-terrassa\/\",\"name\":\"Puntos de informaci\u00f3n TMESA &#8211; Transports Municipals Egara\",\"isPartOf\":{\"@id\":\"https:\/\/tmesa.com\/es\/#website\"},\"primaryImageOfPage\":{\"@id\":\"https:\/\/tmesa.com\/es\/a\/puntos-informacion-atencion-tmesa-bus-terrassa\/#primaryimage\"},\"image\":{\"@id\":\"https:\/\/tmesa.com\/es\/a\/puntos-informacion-atencion-tmesa-bus-terrassa\/#primaryimage\"},\"thumbnailUrl\":\"https:\/\/tmesa.com\/wp-content\/uploads\/2019\/11\/oficina-mobilitat-bus-terrassa-tmesa-pd1.jpg\",\"datePublished\":\"2019-10-31T07:46:42+00:00\",\"dateModified\":\"2026-03-26T15:29:39+00:00\",\"description\":\"Puntos de informaci\u00f3n y atenci\u00f3n de TMESA. Autobuses de Terrassa. Respondemos a cualquier duda sobre tus desplazamientos en transporte p\u00fablico.\",\"breadcrumb\":{\"@id\":\"https:\/\/tmesa.com\/es\/a\/puntos-informacion-atencion-tmesa-bus-terrassa\/#breadcrumb\"},\"inLanguage\":\"es\",\"potentialAction\":[{\"@type\":\"ReadAction\",\"target\":[\"https:\/\/tmesa.com\/es\/a\/puntos-informacion-atencion-tmesa-bus-terrassa\/\"]}]},{\"@type\":\"ImageObject\",\"inLanguage\":\"es\",\"@id\":\"https:\/\/tmesa.com\/es\/a\/puntos-informacion-atencion-tmesa-bus-terrassa\/#primaryimage\",\"url\":\"https:\/\/tmesa.com\/wp-content\/uploads\/2019\/11\/oficina-mobilitat-bus-terrassa-tmesa-pd1.jpg\",\"contentUrl\":\"https:\/\/tmesa.com\/wp-content\/uploads\/2019\/11\/oficina-mobilitat-bus-terrassa-tmesa-pd1.jpg\",\"width\":1140,\"height\":760,\"caption\":\"Oficina de mobilitat TMESA\"},{\"@type\":\"BreadcrumbList\",\"@id\":\"https:\/\/tmesa.com\/es\/a\/puntos-informacion-atencion-tmesa-bus-terrassa\/#breadcrumb\",\"itemListElement\":[{\"@type\":\"ListItem\",\"position\":1,\"name\":\"Inici\",\"item\":\"https:\/\/tmesa.com\/es\/\"},{\"@type\":\"ListItem\",\"position\":2,\"name\":\"Atenci\u00f3n al cliente\",\"item\":\"https:\/\/tmesa.com\/es\/a\/\"},{\"@type\":\"ListItem\",\"position\":3,\"name\":\"Puntos de informaci\u00f3n y atenci\u00f3n de TMESA\"}]},{\"@type\":\"WebSite\",\"@id\":\"https:\/\/tmesa.com\/es\/#website\",\"url\":\"https:\/\/tmesa.com\/es\/\",\"name\":\"Transports Municipals d\u2019Egara\",\"description\":\"\",\"potentialAction\":[{\"@type\":\"SearchAction\",\"target\":{\"@type\":\"EntryPoint\",\"urlTemplate\":\"https:\/\/tmesa.com\/es\/?s={search_term_string}\"},\"query-input\":{\"@type\":\"PropertyValueSpecification\",\"valueRequired\":true,\"valueName\":\"search_term_string\"}}],\"inLanguage\":\"es\"}]}<\/script>\n<!-- \/ Yoast SEO plugin. -->","yoast_head_json":{"title":"Puntos de informaci\u00f3n TMESA &#8211; Transports Municipals Egara","description":"Puntos de informaci\u00f3n y atenci\u00f3n de TMESA. Autobuses de Terrassa. Respondemos a cualquier duda sobre tus desplazamientos en transporte p\u00fablico.","robots":{"index":"index","follow":"follow","max-snippet":"max-snippet:-1","max-image-preview":"max-image-preview:large","max-video-preview":"max-video-preview:-1"},"canonical":"https:\/\/tmesa.com\/es\/a\/puntos-informacion-atencion-tmesa-bus-terrassa\/","og_locale":"es_ES","og_type":"article","og_title":"Puntos de informaci\u00f3n TMESA &#8211; Transports Municipals Egara","og_description":"Puntos de informaci\u00f3n y atenci\u00f3n de TMESA. Autobuses de Terrassa. Respondemos a cualquier duda sobre tus desplazamientos en transporte p\u00fablico.","og_url":"https:\/\/tmesa.com\/es\/a\/puntos-informacion-atencion-tmesa-bus-terrassa\/","og_site_name":"Transports Municipals d\u2019Egara","article_modified_time":"2026-03-26T15:29:39+00:00","og_image":[{"width":1140,"height":760,"url":"https:\/\/tmesa.com\/wp-content\/uploads\/2019\/11\/oficina-mobilitat-bus-terrassa-tmesa-pd1.jpg","type":"image\/jpeg"}],"twitter_card":"summary_large_image","twitter_misc":{"Tiempo de lectura":"3 minutos"},"schema":{"@context":"https:\/\/schema.org","@graph":[{"@type":"WebPage","@id":"https:\/\/tmesa.com\/es\/a\/puntos-informacion-atencion-tmesa-bus-terrassa\/","url":"https:\/\/tmesa.com\/es\/a\/puntos-informacion-atencion-tmesa-bus-terrassa\/","name":"Puntos de informaci\u00f3n TMESA &#8211; Transports Municipals Egara","isPartOf":{"@id":"https:\/\/tmesa.com\/es\/#website"},"primaryImageOfPage":{"@id":"https:\/\/tmesa.com\/es\/a\/puntos-informacion-atencion-tmesa-bus-terrassa\/#primaryimage"},"image":{"@id":"https:\/\/tmesa.com\/es\/a\/puntos-informacion-atencion-tmesa-bus-terrassa\/#primaryimage"},"thumbnailUrl":"https:\/\/tmesa.com\/wp-content\/uploads\/2019\/11\/oficina-mobilitat-bus-terrassa-tmesa-pd1.jpg","datePublished":"2019-10-31T07:46:42+00:00","dateModified":"2026-03-26T15:29:39+00:00","description":"Puntos de informaci\u00f3n y atenci\u00f3n de TMESA. Autobuses de Terrassa. Respondemos a cualquier duda sobre tus desplazamientos en transporte p\u00fablico.","breadcrumb":{"@id":"https:\/\/tmesa.com\/es\/a\/puntos-informacion-atencion-tmesa-bus-terrassa\/#breadcrumb"},"inLanguage":"es","potentialAction":[{"@type":"ReadAction","target":["https:\/\/tmesa.com\/es\/a\/puntos-informacion-atencion-tmesa-bus-terrassa\/"]}]},{"@type":"ImageObject","inLanguage":"es","@id":"https:\/\/tmesa.com\/es\/a\/puntos-informacion-atencion-tmesa-bus-terrassa\/#primaryimage","url":"https:\/\/tmesa.com\/wp-content\/uploads\/2019\/11\/oficina-mobilitat-bus-terrassa-tmesa-pd1.jpg","contentUrl":"https:\/\/tmesa.com\/wp-content\/uploads\/2019\/11\/oficina-mobilitat-bus-terrassa-tmesa-pd1.jpg","width":1140,"height":760,"caption":"Oficina de mobilitat TMESA"},{"@type":"BreadcrumbList","@id":"https:\/\/tmesa.com\/es\/a\/puntos-informacion-atencion-tmesa-bus-terrassa\/#breadcrumb","itemListElement":[{"@type":"ListItem","position":1,"name":"Inici","item":"https:\/\/tmesa.com\/es\/"},{"@type":"ListItem","position":2,"name":"Atenci\u00f3n al cliente","item":"https:\/\/tmesa.com\/es\/a\/"},{"@type":"ListItem","position":3,"name":"Puntos de informaci\u00f3n y atenci\u00f3n de TMESA"}]},{"@type":"WebSite","@id":"https:\/\/tmesa.com\/es\/#website","url":"https:\/\/tmesa.com\/es\/","name":"Transports Municipals d\u2019Egara","description":"","potentialAction":[{"@type":"SearchAction","target":{"@type":"EntryPoint","urlTemplate":"https:\/\/tmesa.com\/es\/?s={search_term_string}"},"query-input":{"@type":"PropertyValueSpecification","valueRequired":true,"valueName":"search_term_string"}}],"inLanguage":"es"}]}},"publishpress_future_workflow_manual_trigger":{"enabledWorkflows":[]},"_links":{"self":[{"href":"https:\/\/tmesa.com\/es\/wp-json\/wp\/v2\/pages\/9292"}],"collection":[{"href":"https:\/\/tmesa.com\/es\/wp-json\/wp\/v2\/pages"}],"about":[{"href":"https:\/\/tmesa.com\/es\/wp-json\/wp\/v2\/types\/page"}],"author":[{"embeddable":true,"href":"https:\/\/tmesa.com\/es\/wp-json\/wp\/v2\/users\/4"}],"replies":[{"embeddable":true,"href":"https:\/\/tmesa.com\/es\/wp-json\/wp\/v2\/comments?post=9292"}],"version-history":[{"count":5,"href":"https:\/\/tmesa.com\/es\/wp-json\/wp\/v2\/pages\/9292\/revisions"}],"predecessor-version":[{"id":27077,"href":"https:\/\/tmesa.com\/es\/wp-json\/wp\/v2\/pages\/9292\/revisions\/27077"}],"up":[{"embeddable":true,"href":"https:\/\/tmesa.com\/es\/wp-json\/wp\/v2\/pages\/9288"}],"wp:featuredmedia":[{"embeddable":true,"href":"https:\/\/tmesa.com\/es\/wp-json\/wp\/v2\/media\/1407"}],"wp:attachment":[{"href":"https:\/\/tmesa.com\/es\/wp-json\/wp\/v2\/media?parent=9292"}],"curies":[{"name":"wp","href":"https:\/\/api.w.org\/{rel}","templated":true}]}}