{"id":9250,"date":"2019-11-19T13:57:41","date_gmt":"2019-11-19T11:57:41","guid":{"rendered":"https:\/\/tmesa.com\/s\/descarregar-app-bus-terrassa-tmesa\/"},"modified":"2022-07-25T11:50:33","modified_gmt":"2022-07-25T09:50:33","slug":"descargar-app-bus-terrassa-tmesa","status":"publish","type":"page","link":"https:\/\/tmesa.com\/es\/s\/descargar-app-bus-terrassa-tmesa\/","title":{"rendered":"Desc\u00e1rgate la APP"},"content":{"rendered":"<div class=\"wpb-content-wrapper\"><p>[vc_row css_animation=\u00bb\u00bb row_type=\u00bbrow\u00bb use_row_as_full_screen_section=\u00bbno\u00bb type=\u00bbgrid\u00bb angled_section=\u00bbno\u00bb text_align=\u00bbleft\u00bb background_image_as_pattern=\u00bbwithout_pattern\u00bb z_index=\u00bb\u00bb el_id=\u00bbbreadcrumbs\u00bb][vc_column][vc_widget_sidebar sidebar_id=\u00bbBreadcrumbs\u00bb el_class=\u00bbmybreadcrumbs\u00bb][\/vc_column][\/vc_row][vc_row css_animation=\u00bb\u00bb row_type=\u00bbrow\u00bb use_row_as_full_screen_section=\u00bbno\u00bb type=\u00bbgrid\u00bb angled_section=\u00bbno\u00bb text_align=\u00bbleft\u00bb background_image_as_pattern=\u00bbwithout_pattern\u00bb z_index=\u00bb\u00bb el_id=\u00bbpagetitle\u00bb][vc_column][vc_column_text el_class=\u00bbpagetit1&#8243;]<\/p>\n<h1><a title=\"Desc\u00e1rgate la APP de TMESA\" href=\"https:\/\/tmesa.com\/es\/s\/descargar-app-bus-terrassa-tmesa\/\">Toda la informaci\u00f3n en tiempo real<\/a><\/h1>\n<p>[\/vc_column_text][vc_separator type=\u00bbnormal\u00bb el_class=\u00bbpagelineleft1&#8243; color=\u00bb#5f2167&#8243; thickness=\u00bb4&#8243; up=\u00bb25&#8243; down=\u00bb25&#8243;][\/vc_column][\/vc_row][vc_row css_animation=\u00bb\u00bb row_type=\u00bbrow\u00bb use_row_as_full_screen_section=\u00bbno\u00bb type=\u00bbgrid\u00bb angled_section=\u00bbno\u00bb text_align=\u00bbleft\u00bb background_image_as_pattern=\u00bbwithout_pattern\u00bb z_index=\u00bb\u00bb][vc_column][vc_row_inner row_type=\u00bbrow\u00bb type=\u00bbfull_width\u00bb text_align=\u00bbleft\u00bb css_animation=\u00bb\u00bb css=\u00bb.vc_custom_1574161638588{margin-top: 20px !important;margin-right: 0px !important;margin-bottom: 20px !important;margin-left: 0px !important;padding-top: 0px !important;padding-right: 0px !important;padding-bottom: 0px !important;padding-left: 0px !important;}\u00bb][vc_column_inner el_class=\u00bbwhitebox1&#8243; width=\u00bb1\/2&#8243; css=\u00bb.vc_custom_1626429521872{padding-right: 0px !important;padding-bottom: 0px !important;padding-left: 0px !important;}\u00bb][vc_column_text el_class=\u00bbpagesubtit2&#8243;]<\/p>\n<h4>Desc\u00e1rgate la APP<\/h4>\n<p>[\/vc_column_text][vc_column_text]Gracias a la APP de TMESA te podr\u00e1s planificar de una manera m\u00e1s f\u00e1cil i c\u00f3moda tus trayectos urbanos.<\/p>\n<p>La APP te permite tener en tus manos toda la informaci\u00f3n que necesitas en tiempo real; hora de paso de tu autob\u00fas, tiempo y n\u00famero de paradas para llegar a tu destino, mapa de donde est\u00e1n los autobuses de una l\u00ednea en concreto, puntos de venta de tarjetas, avisos importantes, etc.[\/vc_column_text][vc_raw_html css=\u00bb.vc_custom_1647337378227{margin-top: 20px !important;}\u00bb el_class=\u00bbappstoreicon1&#8243;]JTNDZGl2JTIwY2xhc3MlM0QlMjJxX2ljb25fbGlzdCUyMGFwcGRvd25hbmRyb2lkJTIyJTNFJTNDcCUyMHN0eWxlJTNEJTIyY29sb3IlM0ElMjM1NDU4NWElM0Jmb250LXNpemUlM0ElMjAxNHB4JTNCbWFyZ2luLWJvdHRvbSUzQSUyMDBweCUzQiUyMiUzRSUzQ2ElMjBocmVmJTNEJTIyaHR0cHMlM0ElMkYlMkZwbGF5Lmdvb2dsZS5jb20lMkZzdG9yZSUyRmFwcHMlMkZkZXRhaWxzJTNGaWQlM0Rjb20uZ2VvYWN0aW8udG1lc2ElMjIlMjB0YXJnZXQlM0QlMjJfYmxhbmslMjIlM0VHb29nbGUlMjBQbGF5JTNDJTJGYSUzRSUzQyUyRnAlM0UlM0MlMkZkaXYlM0U=[\/vc_raw_html][vc_raw_html css=\u00bb.vc_custom_1647337382916{margin-top: 20px !important;}\u00bb el_class=\u00bbappstoreicon1&#8243;]JTNDZGl2JTIwY2xhc3MlM0QlMjJxX2ljb25fbGlzdCUyMGFwcGRvd25hcHBsZSUyMiUzRSUzQ3AlMjBzdHlsZSUzRCUyMmNvbG9yJTNBJTIzNTQ1ODVhJTNCZm9udC1zaXplJTNBJTIwMTRweCUzQm1hcmdpbi1ib3R0b20lM0ElMjAwcHglM0IlMjIlM0UlM0NhJTIwaHJlZiUzRCUyMmh0dHBzJTNBJTJGJTJGaXR1bmVzLmFwcGxlLmNvbSUyRnVzJTJGYXBwJTJGdG1lc2EtYnVzLXRlcnJhc3NhJTJGaWQ5MTg0NjkzMjAlM0ZtdCUzRDglMjIlMjB0YXJnZXQlM0QlMjJfYmxhbmslMjIlM0VBcHBsZSUyMFN0b3JlJTNDJTJGYSUzRSUzQyUyRnAlM0UlM0MlMkZkaXYlM0U=[\/vc_raw_html][vc_column_text el_class=\u00bbpequepriva1&#8243;]Consulta <a href=\"https:\/\/tmesa.com\/es\/pprapp\/\">aqu\u00ed<\/a> la pol\u00edtica de privacidad de la APP de TMESA.[\/vc_column_text][vc_raw_html]JTNDYSUyMGhyZWYlM0QlMjJodHRwcyUzQSUyRiUyRnd3dy55b3V0dWJlLmNvbSUyRndhdGNoJTNGdiUzRHJ3S0VNNHM5OVN3JTIyJTIwdGFyZ2V0JTNEJTIyX2JsYW5rJTIyJTNFJTNDZGl2JTIwY2xhc3MlM0QlMjJkZXNjYW1hcHBkZjElMjBmdW5jYXBwYnV0MSUyMiUzRSUzQ2klMjBjbGFzcyUzRCUyMmZhJTIwZmEteW91dHViZS1wbGF5JTIyJTNFJTNDJTJGaSUzRSUyMEZ1bmNpb25hbWllbnRvJTIwQXBwJTNDJTJGZGl2JTNFJTNDJTJGYSUzRQ==[\/vc_raw_html][\/vc_column_inner][vc_column_inner width=\u00bb1\/2&#8243; css=\u00bb.vc_custom_1574161704224{margin-left: 20px !important;padding-top: 0px !important;padding-right: 20px !important;padding-left: 0px !important;}\u00bb][vc_single_image image=\u00bb2493&#8243; img_size=\u00bbfull\u00bb qode_css_animation=\u00bb\u00bb][\/vc_column_inner][\/vc_row_inner][\/vc_column][\/vc_row][vc_row css_animation=\u00bb\u00bb row_type=\u00bbrow\u00bb use_row_as_full_screen_section=\u00bbno\u00bb type=\u00bbgrid\u00bb angled_section=\u00bbno\u00bb text_align=\u00bbleft\u00bb background_image_as_pattern=\u00bbwithout_pattern\u00bb z_index=\u00bb\u00bb][vc_column][vc_empty_space height=\u00bb75&#8243;][\/vc_column][\/vc_row]<\/p>\n<div class=\"social-share-buttons\"><a href=\"https:\/\/www.facebook.com\/sharer\/sharer.php?u=https:\/\/tmesa.com\/es\/s\/descargar-app-bus-terrassa-tmesa\/\" target=\"_blank\" rel=\"noopener\"><i class=\"fa-brands fa-facebook-f\"><\/i><\/a><a href=\"https:\/\/twitter.com\/intent\/tweet?url=https:\/\/tmesa.com\/es\/s\/descargar-app-bus-terrassa-tmesa\/&text=Desc%C3%A1rgate+la+APP\" target=\"_blank\" rel=\"noopener\"><i class=\"fa-brands fa-twitter\"><\/i><\/a><a href=\"https:\/\/www.linkedin.com\/shareArticle?url=https:\/\/tmesa.com\/es\/s\/descargar-app-bus-terrassa-tmesa\/&title=Desc%C3%A1rgate+la+APP\" target=\"_blank\" rel=\"noopener\"><i class=\"fa-brands fa-linkedin-in\"><\/i><\/a><\/div><\/div>","protected":false},"excerpt":{"rendered":"<p>[vc_row css_animation=\u00bb\u00bb row_type=\u00bbrow\u00bb use_row_as_full_screen_section=\u00bbno\u00bb type=\u00bbgrid\u00bb angled_section=\u00bbno\u00bb text_align=\u00bbleft\u00bb background_image_as_pattern=\u00bbwithout_pattern\u00bb z_index=\u00bb\u00bb el_id=\u00bbbreadcrumbs\u00bb][vc_column][vc_widget_sidebar sidebar_id=\u00bbBreadcrumbs\u00bb el_class=\u00bbmybreadcrumbs\u00bb][\/vc_column][\/vc_row][vc_row css_animation=\u00bb\u00bb row_type=\u00bbrow\u00bb use_row_as_full_screen_section=\u00bbno\u00bb type=\u00bbgrid\u00bb angled_section=\u00bbno\u00bb text_align=\u00bbleft\u00bb background_image_as_pattern=\u00bbwithout_pattern\u00bb z_index=\u00bb\u00bb el_id=\u00bbpagetitle\u00bb][vc_column][vc_column_text el_class=\u00bbpagetit1&#8243;] Toda la informaci\u00f3n en tiempo real [\/vc_column_text][vc_separator type=\u00bbnormal\u00bb el_class=\u00bbpagelineleft1&#8243; color=\u00bb#5f2167&#8243; thickness=\u00bb4&#8243; up=\u00bb25&#8243; down=\u00bb25&#8243;][\/vc_column][\/vc_row][vc_row css_animation=\u00bb\u00bb row_type=\u00bbrow\u00bb use_row_as_full_screen_section=\u00bbno\u00bb type=\u00bbgrid\u00bb angled_section=\u00bbno\u00bb text_align=\u00bbleft\u00bb background_image_as_pattern=\u00bbwithout_pattern\u00bb z_index=\u00bb\u00bb][vc_column][vc_row_inner row_type=\u00bbrow\u00bb type=\u00bbfull_width\u00bb&#8230;<\/p>\n","protected":false},"author":4,"featured_media":2493,"parent":9164,"menu_order":0,"comment_status":"closed","ping_status":"closed","template":"full_width.php","meta":{"_acf_changed":false,"footnotes":"","_wp_rev_ctl_limit":"5"},"class_list":["post-9250","page","type-page","status-publish","has-post-thumbnail","hentry"],"acf":[],"yoast_head":"<!-- This site is optimized with the Yoast SEO plugin v23.8 - https:\/\/yoast.com\/wordpress\/plugins\/seo\/ -->\n<title>Descargar app bus Terrassa &#8211; Transports Municipals d\u2019Egara<\/title>\n<meta name=\"description\" content=\"Descargar la app de los autobuses de Terrassa. La APP te permite tener en tus manos toda la informaci\u00f3n que necesitas en tiempo real; hora de paso de...\" \/>\n<meta name=\"robots\" content=\"index, follow, max-snippet:-1, max-image-preview:large, max-video-preview:-1\" \/>\n<link rel=\"canonical\" href=\"https:\/\/tmesa.com\/es\/s\/descargar-app-bus-terrassa-tmesa\/\" \/>\n<meta property=\"og:locale\" content=\"es_ES\" \/>\n<meta property=\"og:type\" content=\"article\" \/>\n<meta property=\"og:title\" content=\"Descargar app bus Terrassa &#8211; Transports Municipals d\u2019Egara\" \/>\n<meta property=\"og:description\" content=\"Descargar la app de los autobuses de Terrassa. La APP te permite tener en tus manos toda la informaci\u00f3n que necesitas en tiempo real; hora de paso de...\" \/>\n<meta property=\"og:url\" content=\"https:\/\/tmesa.com\/es\/s\/descargar-app-bus-terrassa-tmesa\/\" \/>\n<meta property=\"og:site_name\" content=\"Transports Municipals d\u2019Egara\" \/>\n<meta property=\"article:modified_time\" content=\"2022-07-25T09:50:33+00:00\" \/>\n<meta property=\"og:image\" content=\"https:\/\/tmesa.com\/wp-content\/uploads\/2019\/11\/descarregar-app-bus-terrassa-tmesa-dp2.jpg\" \/>\n\t<meta property=\"og:image:width\" content=\"1140\" \/>\n\t<meta property=\"og:image:height\" content=\"804\" \/>\n\t<meta property=\"og:image:type\" content=\"image\/jpeg\" \/>\n<meta name=\"twitter:card\" content=\"summary_large_image\" \/>\n<meta name=\"twitter:label1\" content=\"Tiempo de lectura\" \/>\n\t<meta name=\"twitter:data1\" content=\"1 minuto\" \/>\n<script type=\"application\/ld+json\" class=\"yoast-schema-graph\">{\"@context\":\"https:\/\/schema.org\",\"@graph\":[{\"@type\":\"WebPage\",\"@id\":\"https:\/\/tmesa.com\/es\/s\/descargar-app-bus-terrassa-tmesa\/\",\"url\":\"https:\/\/tmesa.com\/es\/s\/descargar-app-bus-terrassa-tmesa\/\",\"name\":\"Descargar app bus Terrassa &#8211; Transports Municipals d\u2019Egara\",\"isPartOf\":{\"@id\":\"https:\/\/tmesa.com\/es\/#website\"},\"primaryImageOfPage\":{\"@id\":\"https:\/\/tmesa.com\/es\/s\/descargar-app-bus-terrassa-tmesa\/#primaryimage\"},\"image\":{\"@id\":\"https:\/\/tmesa.com\/es\/s\/descargar-app-bus-terrassa-tmesa\/#primaryimage\"},\"thumbnailUrl\":\"https:\/\/tmesa.com\/wp-content\/uploads\/2019\/11\/descarregar-app-bus-terrassa-tmesa-dp2.jpg\",\"datePublished\":\"2019-11-19T11:57:41+00:00\",\"dateModified\":\"2022-07-25T09:50:33+00:00\",\"description\":\"Descargar la app de los autobuses de Terrassa. La APP te permite tener en tus manos toda la informaci\u00f3n que necesitas en tiempo real; hora de paso de...\",\"breadcrumb\":{\"@id\":\"https:\/\/tmesa.com\/es\/s\/descargar-app-bus-terrassa-tmesa\/#breadcrumb\"},\"inLanguage\":\"es\",\"potentialAction\":[{\"@type\":\"ReadAction\",\"target\":[\"https:\/\/tmesa.com\/es\/s\/descargar-app-bus-terrassa-tmesa\/\"]}]},{\"@type\":\"ImageObject\",\"inLanguage\":\"es\",\"@id\":\"https:\/\/tmesa.com\/es\/s\/descargar-app-bus-terrassa-tmesa\/#primaryimage\",\"url\":\"https:\/\/tmesa.com\/wp-content\/uploads\/2019\/11\/descarregar-app-bus-terrassa-tmesa-dp2.jpg\",\"contentUrl\":\"https:\/\/tmesa.com\/wp-content\/uploads\/2019\/11\/descarregar-app-bus-terrassa-tmesa-dp2.jpg\",\"width\":1140,\"height\":804,\"caption\":\"Descarregar l'app dels autobusos de Terrassa\"},{\"@type\":\"BreadcrumbList\",\"@id\":\"https:\/\/tmesa.com\/es\/s\/descargar-app-bus-terrassa-tmesa\/#breadcrumb\",\"itemListElement\":[{\"@type\":\"ListItem\",\"position\":1,\"name\":\"Inici\",\"item\":\"https:\/\/tmesa.com\/es\/\"},{\"@type\":\"ListItem\",\"position\":2,\"name\":\"Servicios\",\"item\":\"https:\/\/tmesa.com\/es\/s\/\"},{\"@type\":\"ListItem\",\"position\":3,\"name\":\"Desc\u00e1rgate la APP\"}]},{\"@type\":\"WebSite\",\"@id\":\"https:\/\/tmesa.com\/es\/#website\",\"url\":\"https:\/\/tmesa.com\/es\/\",\"name\":\"Transports Municipals d\u2019Egara\",\"description\":\"\",\"potentialAction\":[{\"@type\":\"SearchAction\",\"target\":{\"@type\":\"EntryPoint\",\"urlTemplate\":\"https:\/\/tmesa.com\/es\/?s={search_term_string}\"},\"query-input\":{\"@type\":\"PropertyValueSpecification\",\"valueRequired\":true,\"valueName\":\"search_term_string\"}}],\"inLanguage\":\"es\"}]}<\/script>\n<!-- \/ Yoast SEO plugin. -->","yoast_head_json":{"title":"Descargar app bus Terrassa &#8211; Transports Municipals d\u2019Egara","description":"Descargar la app de los autobuses de Terrassa. La APP te permite tener en tus manos toda la informaci\u00f3n que necesitas en tiempo real; hora de paso de...","robots":{"index":"index","follow":"follow","max-snippet":"max-snippet:-1","max-image-preview":"max-image-preview:large","max-video-preview":"max-video-preview:-1"},"canonical":"https:\/\/tmesa.com\/es\/s\/descargar-app-bus-terrassa-tmesa\/","og_locale":"es_ES","og_type":"article","og_title":"Descargar app bus Terrassa &#8211; Transports Municipals d\u2019Egara","og_description":"Descargar la app de los autobuses de Terrassa. La APP te permite tener en tus manos toda la informaci\u00f3n que necesitas en tiempo real; hora de paso de...","og_url":"https:\/\/tmesa.com\/es\/s\/descargar-app-bus-terrassa-tmesa\/","og_site_name":"Transports Municipals d\u2019Egara","article_modified_time":"2022-07-25T09:50:33+00:00","og_image":[{"width":1140,"height":804,"url":"https:\/\/tmesa.com\/wp-content\/uploads\/2019\/11\/descarregar-app-bus-terrassa-tmesa-dp2.jpg","type":"image\/jpeg"}],"twitter_card":"summary_large_image","twitter_misc":{"Tiempo de lectura":"1 minuto"},"schema":{"@context":"https:\/\/schema.org","@graph":[{"@type":"WebPage","@id":"https:\/\/tmesa.com\/es\/s\/descargar-app-bus-terrassa-tmesa\/","url":"https:\/\/tmesa.com\/es\/s\/descargar-app-bus-terrassa-tmesa\/","name":"Descargar app bus Terrassa &#8211; Transports Municipals d\u2019Egara","isPartOf":{"@id":"https:\/\/tmesa.com\/es\/#website"},"primaryImageOfPage":{"@id":"https:\/\/tmesa.com\/es\/s\/descargar-app-bus-terrassa-tmesa\/#primaryimage"},"image":{"@id":"https:\/\/tmesa.com\/es\/s\/descargar-app-bus-terrassa-tmesa\/#primaryimage"},"thumbnailUrl":"https:\/\/tmesa.com\/wp-content\/uploads\/2019\/11\/descarregar-app-bus-terrassa-tmesa-dp2.jpg","datePublished":"2019-11-19T11:57:41+00:00","dateModified":"2022-07-25T09:50:33+00:00","description":"Descargar la app de los autobuses de Terrassa. La APP te permite tener en tus manos toda la informaci\u00f3n que necesitas en tiempo real; hora de paso de...","breadcrumb":{"@id":"https:\/\/tmesa.com\/es\/s\/descargar-app-bus-terrassa-tmesa\/#breadcrumb"},"inLanguage":"es","potentialAction":[{"@type":"ReadAction","target":["https:\/\/tmesa.com\/es\/s\/descargar-app-bus-terrassa-tmesa\/"]}]},{"@type":"ImageObject","inLanguage":"es","@id":"https:\/\/tmesa.com\/es\/s\/descargar-app-bus-terrassa-tmesa\/#primaryimage","url":"https:\/\/tmesa.com\/wp-content\/uploads\/2019\/11\/descarregar-app-bus-terrassa-tmesa-dp2.jpg","contentUrl":"https:\/\/tmesa.com\/wp-content\/uploads\/2019\/11\/descarregar-app-bus-terrassa-tmesa-dp2.jpg","width":1140,"height":804,"caption":"Descarregar l'app dels autobusos de Terrassa"},{"@type":"BreadcrumbList","@id":"https:\/\/tmesa.com\/es\/s\/descargar-app-bus-terrassa-tmesa\/#breadcrumb","itemListElement":[{"@type":"ListItem","position":1,"name":"Inici","item":"https:\/\/tmesa.com\/es\/"},{"@type":"ListItem","position":2,"name":"Servicios","item":"https:\/\/tmesa.com\/es\/s\/"},{"@type":"ListItem","position":3,"name":"Desc\u00e1rgate la APP"}]},{"@type":"WebSite","@id":"https:\/\/tmesa.com\/es\/#website","url":"https:\/\/tmesa.com\/es\/","name":"Transports Municipals d\u2019Egara","description":"","potentialAction":[{"@type":"SearchAction","target":{"@type":"EntryPoint","urlTemplate":"https:\/\/tmesa.com\/es\/?s={search_term_string}"},"query-input":{"@type":"PropertyValueSpecification","valueRequired":true,"valueName":"search_term_string"}}],"inLanguage":"es"}]}},"publishpress_future_workflow_manual_trigger":{"enabledWorkflows":[]},"_links":{"self":[{"href":"https:\/\/tmesa.com\/es\/wp-json\/wp\/v2\/pages\/9250"}],"collection":[{"href":"https:\/\/tmesa.com\/es\/wp-json\/wp\/v2\/pages"}],"about":[{"href":"https:\/\/tmesa.com\/es\/wp-json\/wp\/v2\/types\/page"}],"author":[{"embeddable":true,"href":"https:\/\/tmesa.com\/es\/wp-json\/wp\/v2\/users\/4"}],"replies":[{"embeddable":true,"href":"https:\/\/tmesa.com\/es\/wp-json\/wp\/v2\/comments?post=9250"}],"version-history":[{"count":4,"href":"https:\/\/tmesa.com\/es\/wp-json\/wp\/v2\/pages\/9250\/revisions"}],"predecessor-version":[{"id":26064,"href":"https:\/\/tmesa.com\/es\/wp-json\/wp\/v2\/pages\/9250\/revisions\/26064"}],"up":[{"embeddable":true,"href":"https:\/\/tmesa.com\/es\/wp-json\/wp\/v2\/pages\/9164"}],"wp:featuredmedia":[{"embeddable":true,"href":"https:\/\/tmesa.com\/es\/wp-json\/wp\/v2\/media\/2493"}],"wp:attachment":[{"href":"https:\/\/tmesa.com\/es\/wp-json\/wp\/v2\/media?parent=9250"}],"curies":[{"name":"wp","href":"https:\/\/api.w.org\/{rel}","templated":true}]}}