{"id":9243,"date":"2019-11-12T10:20:21","date_gmt":"2019-11-12T08:20:21","guid":{"rendered":"https:\/\/tmesa.com\/s\/planols-linies-bus-terrassa\/"},"modified":"2024-11-08T10:37:13","modified_gmt":"2024-11-08T09:37:13","slug":"mapas-lineas-bus-terrassa","status":"publish","type":"page","link":"https:\/\/tmesa.com\/es\/s\/mapas-lineas-bus-terrassa\/","title":{"rendered":"Mapas de las l\u00edneas"},"content":{"rendered":"<div class=\"wpb-content-wrapper\"><p>[vc_row css_animation=\u00bb\u00bb row_type=\u00bbrow\u00bb use_row_as_full_screen_section=\u00bbno\u00bb type=\u00bbgrid\u00bb angled_section=\u00bbno\u00bb text_align=\u00bbleft\u00bb background_image_as_pattern=\u00bbwithout_pattern\u00bb z_index=\u00bb\u00bb el_id=\u00bbbreadcrumbs\u00bb][vc_column][vc_widget_sidebar sidebar_id=\u00bbBreadcrumbs\u00bb el_class=\u00bbmybreadcrumbs\u00bb][\/vc_column][\/vc_row][vc_row css_animation=\u00bb\u00bb row_type=\u00bbrow\u00bb use_row_as_full_screen_section=\u00bbno\u00bb type=\u00bbgrid\u00bb angled_section=\u00bbno\u00bb text_align=\u00bbleft\u00bb background_image_as_pattern=\u00bbwithout_pattern\u00bb z_index=\u00bb\u00bb el_id=\u00bbpagetitle\u00bb][vc_column][vc_column_text el_class=\u00bbpagetit1&#8243;]<\/p>\n<h1><a title=\"Mapas de las l\u00edneas bus de Terrassa\" href=\"https:\/\/tmesa.com\/es\/s\/mapas-lineas-bus-terrassa\/\">Mapas de las l\u00edneas<\/a><\/h1>\n<p>[\/vc_column_text][vc_separator type=\u00bbnormal\u00bb el_class=\u00bbpagelineleft1&#8243; color=\u00bb#5f2167&#8243; thickness=\u00bb4&#8243; up=\u00bb25&#8243; down=\u00bb25&#8243;][\/vc_column][\/vc_row][vc_row css_animation=\u00bb\u00bb row_type=\u00bbrow\u00bb use_row_as_full_screen_section=\u00bbno\u00bb type=\u00bbgrid\u00bb angled_section=\u00bbno\u00bb text_align=\u00bbleft\u00bb background_image_as_pattern=\u00bbwithout_pattern\u00bb z_index=\u00bb\u00bb el_id=\u00bbpagecontent\u00bb css=\u00bb.vc_custom_1578039775737{margin-top: 5px !important;margin-bottom: 20px !important;}\u00bb][vc_column][vc_row_inner row_type=\u00bbrow\u00bb type=\u00bbfull_width\u00bb text_align=\u00bbleft\u00bb css_animation=\u00bb\u00bb css=\u00bb.vc_custom_1573545014308{padding-top: 15px !important;padding-right: 15px !important;padding-bottom: 0px !important;padding-left: 15px !important;}\u00bb][vc_column_inner el_class=\u00bblinespagegrid0&#8243; width=\u00bb1\/4&#8243;][vc_raw_html el_class=\u00bblinespagegrid1&#8243;]JTNDYSUyMGhyZWYlM0QlMjIuLiUyRi4uJTJGcGxhbm9sJTJGJTNGbGluZV9pZCUzRDElMjIlMjBjbGFzcyUzRCUyMmxpbmVzLWRyb3Bkb3duX19saW5rJTIyJTNFJTNDc3BhbiUyMGNsYXNzJTNEJTIybGluZXMtZHJvcGRvd25fX2lkJTIwbGluZSUyMGxpbmUxJTIyJTNFMSUzQyUyRnNwYW4lM0UlM0NzcGFuJTIwY2xhc3MlM0QlMjJsaW5lcy1kcm9wZG93bl9fbmFtZSUyMiUzRVN0LiUyMExsb3JlbiVDMyVBNyUyMC0lMjBIb3NwaXRhbCUzQyUyRnNwYW4lM0UlM0MlMkZhJTNF[\/vc_raw_html][\/vc_column_inner][vc_column_inner el_class=\u00bblinespagegrid0&#8243; width=\u00bb1\/4&#8243;][vc_raw_html el_class=\u00bblinespagegrid1&#8243;]JTNDYSUyMGhyZWYlM0QlMjIuLiUyRi4uJTJGcGxhbm9sJTJGJTNGbGluZV9pZCUzRDIlMjIlMjBjbGFzcyUzRCUyMmxpbmVzLWRyb3Bkb3duX19saW5rJTIyJTNFJTNDc3BhbiUyMGNsYXNzJTNEJTIybGluZXMtZHJvcGRvd25fX2lkJTIwbGluZSUyMGxpbmUyJTIyJTNFMiUzQyUyRnNwYW4lM0UlM0NzcGFuJTIwY2xhc3MlM0QlMjJsaW5lcy1kcm9wZG93bl9fbmFtZSUyMiUzRUxlcyUyMEFyZW5lcyUyMC0lMjBSYW1ibGElMjBFZ2FyYSUzQyUyRnNwYW4lM0UlM0MlMkZhJTNF[\/vc_raw_html][\/vc_column_inner][vc_column_inner el_class=\u00bblinespagegrid0&#8243; width=\u00bb1\/4&#8243;][vc_raw_html el_class=\u00bblinespagegrid1&#8243;]JTNDYSUyMGhyZWYlM0QlMjIuLiUyRi4uJTJGcGxhbm9sJTJGJTNGbGluZV9pZCUzRDMlMjIlMjBjbGFzcyUzRCUyMmxpbmVzLWRyb3Bkb3duX19saW5rJTIyJTNFJTNDc3BhbiUyMGNsYXNzJTNEJTIybGluZXMtZHJvcGRvd25fX2lkJTIwbGluZSUyMGxpbmUzJTIyJTNFMyUzQyUyRnNwYW4lM0UlM0NzcGFuJTIwY2xhc3MlM0QlMjJsaW5lcy1kcm9wZG93bl9fbmFtZSUyMiUzRUxhJTIwR3IlQzMlQURwaWElMjAtJTIwTGElMjBNYXVyaW5hJTNDJTJGc3BhbiUzRSUzQyUyRmElM0U=[\/vc_raw_html][\/vc_column_inner][vc_column_inner el_class=\u00bblinespagegrid0&#8243; width=\u00bb1\/4&#8243;][vc_raw_html el_class=\u00bblinespagegrid1&#8243;]JTNDYSUyMGhyZWYlM0QlMjIuLiUyRi4uJTJGcGxhbm9sJTJGJTNGbGluZV9pZCUzRDQlMjIlMjBjbGFzcyUzRCUyMmxpbmVzLWRyb3Bkb3duX19saW5rJTIyJTNFJTNDc3BhbiUyMGNsYXNzJTNEJTIybGluZXMtZHJvcGRvd25fX2lkJTIwbGluZSUyMGxpbmU0JTIyJTNFNCUzQyUyRnNwYW4lM0UlM0NzcGFuJTIwY2xhc3MlM0QlMjJsaW5lcy1kcm9wZG93bl9fbmFtZSUyMiUzRUNhbiUyMFBhcmVsbGFkYSUyMC0lMjBDYSUyMG4lMjdBdXJlbGwlM0MlMkZzcGFuJTNFJTNDJTJGYSUzRQ==[\/vc_raw_html][\/vc_column_inner][\/vc_row_inner][vc_row_inner row_type=\u00bbrow\u00bb type=\u00bbfull_width\u00bb text_align=\u00bbleft\u00bb css_animation=\u00bb\u00bb css=\u00bb.vc_custom_1573545002836{padding-top: 15px !important;padding-right: 15px !important;padding-bottom: 0px !important;padding-left: 15px !important;}\u00bb][vc_column_inner el_class=\u00bblinespagegrid0&#8243; width=\u00bb1\/4&#8243;][vc_raw_html el_class=\u00bblinespagegrid1&#8243;]JTNDYSUyMGhyZWYlM0QlMjIuLiUyRi4uJTJGcGxhbm9sJTJGJTNGbGluZV9pZCUzRDUlMjIlMjBjbGFzcyUzRCUyMmxpbmVzLWRyb3Bkb3duX19saW5rJTIyJTNFJTNDc3BhbiUyMGNsYXNzJTNEJTIybGluZXMtZHJvcGRvd25fX2lkJTIwbGluZSUyMGxpbmU1JTIyJTNFNSUzQyUyRnNwYW4lM0UlM0NzcGFuJTIwY2xhc3MlM0QlMjJsaW5lcy1kcm9wZG93bl9fbmFtZSUyMiUzRVBsYSUyMGRlbCUyMEJvbiUyMEFpcmUlMjAtJTIwQ2FuJTIwVHJpYXMlM0MlMkZzcGFuJTNFJTNDJTJGYSUzRQ==[\/vc_raw_html][\/vc_column_inner][vc_column_inner el_class=\u00bblinespagegrid0&#8243; width=\u00bb1\/4&#8243;][vc_raw_html el_class=\u00bblinespagegrid1&#8243;]JTNDYSUyMGhyZWYlM0QlMjIuLiUyRi4uJTJGcGxhbm9sJTJGJTNGbGluZV9pZCUzRDYlMjIlMjBjbGFzcyUzRCUyMmxpbmVzLWRyb3Bkb3duX19saW5rJTIyJTNFJTNDc3BhbiUyMGNsYXNzJTNEJTIybGluZXMtZHJvcGRvd25fX2lkJTIwbGluZSUyMGxpbmU2JTIyJTNFNiUzQyUyRnNwYW4lM0UlM0NzcGFuJTIwY2xhc3MlM0QlMjJsaW5lcy1kcm9wZG93bl9fbmFtZSUyMiUzRUNhbiUyMFJvY2ElMjAtJTIwTGElMjBDb2d1bGxhZGElM0MlMkZzcGFuJTNFJTNDJTJGYSUzRQ==[\/vc_raw_html][\/vc_column_inner][vc_column_inner el_class=\u00bblinespagegrid0&#8243; width=\u00bb1\/4&#8243;][vc_raw_html el_class=\u00bblinespagegrid1&#8243;]JTNDYSUyMGhyZWYlM0QlMjIuLiUyRi4uJTJGcGxhbm9sJTJGJTNGbGluZV9pZCUzRDclMjIlMjBjbGFzcyUzRCUyMmxpbmVzLWRyb3Bkb3duX19saW5rJTIyJTNFJTNDc3BhbiUyMGNsYXNzJTNEJTIybGluZXMtZHJvcGRvd25fX2lkJTIwbGluZSUyMGxpbmU3JTIyJTNFNyUzQyUyRnNwYW4lM0UlM0NzcGFuJTIwY2xhc3MlM0QlMjJsaW5lcy1kcm9wZG93bl9fbmFtZSUyMiUzRVBsYSUyMGRlJTIwQm9uJTIwQWlyZSUyMC0lMjBDYW4lMjBKb2ZyZXNhJTNDJTJGc3BhbiUzRSUzQyUyRmElM0U=[\/vc_raw_html][\/vc_column_inner][vc_column_inner el_class=\u00bblinespagegrid0&#8243; width=\u00bb1\/4&#8243;][vc_raw_html el_class=\u00bblinespagegrid1&#8243;]JTNDYSUyMGhyZWYlM0QlMjIuLiUyRi4uJTJGcGxhbm9sJTJGJTNGbGluZV9pZCUzRDglMjIlMjBjbGFzcyUzRCUyMmxpbmVzLWRyb3Bkb3duX19saW5rJTIyJTNFJTNDc3BhbiUyMGNsYXNzJTNEJTIybGluZXMtZHJvcGRvd25fX2lkJTIwbGluZSUyMGxpbmU4JTIyJTNFOCUzQyUyRnNwYW4lM0UlM0NzcGFuJTIwY2xhc3MlM0QlMjJsaW5lcy1kcm9wZG93bl9fbmFtZSUyMiUzRUF2aW5ndWRlcyUzQyUyRnNwYW4lM0UlM0MlMkZhJTNF[\/vc_raw_html][\/vc_column_inner][\/vc_row_inner][vc_row_inner row_type=\u00bbrow\u00bb type=\u00bbfull_width\u00bb text_align=\u00bbleft\u00bb css_animation=\u00bb\u00bb css=\u00bb.vc_custom_1573545002836{padding-top: 15px !important;padding-right: 15px !important;padding-bottom: 0px !important;padding-left: 15px !important;}\u00bb][vc_column_inner el_class=\u00bblinespagegrid0&#8243; width=\u00bb1\/4&#8243;][vc_raw_html el_class=\u00bblinespagegrid1&#8243;]JTNDYSUyMGhyZWYlM0QlMjIuLiUyRi4uJTJGcGxhbm9sJTJGJTNGbGluZV9pZCUzRDklMjIlMjBjbGFzcyUzRCUyMmxpbmVzLWRyb3Bkb3duX19saW5rJTIyJTNFJTNDc3BhbiUyMGNsYXNzJTNEJTIybGluZXMtZHJvcGRvd25fX2lkJTIwbGluZSUyMGxpbmU5JTIyJTNFOSUzQyUyRnNwYW4lM0UlM0NzcGFuJTIwY2xhc3MlM0QlMjJsaW5lcy1kcm9wZG93bl9fbmFtZSUyMiUzRUF2aW5ndWRlcyUzQyUyRnNwYW4lM0UlM0MlMkZhJTNF[\/vc_raw_html][\/vc_column_inner][vc_column_inner el_class=\u00bblinespagegrid0&#8243; width=\u00bb1\/4&#8243;][vc_raw_html el_class=\u00bblinespagegrid1&#8243;]JTNDYSUyMGhyZWYlM0QlMjIuLiUyRi4uJTJGcGxhbm9sJTJGJTNGbGluZV9pZCUzRDEwJTIyJTIwY2xhc3MlM0QlMjJsaW5lcy1kcm9wZG93bl9fbGluayUyMiUzRSUzQ3NwYW4lMjBjbGFzcyUzRCUyMmxpbmVzLWRyb3Bkb3duX19pZCUyMGxpbmUlMjBsaW5lMTAlMjIlM0UxMCUzQyUyRnNwYW4lM0UlM0NzcGFuJTIwY2xhc3MlM0QlMjJsaW5lcy1kcm9wZG93bl9fbmFtZSUyMiUzRUxlcyUyMEZvbnRzJTIwLSUyMEVzdGFjaSVDMyVCMyUyME5vcmQlM0MlMkZzcGFuJTNFJTNDJTJGYSUzRQ==[\/vc_raw_html][\/vc_column_inner][vc_column_inner el_class=\u00bblinespagegrid0 linespagegrid2l\u00bb width=\u00bb1\/4&#8243;][vc_raw_html el_class=\u00bblinespagegrid1&#8243;]JTNDYSUyMGhyZWYlM0QlMjIuLiUyRi4uJTJGcGxhbm9sJTJGJTNGbGluZV9pZCUzREglMjIlMjBjbGFzcyUzRCUyMmxpbmVzLWRyb3Bkb3duX19saW5rJTIyJTNFJTNDc3BhbiUyMGNsYXNzJTNEJTIybGluZXMtZHJvcGRvd25fX2lkJTIwbGluZSUyMGxpbmVoJTIyJTNFSCUzQyUyRnNwYW4lM0UlM0NzcGFuJTIwY2xhc3MlM0QlMjJsaW5lcy1kcm9wZG93bl9fbmFtZSUyMiUzRUhvc3BpdGFsJTIwRXhwciVDMyVBOXMlM0NiciUzRSUyOFBvYmxlJTIwTm91JTIwLSUyMEhvc3BpdGFsJTI5JTNDJTJGc3BhbiUzRSUzQyUyRmElM0U=[\/vc_raw_html][\/vc_column_inner][vc_column_inner el_class=\u00bblinespagegrid0 linespagegrid2l\u00bb width=\u00bb1\/4&#8243;][vc_raw_html el_class=\u00bblinespagegrid1&#8243;]JTNDYSUyMGhyZWYlM0QlMjIuLiUyRi4uJTJGcGxhbm9sJTJGJTNGbGluZV9pZCUzRDEyJTIyJTIwY2xhc3MlM0QlMjJsaW5lcy1kcm9wZG93bl9fbGluayUyMiUzRSUzQ3NwYW4lMjBjbGFzcyUzRCUyMmxpbmVzLWRyb3Bkb3duX19pZCUyMGxpbmUlMjBsaW5lMTIlMjIlM0UxMiUzQyUyRnNwYW4lM0UlM0NzcGFuJTIwY2xhc3MlM0QlMjJsaW5lcy1kcm9wZG93bl9fbmFtZSUyMiUzRUMuUC4lMjBkZSUyMFZpc3RhJTIwQWxlZ3JlJTIwLSUyMFJhbWJsYSUyMGQlMjdFZ2FyYSUzQyUyRnNwYW4lM0UlM0MlMkZhJTNFJTNDJTIxLS0lM0NhJTIwaHJlZiUzRCUyMmh0dHBzJTNBJTJGJTJGdG1lc2EuY29tJTJGd3AtY29udGVudCUyRnVwbG9hZHMlMkYyMDIwJTJGMDYlMkZ0bWVzYS1saW5pYTEyLWZsZXgtaGIucGRmJTIyJTIwdGFyZ2V0JTNEJTIyX2JsYW5rJTIyJTIwY2xhc3MlM0QlMjJsaW5lcy1kcm9wZG93bl9fbGluayUyMiUzRSUzQ3NwYW4lMjBjbGFzcyUzRCUyMmxpbmVzLWRyb3Bkb3duX19pZCUyMGxpbmUlMjBsaW5lMTIlMjIlM0UxMiUzQyUyRnNwYW4lM0UlM0NzcGFuJTIwY2xhc3MlM0QlMjJsaW5lcy1kcm9wZG93bl9fbmFtZSUyMiUzRUNhbiUyMEdvbnRlcmVzJTIwLSUzQ2JyJTNFQy5QLiUyMGRlJTIwVmlzdGElMjBBbGVncmUlM0MlMkZzcGFuJTNFJTNDJTJGYSUzRS0tJTNF[\/vc_raw_html][\/vc_column_inner][\/vc_row_inner][vc_row_inner row_type=\u00bbrow\u00bb type=\u00bbfull_width\u00bb text_align=\u00bbleft\u00bb css_animation=\u00bb\u00bb css=\u00bb.vc_custom_1573545002836{padding-top: 15px !important;padding-right: 15px !important;padding-bottom: 0px !important;padding-left: 15px !important;}\u00bb][vc_column_inner el_class=\u00bblinespagegrid0 linespagegrid2l\u00bb width=\u00bb1\/4&#8243;][vc_raw_html el_class=\u00bblinespagegrid1&#8243;]JTNDYSUyMGhyZWYlM0QlMjIuLiUyRi4uJTJGcGxhbm9sJTJGJTNGbGluZV9pZCUzRDEzJTIyJTIwY2xhc3MlM0QlMjJsaW5lcy1kcm9wZG93bl9fbGluayUyMiUzRSUzQ3NwYW4lMjBjbGFzcyUzRCUyMmxpbmVzLWRyb3Bkb3duX19pZCUyMGxpbmUlMjBsaW5lMTMlMjIlM0UxMyUzQyUyRnNwYW4lM0UlM0NzcGFuJTIwY2xhc3MlM0QlMjJsaW5lcy1kcm9wZG93bl9fbmFtZSUyMiUzRUNhbiUyMEdvbnRlcmVzJTIwLSUyMFJhbWJsYSUyMGQlMjdFZ2FyYSUzQyUyRnNwYW4lM0UlM0MlMkZhJTNF[\/vc_raw_html][\/vc_column_inner][vc_column_inner el_class=\u00bblinespagegrid0&#8243; width=\u00bb1\/4&#8243;][vc_raw_html el_class=\u00bblinespagegrid1&#8243;]JTNDYSUyMGhyZWYlM0QlMjIuLiUyRi4uJTJGcGxhbm9sJTJGJTNGbGluZV9pZCUzRDE0JTIyJTIwY2xhc3MlM0QlMjJsaW5lcy1kcm9wZG93bl9fbGluayUyMiUzRSUzQ3NwYW4lMjBjbGFzcyUzRCUyMmxpbmVzLWRyb3Bkb3duX19pZCUyMGxpbmUlMjBsaW5lMTQlMjIlM0UxNCUzQyUyRnNwYW4lM0UlM0NzcGFuJTIwY2xhc3MlM0QlMjJsaW5lcy1kcm9wZG93bl9fbmFtZSUyMiUzRU1lcmNhZGFsJTIwZGVscyUyMGRpbWVjcmVzJTNDJTJGc3BhbiUzRSUzQyUyRmElM0U=[\/vc_raw_html][\/vc_column_inner][vc_column_inner el_class=\u00bblinespagegrid0&#8243; width=\u00bb1\/4&#8243;][vc_raw_html el_class=\u00bblinespagegrid1&#8243;]JTNDYSUyMGhyZWYlM0QlMjIuLiUyRi4uJTJGcGxhbm9sJTJGJTNGbGluZV9pZCUzRDE1JTIyJTIwY2xhc3MlM0QlMjJsaW5lcy1kcm9wZG93bl9fbGluayUyMiUzRSUzQ3NwYW4lMjBjbGFzcyUzRCUyMmxpbmVzLWRyb3Bkb3duX19pZCUyMGxpbmUlMjBsaW5lMTUlMjIlM0UxNSUzQyUyRnNwYW4lM0UlM0NzcGFuJTIwY2xhc3MlM0QlMjJsaW5lcy1kcm9wZG93bl9fbmFtZSUyMiUzRU1vbnRzZXJyYXQlMjAtJTIwTGVzJTIwRm9udHMlM0MlMkZzcGFuJTNFJTNDJTJGYSUzRQ==[\/vc_raw_html][\/vc_column_inner][vc_column_inner el_class=\u00bblinespagegrid0&#8243; width=\u00bb1\/4&#8243;][vc_raw_html el_class=\u00bblinespagegrid1&#8243;]JTNDYSUyMGhyZWYlM0QlMjIuLiUyRi4uJTJGcGxhbm9sJTJGJTNGbGluZV9pZCUzREJVUyUyNTIwRE5JVCUyMiUyMGNsYXNzJTNEJTIybGluZXMtZHJvcGRvd25fX2xpbmslMjIlM0UlM0NzcGFuJTIwY2xhc3MlM0QlMjJsaW5lcy1kcm9wZG93bl9faWQlMjBsaW5lJTIwbGluZTE2JTIyJTNFMTYlM0MlMkZzcGFuJTNFJTNDc3BhbiUyMGNsYXNzJTNEJTIybGluZXMtZHJvcGRvd25fX25hbWUlMjIlM0VCdXMlMjBEbml0JTNDJTJGc3BhbiUzRSUzQyUyRmElM0U=[\/vc_raw_html][\/vc_column_inner][\/vc_row_inner][vc_row_inner row_type=\u00bbrow\u00bb type=\u00bbfull_width\u00bb text_align=\u00bbleft\u00bb css_animation=\u00bb\u00bb css=\u00bb.vc_custom_1673267027001{padding-top: 15px !important;padding-right: 15px !important;padding-bottom: 0px !important;padding-left: 15px !important;}\u00bb][vc_column_inner el_class=\u00bblinespagegrid0&#8243; width=\u00bb1\/4&#8243;][vc_raw_html el_class=\u00bblinespagegrid1&#8243;]JTNDYSUyMGhyZWYlM0QlMjIuLiUyRi4uJTJGcGxhbm9sJTJGJTNGbGluZV9pZCUzRDE3JTIyJTIwY2xhc3MlM0QlMjJsaW5lcy1kcm9wZG93bl9fbGluayUyMiUzRSUzQ3NwYW4lMjBjbGFzcyUzRCUyMmxpbmVzLWRyb3Bkb3duX19pZCUyMGxpbmUlMjBsaW5lMTclMjIlM0UxNyUzQyUyRnNwYW4lM0UlM0NzcGFuJTIwY2xhc3MlM0QlMjJsaW5lcy1kcm9wZG93bl9fbmFtZSUyMiUzRVBhJUMzJUFGc29zJTIwQ2F0YWxhbnMlMjAtJTIwRXN0YWNpJUMzJUIzJTIwRXN0JTNDJTJGc3BhbiUzRSUzQyUyRmElM0U=[\/vc_raw_html][\/vc_column_inner][vc_column_inner el_class=\u00bblinespagegrid0&#8243; width=\u00bb1\/4&#8243;][vc_raw_html el_class=\u00bblinespagegrid1&#8243;]JTNDYSUyMGhyZWYlM0QlMjJodHRwcyUzQSUyRiUyRnRtZXNhLmNvbSUyRndwLWNvbnRlbnQlMkZ1cGxvYWRzJTJGMjAyMiUyRjEwJTJGdG1lc2EtbGluaWExOC1mbGV4LWhiLnBkZiUyMiUyMGNsYXNzJTNEJTIybGluZXMtZHJvcGRvd25fX2xpbmslMjIlMjB0YXJnZXQlM0QlMjJfYmxhbmslMjIlM0UlM0NzcGFuJTIwY2xhc3MlM0QlMjJsaW5lcy1kcm9wZG93bl9faWQlMjBsaW5lJTIwbGluZTE4JTIyJTNFMTglM0MlMkZzcGFuJTNFJTNDc3BhbiUyMGNsYXNzJTNEJTIybGluZXMtZHJvcGRvd25fX25hbWUlMjIlM0VMZXMlMjBNYXJ0aW5lcyUyMC0lMjBSYmxhLiUyMGQlMjdFZ2FyYSUzQyUyRnNwYW4lM0UlM0MlMkZhJTNF[\/vc_raw_html][\/vc_column_inner][vc_column_inner el_class=\u00bblinespagegrid0 linespagegridempty\u00bb width=\u00bb1\/4&#8243;][\/vc_column_inner][vc_column_inner el_class=\u00bblinespagegridempty\u00bb width=\u00bb1\/4&#8243; css=\u00bb.vc_custom_1673266990645{padding-top: 12px !important;padding-right: 18px !important;padding-bottom: 12px !important;padding-left: 18px !important;}\u00bb][\/vc_column_inner][\/vc_row_inner][\/vc_column][\/vc_row][vc_row css_animation=\u00bb\u00bb row_type=\u00bbrow\u00bb use_row_as_full_screen_section=\u00bbno\u00bb type=\u00bbgrid\u00bb angled_section=\u00bbno\u00bb text_align=\u00bbleft\u00bb background_image_as_pattern=\u00bbwithout_pattern\u00bb z_index=\u00bb\u00bb][vc_column][vc_empty_space height=\u00bb75px\u00bb][\/vc_column][\/vc_row]<\/p>\n<div class=\"social-share-buttons\"><a href=\"https:\/\/www.facebook.com\/sharer\/sharer.php?u=https:\/\/tmesa.com\/es\/s\/mapas-lineas-bus-terrassa\/\" target=\"_blank\" rel=\"noopener\"><i class=\"fa-brands fa-facebook-f\"><\/i><\/a><a href=\"https:\/\/twitter.com\/intent\/tweet?url=https:\/\/tmesa.com\/es\/s\/mapas-lineas-bus-terrassa\/&text=Mapas+de+las+l%C3%ADneas\" target=\"_blank\" rel=\"noopener\"><i class=\"fa-brands fa-twitter\"><\/i><\/a><a href=\"https:\/\/www.linkedin.com\/shareArticle?url=https:\/\/tmesa.com\/es\/s\/mapas-lineas-bus-terrassa\/&title=Mapas+de+las+l%C3%ADneas\" target=\"_blank\" rel=\"noopener\"><i class=\"fa-brands fa-linkedin-in\"><\/i><\/a><\/div><\/div>","protected":false},"excerpt":{"rendered":"<p>[vc_row css_animation=\u00bb\u00bb row_type=\u00bbrow\u00bb use_row_as_full_screen_section=\u00bbno\u00bb type=\u00bbgrid\u00bb angled_section=\u00bbno\u00bb text_align=\u00bbleft\u00bb background_image_as_pattern=\u00bbwithout_pattern\u00bb z_index=\u00bb\u00bb el_id=\u00bbbreadcrumbs\u00bb][vc_column][vc_widget_sidebar sidebar_id=\u00bbBreadcrumbs\u00bb el_class=\u00bbmybreadcrumbs\u00bb][\/vc_column][\/vc_row][vc_row css_animation=\u00bb\u00bb row_type=\u00bbrow\u00bb use_row_as_full_screen_section=\u00bbno\u00bb type=\u00bbgrid\u00bb angled_section=\u00bbno\u00bb text_align=\u00bbleft\u00bb background_image_as_pattern=\u00bbwithout_pattern\u00bb z_index=\u00bb\u00bb el_id=\u00bbpagetitle\u00bb][vc_column][vc_column_text el_class=\u00bbpagetit1&#8243;] Mapas de las l\u00edneas [\/vc_column_text][vc_separator type=\u00bbnormal\u00bb el_class=\u00bbpagelineleft1&#8243; color=\u00bb#5f2167&#8243; thickness=\u00bb4&#8243; up=\u00bb25&#8243; down=\u00bb25&#8243;][\/vc_column][\/vc_row][vc_row css_animation=\u00bb\u00bb row_type=\u00bbrow\u00bb use_row_as_full_screen_section=\u00bbno\u00bb type=\u00bbgrid\u00bb angled_section=\u00bbno\u00bb text_align=\u00bbleft\u00bb background_image_as_pattern=\u00bbwithout_pattern\u00bb z_index=\u00bb\u00bb el_id=\u00bbpagecontent\u00bb css=\u00bb.vc_custom_1578039775737{margin-top: 5px !important;margin-bottom:&#8230;<\/p>\n","protected":false},"author":1,"featured_media":11582,"parent":9164,"menu_order":0,"comment_status":"closed","ping_status":"closed","template":"full_width.php","meta":{"_acf_changed":false,"footnotes":"","_wp_rev_ctl_limit":"5"},"class_list":["post-9243","page","type-page","status-publish","has-post-thumbnail","hentry"],"acf":[],"yoast_head":"<!-- This site is optimized with the Yoast SEO plugin v23.8 - https:\/\/yoast.com\/wordpress\/plugins\/seo\/ -->\n<title>Mapas l\u00edneas bus Terrassa &#8211; Transports Municipals d\u2019Egara<\/title>\n<meta name=\"description\" content=\"Mapas de las l\u00edneas de los autobuses de Terrassa. Consulta aqu\u00ed los mapas de todas las l\u00edneas de los autobuses urbanos de Terrassa.\" \/>\n<meta name=\"robots\" content=\"index, follow, max-snippet:-1, max-image-preview:large, max-video-preview:-1\" \/>\n<link rel=\"canonical\" href=\"https:\/\/tmesa.com\/es\/s\/mapas-lineas-bus-terrassa\/\" \/>\n<meta property=\"og:locale\" content=\"es_ES\" \/>\n<meta property=\"og:type\" content=\"article\" \/>\n<meta property=\"og:title\" content=\"Mapas l\u00edneas bus Terrassa &#8211; Transports Municipals d\u2019Egara\" \/>\n<meta property=\"og:description\" content=\"Mapas de las l\u00edneas de los autobuses de Terrassa. Consulta aqu\u00ed los mapas de todas las l\u00edneas de los autobuses urbanos de Terrassa.\" \/>\n<meta property=\"og:url\" content=\"https:\/\/tmesa.com\/es\/s\/mapas-lineas-bus-terrassa\/\" \/>\n<meta property=\"og:site_name\" content=\"Transports Municipals d\u2019Egara\" \/>\n<meta property=\"article:modified_time\" content=\"2024-11-08T09:37:13+00:00\" \/>\n<meta property=\"og:image\" content=\"https:\/\/tmesa.com\/wp-content\/uploads\/2020\/02\/planol-bus-terrassa-linia-H.jpg\" \/>\n\t<meta property=\"og:image:width\" content=\"2400\" \/>\n\t<meta property=\"og:image:height\" content=\"2419\" \/>\n\t<meta property=\"og:image:type\" content=\"image\/jpeg\" \/>\n<meta name=\"twitter:card\" content=\"summary_large_image\" \/>\n<meta name=\"twitter:label1\" content=\"Tiempo de lectura\" \/>\n\t<meta name=\"twitter:data1\" content=\"2 minutos\" \/>\n<script type=\"application\/ld+json\" class=\"yoast-schema-graph\">{\"@context\":\"https:\/\/schema.org\",\"@graph\":[{\"@type\":\"WebPage\",\"@id\":\"https:\/\/tmesa.com\/es\/s\/mapas-lineas-bus-terrassa\/\",\"url\":\"https:\/\/tmesa.com\/es\/s\/mapas-lineas-bus-terrassa\/\",\"name\":\"Mapas l\u00edneas bus Terrassa &#8211; Transports Municipals d\u2019Egara\",\"isPartOf\":{\"@id\":\"https:\/\/tmesa.com\/es\/#website\"},\"primaryImageOfPage\":{\"@id\":\"https:\/\/tmesa.com\/es\/s\/mapas-lineas-bus-terrassa\/#primaryimage\"},\"image\":{\"@id\":\"https:\/\/tmesa.com\/es\/s\/mapas-lineas-bus-terrassa\/#primaryimage\"},\"thumbnailUrl\":\"https:\/\/tmesa.com\/wp-content\/uploads\/2020\/02\/planol-bus-terrassa-linia-H.jpg\",\"datePublished\":\"2019-11-12T08:20:21+00:00\",\"dateModified\":\"2024-11-08T09:37:13+00:00\",\"description\":\"Mapas de las l\u00edneas de los autobuses de Terrassa. Consulta aqu\u00ed los mapas de todas las l\u00edneas de los autobuses urbanos de Terrassa.\",\"breadcrumb\":{\"@id\":\"https:\/\/tmesa.com\/es\/s\/mapas-lineas-bus-terrassa\/#breadcrumb\"},\"inLanguage\":\"es\",\"potentialAction\":[{\"@type\":\"ReadAction\",\"target\":[\"https:\/\/tmesa.com\/es\/s\/mapas-lineas-bus-terrassa\/\"]}]},{\"@type\":\"ImageObject\",\"inLanguage\":\"es\",\"@id\":\"https:\/\/tmesa.com\/es\/s\/mapas-lineas-bus-terrassa\/#primaryimage\",\"url\":\"https:\/\/tmesa.com\/wp-content\/uploads\/2020\/02\/planol-bus-terrassa-linia-H.jpg\",\"contentUrl\":\"https:\/\/tmesa.com\/wp-content\/uploads\/2020\/02\/planol-bus-terrassa-linia-H.jpg\",\"width\":2400,\"height\":2419},{\"@type\":\"BreadcrumbList\",\"@id\":\"https:\/\/tmesa.com\/es\/s\/mapas-lineas-bus-terrassa\/#breadcrumb\",\"itemListElement\":[{\"@type\":\"ListItem\",\"position\":1,\"name\":\"Inici\",\"item\":\"https:\/\/tmesa.com\/es\/\"},{\"@type\":\"ListItem\",\"position\":2,\"name\":\"Servicios\",\"item\":\"https:\/\/tmesa.com\/es\/s\/\"},{\"@type\":\"ListItem\",\"position\":3,\"name\":\"Mapas de las l\u00edneas\"}]},{\"@type\":\"WebSite\",\"@id\":\"https:\/\/tmesa.com\/es\/#website\",\"url\":\"https:\/\/tmesa.com\/es\/\",\"name\":\"Transports Municipals d\u2019Egara\",\"description\":\"\",\"potentialAction\":[{\"@type\":\"SearchAction\",\"target\":{\"@type\":\"EntryPoint\",\"urlTemplate\":\"https:\/\/tmesa.com\/es\/?s={search_term_string}\"},\"query-input\":{\"@type\":\"PropertyValueSpecification\",\"valueRequired\":true,\"valueName\":\"search_term_string\"}}],\"inLanguage\":\"es\"}]}<\/script>\n<!-- \/ Yoast SEO plugin. -->","yoast_head_json":{"title":"Mapas l\u00edneas bus Terrassa &#8211; Transports Municipals d\u2019Egara","description":"Mapas de las l\u00edneas de los autobuses de Terrassa. Consulta aqu\u00ed los mapas de todas las l\u00edneas de los autobuses urbanos de Terrassa.","robots":{"index":"index","follow":"follow","max-snippet":"max-snippet:-1","max-image-preview":"max-image-preview:large","max-video-preview":"max-video-preview:-1"},"canonical":"https:\/\/tmesa.com\/es\/s\/mapas-lineas-bus-terrassa\/","og_locale":"es_ES","og_type":"article","og_title":"Mapas l\u00edneas bus Terrassa &#8211; Transports Municipals d\u2019Egara","og_description":"Mapas de las l\u00edneas de los autobuses de Terrassa. Consulta aqu\u00ed los mapas de todas las l\u00edneas de los autobuses urbanos de Terrassa.","og_url":"https:\/\/tmesa.com\/es\/s\/mapas-lineas-bus-terrassa\/","og_site_name":"Transports Municipals d\u2019Egara","article_modified_time":"2024-11-08T09:37:13+00:00","og_image":[{"width":2400,"height":2419,"url":"https:\/\/tmesa.com\/wp-content\/uploads\/2020\/02\/planol-bus-terrassa-linia-H.jpg","type":"image\/jpeg"}],"twitter_card":"summary_large_image","twitter_misc":{"Tiempo de lectura":"2 minutos"},"schema":{"@context":"https:\/\/schema.org","@graph":[{"@type":"WebPage","@id":"https:\/\/tmesa.com\/es\/s\/mapas-lineas-bus-terrassa\/","url":"https:\/\/tmesa.com\/es\/s\/mapas-lineas-bus-terrassa\/","name":"Mapas l\u00edneas bus Terrassa &#8211; Transports Municipals d\u2019Egara","isPartOf":{"@id":"https:\/\/tmesa.com\/es\/#website"},"primaryImageOfPage":{"@id":"https:\/\/tmesa.com\/es\/s\/mapas-lineas-bus-terrassa\/#primaryimage"},"image":{"@id":"https:\/\/tmesa.com\/es\/s\/mapas-lineas-bus-terrassa\/#primaryimage"},"thumbnailUrl":"https:\/\/tmesa.com\/wp-content\/uploads\/2020\/02\/planol-bus-terrassa-linia-H.jpg","datePublished":"2019-11-12T08:20:21+00:00","dateModified":"2024-11-08T09:37:13+00:00","description":"Mapas de las l\u00edneas de los autobuses de Terrassa. Consulta aqu\u00ed los mapas de todas las l\u00edneas de los autobuses urbanos de Terrassa.","breadcrumb":{"@id":"https:\/\/tmesa.com\/es\/s\/mapas-lineas-bus-terrassa\/#breadcrumb"},"inLanguage":"es","potentialAction":[{"@type":"ReadAction","target":["https:\/\/tmesa.com\/es\/s\/mapas-lineas-bus-terrassa\/"]}]},{"@type":"ImageObject","inLanguage":"es","@id":"https:\/\/tmesa.com\/es\/s\/mapas-lineas-bus-terrassa\/#primaryimage","url":"https:\/\/tmesa.com\/wp-content\/uploads\/2020\/02\/planol-bus-terrassa-linia-H.jpg","contentUrl":"https:\/\/tmesa.com\/wp-content\/uploads\/2020\/02\/planol-bus-terrassa-linia-H.jpg","width":2400,"height":2419},{"@type":"BreadcrumbList","@id":"https:\/\/tmesa.com\/es\/s\/mapas-lineas-bus-terrassa\/#breadcrumb","itemListElement":[{"@type":"ListItem","position":1,"name":"Inici","item":"https:\/\/tmesa.com\/es\/"},{"@type":"ListItem","position":2,"name":"Servicios","item":"https:\/\/tmesa.com\/es\/s\/"},{"@type":"ListItem","position":3,"name":"Mapas de las l\u00edneas"}]},{"@type":"WebSite","@id":"https:\/\/tmesa.com\/es\/#website","url":"https:\/\/tmesa.com\/es\/","name":"Transports Municipals d\u2019Egara","description":"","potentialAction":[{"@type":"SearchAction","target":{"@type":"EntryPoint","urlTemplate":"https:\/\/tmesa.com\/es\/?s={search_term_string}"},"query-input":{"@type":"PropertyValueSpecification","valueRequired":true,"valueName":"search_term_string"}}],"inLanguage":"es"}]}},"publishpress_future_workflow_manual_trigger":{"enabledWorkflows":[]},"_links":{"self":[{"href":"https:\/\/tmesa.com\/es\/wp-json\/wp\/v2\/pages\/9243"}],"collection":[{"href":"https:\/\/tmesa.com\/es\/wp-json\/wp\/v2\/pages"}],"about":[{"href":"https:\/\/tmesa.com\/es\/wp-json\/wp\/v2\/types\/page"}],"author":[{"embeddable":true,"href":"https:\/\/tmesa.com\/es\/wp-json\/wp\/v2\/users\/1"}],"replies":[{"embeddable":true,"href":"https:\/\/tmesa.com\/es\/wp-json\/wp\/v2\/comments?post=9243"}],"version-history":[{"count":5,"href":"https:\/\/tmesa.com\/es\/wp-json\/wp\/v2\/pages\/9243\/revisions"}],"predecessor-version":[{"id":31732,"href":"https:\/\/tmesa.com\/es\/wp-json\/wp\/v2\/pages\/9243\/revisions\/31732"}],"up":[{"embeddable":true,"href":"https:\/\/tmesa.com\/es\/wp-json\/wp\/v2\/pages\/9164"}],"wp:featuredmedia":[{"embeddable":true,"href":"https:\/\/tmesa.com\/es\/wp-json\/wp\/v2\/media\/11582"}],"wp:attachment":[{"href":"https:\/\/tmesa.com\/es\/wp-json\/wp\/v2\/media?parent=9243"}],"curies":[{"name":"wp","href":"https:\/\/api.w.org\/{rel}","templated":true}]}}