
{"id":9183,"date":"2019-11-19T18:59:12","date_gmt":"2019-11-19T16:59:12","guid":{"rendered":"https:\/\/tmesa.com\/planol\/"},"modified":"2022-07-25T11:48:49","modified_gmt":"2022-07-25T09:48:49","slug":"planol","status":"publish","type":"page","link":"https:\/\/tmesa.com\/es\/planol\/","title":{"rendered":"Mapa"},"content":{"rendered":"<div class=\"wpb-content-wrapper\"><p>[vc_row css_animation=\u00bb\u00bb row_type=\u00bbrow\u00bb use_row_as_full_screen_section=\u00bbno\u00bb type=\u00bbgrid\u00bb angled_section=\u00bbno\u00bb text_align=\u00bbleft\u00bb background_image_as_pattern=\u00bbwithout_pattern\u00bb z_index=\u00bb\u00bb el_id=\u00bbbreadcrumbs\u00bb css=\u00bb.vc_custom_1574787755856{background-color: #ecebeb !important;}\u00bb][vc_column][vc_widget_sidebar sidebar_id=\u00bbBreadcrumbs\u00bb el_class=\u00bbmybreadcrumbs\u00bb][\/vc_column][\/vc_row][vc_row css_animation=\u00bb\u00bb row_type=\u00bbrow\u00bb use_row_as_full_screen_section=\u00bbno\u00bb type=\u00bbgrid\u00bb angled_section=\u00bbno\u00bb text_align=\u00bbleft\u00bb background_image_as_pattern=\u00bbwithout_pattern\u00bb z_index=\u00bb\u00bb el_id=\u00bbpagetitle\u00bb css=\u00bb.vc_custom_1573472142307{margin-top: 0px !important;padding-top: 40px !important;background-color: #ecebeb !important;}\u00bb][vc_column][vc_column_text el_class=\u00bbpagetit1 pagetitmap1&#8243;]<\/p>\n<h1>Mapa L\u00ednea &lt;blank value&gt;<\/h1>\n<p>[\/vc_column_text][vc_separator type=\u00bbnormal\u00bb el_class=\u00bbpagelineleft1&#8243; color=\u00bb#5f2167&#8243; thickness=\u00bb4&#8243; up=\u00bb25&#8243; down=\u00bb25&#8243;][\/vc_column][\/vc_row][vc_row css_animation=\u00bb\u00bb row_type=\u00bbrow\u00bb use_row_as_full_screen_section=\u00bbno\u00bb type=\u00bbfull_width\u00bb angled_section=\u00bbno\u00bb text_align=\u00bbleft\u00bb background_image_as_pattern=\u00bbwithout_pattern\u00bb css=\u00bb.vc_custom_1574181464653{padding-bottom: 50px !important;background-color: #ecebeb !important;}\u00bb z_index=\u00bb\u00bb el_id=\u00bbliniapage\u00bb][vc_column][vc_row_inner row_type=\u00bbrow\u00bb type=\u00bbgrid\u00bb text_align=\u00bbleft\u00bb css_animation=\u00bb\u00bb css=\u00bb.vc_custom_1573814430548{margin-top: 20px !important;}\u00bb][vc_column_inner][vc_raw_html]JTNDaW1nJTIwc3JjJTNEJTIyLi4lMkYuLiUyRndwLWNvbnRlbnQlMkZ1cGxvYWRzJTJGMjAxOSUyRjExJTJGcGxhbm9sLWJ1cy10ZXJyYXNzYS1saW5pYS0lNUJkaXNwbGF5LWdldC1wYXJhbSUyMG5hbWUlM0QlMjdsaW5lX2lkJTI3JTVELmpwZyUyMiUyMGNsYXNzJTNEJTIydmNfc2luZ2xlX2ltYWdlLWltZyUyMGF0dGFjaG1lbnQtZnVsbCUyMiUyMGFsdCUzRCUyMk1hcGElMjBMJUMzJUFEbmVhJTIwJTVCZGlzcGxheS1nZXQtcGFyYW0lMjBuYW1lJTNEJTI3bGluZV9pZCUyNyU1RCUyMGJ1cyUyMFRlcnJhc3NhJTIyJTIwd2lkdGglM0QlMjIyNDAwJTIyJTIwaGVpZ2h0JTNEJTIyMjQxOSUyMiUzRQ==[\/vc_raw_html][\/vc_column_inner][\/vc_row_inner][vc_row_inner row_type=\u00bbrow\u00bb type=\u00bbgrid\u00bb text_align=\u00bbleft\u00bb css_animation=\u00bb\u00bb][vc_column_inner][vc_raw_html css=\u00bb.vc_custom_1578648218131{margin-top: 20px !important;}\u00bb]JTNDYSUyMGhyZWYlM0QlMjIuLiUyRi4uJTJGd3AtY29udGVudCUyRnVwbG9hZHMlMkYyMDE5JTJGMTElMkZwbGFub2wtYnVzLXRlcnJhc3NhLWxpbmlhLSU1QmRpc3BsYXktZ2V0LXBhcmFtJTIwbmFtZSUzRCUyN2xpbmVfaWQlMjclNUQucGRmJTIyJTIwdGFyZ2V0JTNEJTIyX2JsYW5rJTIyJTNFJTNDZGl2JTIwY2xhc3MlM0QlMjJkZXNjYW1hcHBkZjElMjIlM0UlM0NpJTIwY2xhc3MlM0QlMjJmYSUyMGZhLWZpbGUtcGRmLW8lMjBkZXNjYW1hcHBkZjFpY29uJTIyJTNFJTNDJTJGaSUzRSUyMERlc2NhcmdhciUyMFBERiUzQyUyRmRpdiUzRSUzQyUyRmElM0U=[\/vc_raw_html][\/vc_column_inner][\/vc_row_inner][\/vc_column][\/vc_row][vc_row css_animation=\u00bb\u00bb row_type=\u00bbrow\u00bb use_row_as_full_screen_section=\u00bbno\u00bb type=\u00bbfull_width\u00bb angled_section=\u00bbno\u00bb text_align=\u00bbleft\u00bb background_image_as_pattern=\u00bbwithout_pattern\u00bb][vc_column][vc_widget_sidebar sidebar_id=\u00bbnovared4&#8243;][\/vc_column][\/vc_row]<\/p>\n<div class=\"social-share-buttons\"><a href=\"https:\/\/www.facebook.com\/sharer\/sharer.php?u=https:\/\/tmesa.com\/es\/planol\/\" target=\"_blank\" rel=\"noopener\"><i class=\"fa-brands fa-facebook-f\"><\/i><\/a><a href=\"https:\/\/twitter.com\/intent\/tweet?url=https:\/\/tmesa.com\/es\/planol\/&text=Mapa\" target=\"_blank\" rel=\"noopener\"><i class=\"fa-brands fa-twitter\"><\/i><\/a><a href=\"https:\/\/www.linkedin.com\/shareArticle?url=https:\/\/tmesa.com\/es\/planol\/&title=Mapa\" target=\"_blank\" rel=\"noopener\"><i class=\"fa-brands fa-linkedin-in\"><\/i><\/a><\/div><\/div>","protected":false},"excerpt":{"rendered":"<p>[vc_row css_animation=\u00bb\u00bb row_type=\u00bbrow\u00bb use_row_as_full_screen_section=\u00bbno\u00bb type=\u00bbgrid\u00bb angled_section=\u00bbno\u00bb text_align=\u00bbleft\u00bb background_image_as_pattern=\u00bbwithout_pattern\u00bb z_index=\u00bb\u00bb el_id=\u00bbbreadcrumbs\u00bb css=\u00bb.vc_custom_1574787755856{background-color: #ecebeb !important;}\u00bb][vc_column][vc_widget_sidebar sidebar_id=\u00bbBreadcrumbs\u00bb el_class=\u00bbmybreadcrumbs\u00bb][\/vc_column][\/vc_row][vc_row css_animation=\u00bb\u00bb row_type=\u00bbrow\u00bb use_row_as_full_screen_section=\u00bbno\u00bb type=\u00bbgrid\u00bb angled_section=\u00bbno\u00bb text_align=\u00bbleft\u00bb background_image_as_pattern=\u00bbwithout_pattern\u00bb z_index=\u00bb\u00bb el_id=\u00bbpagetitle\u00bb css=\u00bb.vc_custom_1573472142307{margin-top: 0px !important;padding-top: 40px !important;background-color: #ecebeb !important;}\u00bb][vc_column][vc_column_text el_class=\u00bbpagetit1 pagetitmap1&#8243;] Mapa L\u00ednea [\/vc_column_text][vc_separator type=\u00bbnormal\u00bb el_class=\u00bbpagelineleft1&#8243; color=\u00bb#5f2167&#8243; thickness=\u00bb4&#8243; up=\u00bb25&#8243; down=\u00bb25&#8243;][\/vc_column][\/vc_row][vc_row css_animation=\u00bb\u00bb row_type=\u00bbrow\u00bb use_row_as_full_screen_section=\u00bbno\u00bb&#8230;<\/p>\n","protected":false},"author":1,"featured_media":2623,"parent":0,"menu_order":0,"comment_status":"closed","ping_status":"closed","template":"full_width.php","meta":{"_acf_changed":false,"footnotes":"","_wp_rev_ctl_limit":"5"},"class_list":["post-9183","page","type-page","status-publish","has-post-thumbnail","hentry"],"acf":[],"yoast_head":"<!-- This site is optimized with the Yoast SEO plugin v23.8 - https:\/\/yoast.com\/wordpress\/plugins\/seo\/ -->\n<title>Mapas l\u00edneas autobuses Terrassa &#8211; Transports Municipals d\u2019Egara<\/title>\n<meta name=\"description\" content=\"Consulta aqu\u00ed el plano de tu l\u00ednea de bus de Terrassa. Recorrido y paradas. Tambi\u00e9n puedes descargarlo en formato PDF para imprimirlo.\" \/>\n<meta name=\"robots\" content=\"index, follow, max-snippet:-1, max-image-preview:large, max-video-preview:-1\" \/>\n<link rel=\"canonical\" href=\"https:\/\/tmesa.com\/es\/planol\/\" \/>\n<meta property=\"og:locale\" content=\"es_ES\" \/>\n<meta property=\"og:type\" content=\"article\" \/>\n<meta property=\"og:title\" content=\"Mapas l\u00edneas autobuses Terrassa &#8211; Transports Municipals d\u2019Egara\" \/>\n<meta property=\"og:description\" content=\"Consulta aqu\u00ed el plano de tu l\u00ednea de bus de Terrassa. Recorrido y paradas. Tambi\u00e9n puedes descargarlo en formato PDF para imprimirlo.\" \/>\n<meta property=\"og:url\" content=\"https:\/\/tmesa.com\/es\/planol\/\" \/>\n<meta property=\"og:site_name\" content=\"Transports Municipals d\u2019Egara\" \/>\n<meta property=\"article:modified_time\" content=\"2022-07-25T09:48:49+00:00\" \/>\n<meta property=\"og:image\" content=\"https:\/\/tmesa.com\/wp-content\/uploads\/2019\/11\/planol-bus-terrassa-linia-16.jpg\" \/>\n\t<meta property=\"og:image:width\" content=\"2400\" \/>\n\t<meta property=\"og:image:height\" content=\"2419\" \/>\n\t<meta property=\"og:image:type\" content=\"image\/jpeg\" \/>\n<meta name=\"twitter:card\" content=\"summary_large_image\" \/>\n<meta name=\"twitter:label1\" content=\"Tiempo de lectura\" \/>\n\t<meta name=\"twitter:data1\" content=\"2 minutos\" \/>\n<script type=\"application\/ld+json\" class=\"yoast-schema-graph\">{\"@context\":\"https:\/\/schema.org\",\"@graph\":[{\"@type\":\"WebPage\",\"@id\":\"https:\/\/tmesa.com\/es\/planol\/\",\"url\":\"https:\/\/tmesa.com\/es\/planol\/\",\"name\":\"Mapas l\u00edneas autobuses Terrassa &#8211; Transports Municipals d\u2019Egara\",\"isPartOf\":{\"@id\":\"https:\/\/tmesa.com\/es\/#website\"},\"primaryImageOfPage\":{\"@id\":\"https:\/\/tmesa.com\/es\/planol\/#primaryimage\"},\"image\":{\"@id\":\"https:\/\/tmesa.com\/es\/planol\/#primaryimage\"},\"thumbnailUrl\":\"https:\/\/tmesa.com\/wp-content\/uploads\/2019\/11\/planol-bus-terrassa-linia-16.jpg\",\"datePublished\":\"2019-11-19T16:59:12+00:00\",\"dateModified\":\"2022-07-25T09:48:49+00:00\",\"description\":\"Consulta aqu\u00ed el plano de tu l\u00ednea de bus de Terrassa. Recorrido y paradas. Tambi\u00e9n puedes descargarlo en formato PDF para imprimirlo.\",\"breadcrumb\":{\"@id\":\"https:\/\/tmesa.com\/es\/planol\/#breadcrumb\"},\"inLanguage\":\"es\",\"potentialAction\":[{\"@type\":\"ReadAction\",\"target\":[\"https:\/\/tmesa.com\/es\/planol\/\"]}]},{\"@type\":\"ImageObject\",\"inLanguage\":\"es\",\"@id\":\"https:\/\/tmesa.com\/es\/planol\/#primaryimage\",\"url\":\"https:\/\/tmesa.com\/wp-content\/uploads\/2019\/11\/planol-bus-terrassa-linia-16.jpg\",\"contentUrl\":\"https:\/\/tmesa.com\/wp-content\/uploads\/2019\/11\/planol-bus-terrassa-linia-16.jpg\",\"width\":2400,\"height\":2419},{\"@type\":\"BreadcrumbList\",\"@id\":\"https:\/\/tmesa.com\/es\/planol\/#breadcrumb\",\"itemListElement\":[{\"@type\":\"ListItem\",\"position\":1,\"name\":\"Inici\",\"item\":\"https:\/\/tmesa.com\/es\/\"},{\"@type\":\"ListItem\",\"position\":2,\"name\":\"Mapa\"}]},{\"@type\":\"WebSite\",\"@id\":\"https:\/\/tmesa.com\/es\/#website\",\"url\":\"https:\/\/tmesa.com\/es\/\",\"name\":\"Transports Municipals d\u2019Egara\",\"description\":\"\",\"potentialAction\":[{\"@type\":\"SearchAction\",\"target\":{\"@type\":\"EntryPoint\",\"urlTemplate\":\"https:\/\/tmesa.com\/es\/?s={search_term_string}\"},\"query-input\":{\"@type\":\"PropertyValueSpecification\",\"valueRequired\":true,\"valueName\":\"search_term_string\"}}],\"inLanguage\":\"es\"}]}<\/script>\n<!-- \/ Yoast SEO plugin. -->","yoast_head_json":{"title":"Mapas l\u00edneas autobuses Terrassa &#8211; Transports Municipals d\u2019Egara","description":"Consulta aqu\u00ed el plano de tu l\u00ednea de bus de Terrassa. Recorrido y paradas. Tambi\u00e9n puedes descargarlo en formato PDF para imprimirlo.","robots":{"index":"index","follow":"follow","max-snippet":"max-snippet:-1","max-image-preview":"max-image-preview:large","max-video-preview":"max-video-preview:-1"},"canonical":"https:\/\/tmesa.com\/es\/planol\/","og_locale":"es_ES","og_type":"article","og_title":"Mapas l\u00edneas autobuses Terrassa &#8211; Transports Municipals d\u2019Egara","og_description":"Consulta aqu\u00ed el plano de tu l\u00ednea de bus de Terrassa. Recorrido y paradas. Tambi\u00e9n puedes descargarlo en formato PDF para imprimirlo.","og_url":"https:\/\/tmesa.com\/es\/planol\/","og_site_name":"Transports Municipals d\u2019Egara","article_modified_time":"2022-07-25T09:48:49+00:00","og_image":[{"width":2400,"height":2419,"url":"https:\/\/tmesa.com\/wp-content\/uploads\/2019\/11\/planol-bus-terrassa-linia-16.jpg","type":"image\/jpeg"}],"twitter_card":"summary_large_image","twitter_misc":{"Tiempo de lectura":"2 minutos"},"schema":{"@context":"https:\/\/schema.org","@graph":[{"@type":"WebPage","@id":"https:\/\/tmesa.com\/es\/planol\/","url":"https:\/\/tmesa.com\/es\/planol\/","name":"Mapas l\u00edneas autobuses Terrassa &#8211; Transports Municipals d\u2019Egara","isPartOf":{"@id":"https:\/\/tmesa.com\/es\/#website"},"primaryImageOfPage":{"@id":"https:\/\/tmesa.com\/es\/planol\/#primaryimage"},"image":{"@id":"https:\/\/tmesa.com\/es\/planol\/#primaryimage"},"thumbnailUrl":"https:\/\/tmesa.com\/wp-content\/uploads\/2019\/11\/planol-bus-terrassa-linia-16.jpg","datePublished":"2019-11-19T16:59:12+00:00","dateModified":"2022-07-25T09:48:49+00:00","description":"Consulta aqu\u00ed el plano de tu l\u00ednea de bus de Terrassa. Recorrido y paradas. Tambi\u00e9n puedes descargarlo en formato PDF para imprimirlo.","breadcrumb":{"@id":"https:\/\/tmesa.com\/es\/planol\/#breadcrumb"},"inLanguage":"es","potentialAction":[{"@type":"ReadAction","target":["https:\/\/tmesa.com\/es\/planol\/"]}]},{"@type":"ImageObject","inLanguage":"es","@id":"https:\/\/tmesa.com\/es\/planol\/#primaryimage","url":"https:\/\/tmesa.com\/wp-content\/uploads\/2019\/11\/planol-bus-terrassa-linia-16.jpg","contentUrl":"https:\/\/tmesa.com\/wp-content\/uploads\/2019\/11\/planol-bus-terrassa-linia-16.jpg","width":2400,"height":2419},{"@type":"BreadcrumbList","@id":"https:\/\/tmesa.com\/es\/planol\/#breadcrumb","itemListElement":[{"@type":"ListItem","position":1,"name":"Inici","item":"https:\/\/tmesa.com\/es\/"},{"@type":"ListItem","position":2,"name":"Mapa"}]},{"@type":"WebSite","@id":"https:\/\/tmesa.com\/es\/#website","url":"https:\/\/tmesa.com\/es\/","name":"Transports Municipals d\u2019Egara","description":"","potentialAction":[{"@type":"SearchAction","target":{"@type":"EntryPoint","urlTemplate":"https:\/\/tmesa.com\/es\/?s={search_term_string}"},"query-input":{"@type":"PropertyValueSpecification","valueRequired":true,"valueName":"search_term_string"}}],"inLanguage":"es"}]}},"publishpress_future_workflow_manual_trigger":{"enabledWorkflows":[]},"_links":{"self":[{"href":"https:\/\/tmesa.com\/es\/wp-json\/wp\/v2\/pages\/9183"}],"collection":[{"href":"https:\/\/tmesa.com\/es\/wp-json\/wp\/v2\/pages"}],"about":[{"href":"https:\/\/tmesa.com\/es\/wp-json\/wp\/v2\/types\/page"}],"author":[{"embeddable":true,"href":"https:\/\/tmesa.com\/es\/wp-json\/wp\/v2\/users\/1"}],"replies":[{"embeddable":true,"href":"https:\/\/tmesa.com\/es\/wp-json\/wp\/v2\/comments?post=9183"}],"version-history":[{"count":4,"href":"https:\/\/tmesa.com\/es\/wp-json\/wp\/v2\/pages\/9183\/revisions"}],"predecessor-version":[{"id":9188,"href":"https:\/\/tmesa.com\/es\/wp-json\/wp\/v2\/pages\/9183\/revisions\/9188"}],"wp:featuredmedia":[{"embeddable":true,"href":"https:\/\/tmesa.com\/es\/wp-json\/wp\/v2\/media\/2623"}],"wp:attachment":[{"href":"https:\/\/tmesa.com\/es\/wp-json\/wp\/v2\/media?parent=9183"}],"curies":[{"name":"wp","href":"https:\/\/api.w.org\/{rel}","templated":true}]}}