{"id":26911,"date":"2022-08-24T11:52:22","date_gmt":"2022-08-24T09:52:22","guid":{"rendered":"https:\/\/tmesa.com\/?page_id=26911"},"modified":"2025-01-09T16:01:45","modified_gmt":"2025-01-09T15:01:45","slug":"tarifas-precios-tarjetas-atm-bus-tmesa-fng-reducidos","status":"publish","type":"page","link":"https:\/\/tmesa.com\/es\/p\/tarifas-precios-tarjetas-atm-bus-tmesa-fng-reducidos\/","title":{"rendered":"T\u00edtulos de transporte integrados FM\/FN general reducidos"},"content":{"rendered":"<div class=\"wpb-content-wrapper\"><p>[vc_row css_animation=\u00bb\u00bb row_type=\u00bbrow\u00bb use_row_as_full_screen_section=\u00bbno\u00bb type=\u00bbgrid\u00bb angled_section=\u00bbno\u00bb text_align=\u00bbleft\u00bb background_image_as_pattern=\u00bbwithout_pattern\u00bb z_index=\u00bb\u00bb el_id=\u00bbbreadcrumbs\u00bb][vc_column][vc_widget_sidebar sidebar_id=\u00bbBreadcrumbs\u00bb el_class=\u00bbmybreadcrumbs\u00bb][\/vc_column][\/vc_row][vc_row css_animation=\u00bb\u00bb row_type=\u00bbrow\u00bb use_row_as_full_screen_section=\u00bbno\u00bb type=\u00bbgrid\u00bb angled_section=\u00bbno\u00bb text_align=\u00bbleft\u00bb background_image_as_pattern=\u00bbwithout_pattern\u00bb z_index=\u00bb\u00bb el_id=\u00bbpagetitle\u00bb][vc_column width=\u00bb2\/3&#8243;][vc_column_text el_class=\u00bbpagetit1&#8243;]<\/p>\n<h1><a title=\"T\u00edtulos de transporte integrados\" href=\"https:\/\/tmesa.com\/es\/p\/tarifas-precios-tarjetas-atm-bus-tmesa-fng\/\">T\u00edtulos de transporte integrados generales<\/a><\/h1>\n<p>[\/vc_column_text][vc_separator type=\u00bbnormal\u00bb el_class=\u00bbpagelineleft1&#8243; color=\u00bb#5f2167&#8243; thickness=\u00bb4&#8243; up=\u00bb25&#8243; down=\u00bb25&#8243;][\/vc_column][vc_column width=\u00bb1\/3&#8243;][vc_single_image image=\u00bb11516&#8243; img_size=\u00bbfull\u00bb alignment=\u00bbright\u00bb onclick=\u00bbcustom_link\u00bb img_link_target=\u00bb_blank\u00bb qode_css_animation=\u00bb\u00bb link=\u00bbhttps:\/\/www.atm.cat\/es\/sistema-tarifari-integrat\/sistema-de-transport\/mapa-de-la-zonificacio\u00bb el_class=\u00bbatmbut1&#8243;][\/vc_column][\/vc_row][vc_row css_animation=\u00bb\u00bb row_type=\u00bbrow\u00bb use_row_as_full_screen_section=\u00bbno\u00bb type=\u00bbgrid\u00bb angled_section=\u00bbno\u00bb text_align=\u00bbleft\u00bb background_image_as_pattern=\u00bbwithout_pattern\u00bb z_index=\u00bb\u00bb el_class=\u00bbesconde\u00bb][vc_column][vc_single_image image=\u00bb27040&#8243; img_size=\u00bbfull\u00bb qode_css_animation=\u00bb\u00bb][vc_separator type=\u00bbnormal\u00bb color=\u00bb#5f2167&#8243; thickness=\u00bb0&#8243; up=\u00bb15&#8243; down=\u00bb10&#8243;][\/vc_column][\/vc_row][vc_row css_animation=\u00bb\u00bb row_type=\u00bbrow\u00bb use_row_as_full_screen_section=\u00bbno\u00bb type=\u00bbgrid\u00bb angled_section=\u00bbno\u00bb text_align=\u00bbleft\u00bb background_image_as_pattern=\u00bbwithout_pattern\u00bb z_index=\u00bb\u00bb][vc_column][vc_column_text el_class=\u00bbpagesubtit2&#8243;]<\/p>\n<h4><strong>Familias monoparentales y familiares numerosas (FM\/FN) general<\/strong><\/h4>\n<p>[\/vc_column_text][vc_column_text el_class=\u00bbpagesubtit2&#8243;]<\/p>\n<h4>REDUCCI\u00d3N TEMPORAL DE TARIFAS<\/h4>\n<p>[\/vc_column_text][vc_column_text css=\u00bb.vc_custom_1736434894830{margin-bottom: 20px !important;}\u00bb el_class=\u00bbpagesubtit2&#8243;]Los precios se aplicar\u00e1n a partir del 15 de enero de 2025 y hasta el 31 de diciembre de 2025.[\/vc_column_text][vc_raw_html el_class=\u00bbmoreinfobut1&#8243;]JTNDYSUyMGhyZWYlM0QlMjJodHRwcyUzQSUyRiUyRnd3dy5hdG0uY2F0JTJGZXMlMkZzaXN0ZW1hLXRhcmlmYXJpLWludGVncmF0JTJGdGl0b2xzLWktdGFyaWZlcyUyMiUyMHRhcmdldCUzRCUyMl9ibGFuayUyMiUzRSUzQ2RpdiUyMGNsYXNzJTNEJTIyZGVzY2FtYXBwZGYxJTIyJTNFJTNDaSUyMGNsYXNzJTNEJTIyZmElMjBmYS1pbmZvLWNpcmNsZSUyMiUyMGFyaWEtaGlkZGVuJTNEJTIydHJ1ZSUyMiUzRSUzQyUyRmklM0UlMjBNJUMzJUExcyUyMGluZm9ybWFjaSVDMyVCM24lM0MlMkZkaXYlM0UlM0MlMkZhJTNF[\/vc_raw_html][\/vc_column][\/vc_row][vc_row css_animation=\u00bb\u00bb row_type=\u00bbrow\u00bb use_row_as_full_screen_section=\u00bbno\u00bb type=\u00bbgrid\u00bb angled_section=\u00bbno\u00bb text_align=\u00bbleft\u00bb background_image_as_pattern=\u00bbwithout_pattern\u00bb el_class=\u00bbtarifespage reglapagewhite1&#8243; z_index=\u00bb\u00bb css=\u00bb.vc_custom_1662023225365{margin-top: 20px !important;}\u00bb][vc_column width=\u00bb1\/2&#8243; css=\u00bb.vc_custom_1575970877240{padding-top: 30px !important;padding-right: 30px !important;padding-bottom: 30px !important;padding-left: 30px !important;}\u00bb][vc_row_inner row_type=\u00bbrow\u00bb type=\u00bbfull_width\u00bb text_align=\u00bbleft\u00bb css_animation=\u00bb\u00bb css=\u00bb.vc_custom_1574069572471{padding-right: 20px !important;padding-left: 28px !important;}\u00bb][vc_column_inner width=\u00bb1\/3&#8243; css=\u00bb.vc_custom_1573818990758{padding-left: 0px !important;}\u00bb][vc_single_image image=\u00bb8325&#8243; img_size=\u00bbfull\u00bb onclick=\u00bbcustom_link\u00bb img_link_target=\u00bb_blank\u00bb qode_css_animation=\u00bb\u00bb el_class=\u00bbtarifespageimg1&#8243; link=\u00bbhttps:\/\/www.atm.cat\/es\/tarifaciosocial\u00bb][\/vc_column_inner][vc_column_inner width=\u00bb2\/3&#8243;][vc_column_text el_class=\u00bbtarifespagetit1&#8243;]T-usual FM\/FN general[\/vc_column_text][vc_column_text el_class=\u00bbtarifestxt1&#8243;]T\u00edtulo personal e intransferible para miembros de familias monoparentales y numerosas de categor\u00eda general, con un n\u00famero ilimitado de viajes integrados en 30 d\u00edas consecutivos en las zonas delimitadas por la primera validaci\u00f3n, en todos los modos de transporte, seg\u00fan las zonas por las que se transite (como m\u00e1ximo, se pagan 6 zonas). Debe ir acompa\u00f1ado de un documento oficial acreditativo y en vigor de su titular y del carn\u00e9 de familia monoparental o numerosa.<br \/>\n\u2014 T\u00edtulo disponible tambi\u00e9n con la <a href=\"https:\/\/t-mobilitat.atm.cat\/web\/t-mobilitat\/soportes-y-titulos\/titulos\" target=\"_blank\" rel=\"noopener\">T-mobilitat<\/a>.<br \/>\n\u2014 Precios bonificados.[\/vc_column_text][\/vc_column_inner][\/vc_row_inner][vc_row_inner row_type=\u00bbrow\u00bb type=\u00bbfull_width\u00bb text_align=\u00bbleft\u00bb css_animation=\u00bb\u00bb el_class=\u00bbtarifespagelinedown1&#8243; css=\u00bb.vc_custom_1574069605560{margin-top: 0px !important;padding-top: 0px !important;padding-right: 20px !important;padding-left: 10px !important;}\u00bb][vc_column_inner css=\u00bb.vc_custom_1573818990758{padding-left: 0px !important;}\u00bb][vc_raw_html el_class=\u00bbmypricestable1&#8243;]JTVCdGFibGUlMjBpZCUzRDM0JTIwJTJGJTVE[\/vc_raw_html][\/vc_column_inner][\/vc_row_inner][vc_row_inner row_type=\u00bbrow\u00bb type=\u00bbfull_width\u00bb text_align=\u00bbleft\u00bb css_animation=\u00bb\u00bb el_class=\u00bbtarifespagelinedown1&#8243; css=\u00bb.vc_custom_1574756935540{margin-left: 10px !important;padding-top: 0px !important;padding-right: 20px !important;padding-bottom: 0px !important;padding-left: 5px !important;}\u00bb][vc_column_inner css=\u00bb.vc_custom_1573818990758{padding-left: 0px !important;}\u00bb][vc_separator type=\u00bbnormal\u00bb color=\u00bb#cecece\u00bb thickness=\u00bb1&#8243; up=\u00bb15&#8243; down=\u00bb20&#8243;][\/vc_column_inner][\/vc_row_inner][vc_row_inner row_type=\u00bbrow\u00bb type=\u00bbfull_width\u00bb text_align=\u00bbleft\u00bb css_animation=\u00bb\u00bb css=\u00bb.vc_custom_1577976280862{margin-top: 40px !important;padding-right: 20px !important;padding-left: 28px !important;}\u00bb][vc_column_inner width=\u00bb1\/3&#8243; css=\u00bb.vc_custom_1573818990758{padding-left: 0px !important;}\u00bb][vc_single_image image=\u00bb8329&#8243; img_size=\u00bbfull\u00bb onclick=\u00bbcustom_link\u00bb img_link_target=\u00bb_blank\u00bb qode_css_animation=\u00bb\u00bb el_class=\u00bbtarifespageimg1&#8243; link=\u00bbhttps:\/\/www.atm.cat\/es\/tarifaciosocial\u00bb][\/vc_column_inner][vc_column_inner width=\u00bb2\/3&#8243;][vc_column_text el_class=\u00bbtarifespagetit1&#8243;]T-70\/90 FM\/FN general[\/vc_column_text][vc_column_text el_class=\u00bbtarifestxt1&#8243;]T\u00edtulo multipersonal y horario para miembros de familias monoparentales y numerosas de categor\u00eda general, de 70 viajes integrados en 90 d\u00edas consecutivos desde la primera validaci\u00f3n, en todos los modos de transporte, seg\u00fan las zonas por las que se transite (como m\u00e1ximo, se pagan 6 zonas). Debe ir acompa\u00f1ado del carn\u00e9 de familia monoparental o numerosa.<br \/>\n\u2014 T\u00edtulo disponible tambi\u00e9n con la <a href=\"https:\/\/t-mobilitat.atm.cat\/web\/t-mobilitat\/soportes-y-titulos\/titulos\" target=\"_blank\" rel=\"noopener\">T-mobilitat<\/a>.<br \/>\n\u2014 Precios bonificados.[\/vc_column_text][\/vc_column_inner][\/vc_row_inner][vc_row_inner row_type=\u00bbrow\u00bb type=\u00bbfull_width\u00bb text_align=\u00bbleft\u00bb css_animation=\u00bb\u00bb css=\u00bb.vc_custom_1575540258007{margin-top: 0px !important;padding-top: 0px !important;padding-right: 20px !important;padding-left: 10px !important;}\u00bb el_class=\u00bbtarifespagelinedown1&#8243;][vc_column_inner css=\u00bb.vc_custom_1573818990758{padding-left: 0px !important;}\u00bb][vc_raw_html el_class=\u00bbmypricestable1&#8243;]JTVCdGFibGUlMjBpZCUzRDM1JTIwJTJGJTVE[\/vc_raw_html][\/vc_column_inner][\/vc_row_inner][\/vc_column][vc_column width=\u00bb1\/2&#8243; css=\u00bb.vc_custom_1575970885469{margin-right: 20px !important;padding-top: 30px !important;padding-right: 30px !important;padding-bottom: 30px !important;padding-left: 30px !important;}\u00bb el_class=\u00bbtarifescolright1&#8243;][vc_row_inner row_type=\u00bbrow\u00bb type=\u00bbfull_width\u00bb text_align=\u00bbleft\u00bb css_animation=\u00bb\u00bb css=\u00bb.vc_custom_1577976236238{padding-right: 20px !important;padding-left: 28px !important;}\u00bb][vc_column_inner width=\u00bb1\/3&#8243; css=\u00bb.vc_custom_1573818990758{padding-left: 0px !important;}\u00bb][vc_single_image image=\u00bb8333&#8243; img_size=\u00bbfull\u00bb onclick=\u00bbcustom_link\u00bb img_link_target=\u00bb_blank\u00bb qode_css_animation=\u00bb\u00bb el_class=\u00bbtarifespageimg1&#8243; link=\u00bbhttps:\/\/www.atm.cat\/es\/tarifaciosocial\u00bb][\/vc_column_inner][vc_column_inner width=\u00bb2\/3&#8243;][vc_column_text el_class=\u00bbtarifespagetit1&#8243;]T-jove FM\/FN general[\/vc_column_text][vc_column_text css=\u00bb\u00bb el_class=\u00bbtarifestxt1 tarifespreu1&#8243;]T\u00edtulo personal e intransferible para personas j\u00f3venes menores de 30 a\u00f1os con un n\u00famero ilimitado de viajes integrados en 90 d\u00edas consecutivos\u00a0en las 6 coronas, en todos los modos de transporte. Debe acompa\u00f1arse de un documento oficial acreditativo y en vigor de la persona titular.<br \/>\n\u2014 T\u00edtulo disponible tambi\u00e9n con la <a href=\"https:\/\/t-mobilitat.atm.cat\/web\/t-mobilitat\/soportes-y-titulos\/titulos\" target=\"_blank\" rel=\"noopener\">T-mobilitat<\/a>.<br \/>\n\u2014 Precio (bonificado) para las 6 zonas: <em>35,20 \u20ac<\/em>[\/vc_column_text][\/vc_column_inner][\/vc_row_inner][vc_row_inner row_type=\u00bbrow\u00bb type=\u00bbfull_width\u00bb text_align=\u00bbleft\u00bb css_animation=\u00bb\u00bb css=\u00bb.vc_custom_1682077900280{margin-top: 0px !important;padding-top: 0px !important;padding-right: 20px !important;padding-left: 10px !important;}\u00bb el_class=\u00bbhiddenrow\u00bb][vc_column_inner css=\u00bb.vc_custom_1573818990758{padding-left: 0px !important;}\u00bb][vc_empty_space height=\u00bb50px\u00bb][\/vc_column_inner][\/vc_row_inner][vc_row_inner row_type=\u00bbrow\u00bb type=\u00bbfull_width\u00bb text_align=\u00bbleft\u00bb css_animation=\u00bb\u00bb el_class=\u00bbtarifespagelinedown1 tarifespagelinedown2&#8243; css=\u00bb.vc_custom_1575971024115{margin-top: 20px !important;margin-bottom: 0px !important;padding-top: 0px !important;padding-right: 18px !important;padding-left: 18px !important;}\u00bb][vc_column_inner css=\u00bb.vc_custom_1574756993528{padding-left: 0px !important;}\u00bb][vc_column_text el_class=\u00bbboxredbg1 hiddenrow\u00bb]<strong>CADUCIDAD<br \/>\n<\/strong><\/p>\n<p>Todos los t\u00edtulos de transporte adquiridos durante el a\u00f1o 2023 y hasta el 14 de enero de 2024 ser\u00e1n v\u00e1lidos hasta el 30 de abril de 2024.<\/p>\n<p>Todos los t\u00edtulos de transporte adquiridos desde el 15 de enero de 2024 ser\u00e1n v\u00e1lidos hasta el 28 de febrero de 2025.<\/p>\n<p><strong>\u00a0<\/strong>[\/vc_column_text][\/vc_column_inner][\/vc_row_inner][vc_single_image image=\u00bb27809&#8243; img_size=\u00bbfull\u00bb qode_css_animation=\u00bb\u00bb el_class=\u00bbbonologo1 bonologo1atm2&#8243;][\/vc_column][\/vc_row][vc_row css_animation=\u00bb\u00bb row_type=\u00bbrow\u00bb use_row_as_full_screen_section=\u00bbno\u00bb type=\u00bbfull_width\u00bb angled_section=\u00bbno\u00bb text_align=\u00bbleft\u00bb background_image_as_pattern=\u00bbwithout_pattern\u00bb][vc_column][vc_empty_space height=\u00bb50px\u00bb][\/vc_column][\/vc_row]<\/p>\n<div class=\"social-share-buttons\"><a href=\"https:\/\/www.facebook.com\/sharer\/sharer.php?u=https:\/\/tmesa.com\/es\/p\/tarifas-precios-tarjetas-atm-bus-tmesa-fng-reducidos\/\" target=\"_blank\" rel=\"noopener\"><i class=\"fa-brands fa-facebook-f\"><\/i><\/a><a href=\"https:\/\/twitter.com\/intent\/tweet?url=https:\/\/tmesa.com\/es\/p\/tarifas-precios-tarjetas-atm-bus-tmesa-fng-reducidos\/&text=T%C3%ADtulos+de+transporte+integrados+FM%2FFN+general+reducidos\" target=\"_blank\" rel=\"noopener\"><i class=\"fa-brands fa-twitter\"><\/i><\/a><a href=\"https:\/\/www.linkedin.com\/shareArticle?url=https:\/\/tmesa.com\/es\/p\/tarifas-precios-tarjetas-atm-bus-tmesa-fng-reducidos\/&title=T%C3%ADtulos+de+transporte+integrados+FM%2FFN+general+reducidos\" target=\"_blank\" rel=\"noopener\"><i class=\"fa-brands fa-linkedin-in\"><\/i><\/a><\/div><\/div>","protected":false},"excerpt":{"rendered":"<p>[vc_row css_animation=\u00bb\u00bb row_type=\u00bbrow\u00bb use_row_as_full_screen_section=\u00bbno\u00bb type=\u00bbgrid\u00bb angled_section=\u00bbno\u00bb text_align=\u00bbleft\u00bb background_image_as_pattern=\u00bbwithout_pattern\u00bb z_index=\u00bb\u00bb el_id=\u00bbbreadcrumbs\u00bb][vc_column][vc_widget_sidebar sidebar_id=\u00bbBreadcrumbs\u00bb el_class=\u00bbmybreadcrumbs\u00bb][\/vc_column][\/vc_row][vc_row css_animation=\u00bb\u00bb row_type=\u00bbrow\u00bb use_row_as_full_screen_section=\u00bbno\u00bb type=\u00bbgrid\u00bb angled_section=\u00bbno\u00bb text_align=\u00bbleft\u00bb background_image_as_pattern=\u00bbwithout_pattern\u00bb z_index=\u00bb\u00bb el_id=\u00bbpagetitle\u00bb][vc_column width=\u00bb2\/3&#8243;][vc_column_text el_class=\u00bbpagetit1&#8243;] T\u00edtulos de transporte integrados generales [\/vc_column_text][vc_separator type=\u00bbnormal\u00bb el_class=\u00bbpagelineleft1&#8243; color=\u00bb#5f2167&#8243; thickness=\u00bb4&#8243; up=\u00bb25&#8243; down=\u00bb25&#8243;][\/vc_column][vc_column width=\u00bb1\/3&#8243;][vc_single_image image=\u00bb11516&#8243; img_size=\u00bbfull\u00bb alignment=\u00bbright\u00bb onclick=\u00bbcustom_link\u00bb img_link_target=\u00bb_blank\u00bb qode_css_animation=\u00bb\u00bb link=\u00bbhttps:\/\/www.atm.cat\/es\/sistema-tarifari-integrat\/sistema-de-transport\/mapa-de-la-zonificacio\u00bb el_class=\u00bbatmbut1&#8243;][\/vc_column][\/vc_row][vc_row css_animation=\u00bb\u00bb&#8230;<\/p>\n","protected":false},"author":1,"featured_media":8325,"parent":9681,"menu_order":0,"comment_status":"closed","ping_status":"closed","template":"full_width.php","meta":{"_acf_changed":false,"footnotes":"","_wp_rev_ctl_limit":"5"},"class_list":["post-26911","page","type-page","status-publish","has-post-thumbnail","hentry"],"acf":[],"yoast_head":"<!-- This site is optimized with the Yoast SEO plugin v23.8 - https:\/\/yoast.com\/wordpress\/plugins\/seo\/ -->\n<title>Tarifas t\u00edtulos FM\/FN general bus Terrassa &#8211; TMESA<\/title>\n<meta name=\"description\" content=\"Tarifas de transporte integrados FM\/FN general en Terrassa. Familias monoparentales y fam\u00edlias numerosas: T-usual, T-jove, T-70\/90...\" \/>\n<meta name=\"robots\" content=\"index, follow, max-snippet:-1, max-image-preview:large, max-video-preview:-1\" \/>\n<link rel=\"canonical\" href=\"https:\/\/tmesa.com\/es\/p\/tarifas-precios-tarjetas-atm-bus-tmesa-fng-reducidos\/\" \/>\n<meta property=\"og:locale\" content=\"es_ES\" \/>\n<meta property=\"og:type\" content=\"article\" \/>\n<meta property=\"og:title\" content=\"Tarifas t\u00edtulos FM\/FN general bus Terrassa &#8211; TMESA\" \/>\n<meta property=\"og:description\" content=\"Tarifas de transporte integrados FM\/FN general en Terrassa. Familias monoparentales y fam\u00edlias numerosas: T-usual, T-jove, T-70\/90...\" \/>\n<meta property=\"og:url\" content=\"https:\/\/tmesa.com\/es\/p\/tarifas-precios-tarjetas-atm-bus-tmesa-fng-reducidos\/\" \/>\n<meta property=\"og:site_name\" content=\"Transports Municipals d\u2019Egara\" \/>\n<meta property=\"article:modified_time\" content=\"2025-01-09T15:01:45+00:00\" \/>\n<meta property=\"og:image\" content=\"https:\/\/tmesa.com\/wp-content\/uploads\/2020\/01\/targeta-t-usual-fmfn-g-atm-terrassa.png\" \/>\n\t<meta property=\"og:image:width\" content=\"328\" \/>\n\t<meta property=\"og:image:height\" content=\"214\" \/>\n\t<meta property=\"og:image:type\" content=\"image\/png\" \/>\n<meta name=\"twitter:card\" content=\"summary_large_image\" \/>\n<meta name=\"twitter:label1\" content=\"Tiempo de lectura\" \/>\n\t<meta name=\"twitter:data1\" content=\"4 minutos\" \/>\n<script type=\"application\/ld+json\" class=\"yoast-schema-graph\">{\"@context\":\"https:\/\/schema.org\",\"@graph\":[{\"@type\":\"WebPage\",\"@id\":\"https:\/\/tmesa.com\/es\/p\/tarifas-precios-tarjetas-atm-bus-tmesa-fng-reducidos\/\",\"url\":\"https:\/\/tmesa.com\/es\/p\/tarifas-precios-tarjetas-atm-bus-tmesa-fng-reducidos\/\",\"name\":\"Tarifas t\u00edtulos FM\/FN general bus Terrassa &#8211; TMESA\",\"isPartOf\":{\"@id\":\"https:\/\/tmesa.com\/es\/#website\"},\"primaryImageOfPage\":{\"@id\":\"https:\/\/tmesa.com\/es\/p\/tarifas-precios-tarjetas-atm-bus-tmesa-fng-reducidos\/#primaryimage\"},\"image\":{\"@id\":\"https:\/\/tmesa.com\/es\/p\/tarifas-precios-tarjetas-atm-bus-tmesa-fng-reducidos\/#primaryimage\"},\"thumbnailUrl\":\"https:\/\/tmesa.com\/wp-content\/uploads\/2020\/01\/targeta-t-usual-fmfn-g-atm-terrassa.png\",\"datePublished\":\"2022-08-24T09:52:22+00:00\",\"dateModified\":\"2025-01-09T15:01:45+00:00\",\"description\":\"Tarifas de transporte integrados FM\/FN general en Terrassa. Familias monoparentales y fam\u00edlias numerosas: T-usual, T-jove, T-70\/90...\",\"breadcrumb\":{\"@id\":\"https:\/\/tmesa.com\/es\/p\/tarifas-precios-tarjetas-atm-bus-tmesa-fng-reducidos\/#breadcrumb\"},\"inLanguage\":\"es\",\"potentialAction\":[{\"@type\":\"ReadAction\",\"target\":[\"https:\/\/tmesa.com\/es\/p\/tarifas-precios-tarjetas-atm-bus-tmesa-fng-reducidos\/\"]}]},{\"@type\":\"ImageObject\",\"inLanguage\":\"es\",\"@id\":\"https:\/\/tmesa.com\/es\/p\/tarifas-precios-tarjetas-atm-bus-tmesa-fng-reducidos\/#primaryimage\",\"url\":\"https:\/\/tmesa.com\/wp-content\/uploads\/2020\/01\/targeta-t-usual-fmfn-g-atm-terrassa.png\",\"contentUrl\":\"https:\/\/tmesa.com\/wp-content\/uploads\/2020\/01\/targeta-t-usual-fmfn-g-atm-terrassa.png\",\"width\":328,\"height\":214,\"caption\":\"T\u00edtol integrat ATM T-usual FM\/FN Terrassa\"},{\"@type\":\"BreadcrumbList\",\"@id\":\"https:\/\/tmesa.com\/es\/p\/tarifas-precios-tarjetas-atm-bus-tmesa-fng-reducidos\/#breadcrumb\",\"itemListElement\":[{\"@type\":\"ListItem\",\"position\":1,\"name\":\"Inici\",\"item\":\"https:\/\/tmesa.com\/es\/\"},{\"@type\":\"ListItem\",\"position\":2,\"name\":\"Tarifas\",\"item\":\"https:\/\/tmesa.com\/es\/p\/\"},{\"@type\":\"ListItem\",\"position\":3,\"name\":\"T\u00edtulos de transporte integrados FM\/FN general reducidos\"}]},{\"@type\":\"WebSite\",\"@id\":\"https:\/\/tmesa.com\/es\/#website\",\"url\":\"https:\/\/tmesa.com\/es\/\",\"name\":\"Transports Municipals d\u2019Egara\",\"description\":\"\",\"potentialAction\":[{\"@type\":\"SearchAction\",\"target\":{\"@type\":\"EntryPoint\",\"urlTemplate\":\"https:\/\/tmesa.com\/es\/?s={search_term_string}\"},\"query-input\":{\"@type\":\"PropertyValueSpecification\",\"valueRequired\":true,\"valueName\":\"search_term_string\"}}],\"inLanguage\":\"es\"}]}<\/script>\n<!-- \/ Yoast SEO plugin. -->","yoast_head_json":{"title":"Tarifas t\u00edtulos FM\/FN general bus Terrassa &#8211; TMESA","description":"Tarifas de transporte integrados FM\/FN general en Terrassa. Familias monoparentales y fam\u00edlias numerosas: T-usual, T-jove, T-70\/90...","robots":{"index":"index","follow":"follow","max-snippet":"max-snippet:-1","max-image-preview":"max-image-preview:large","max-video-preview":"max-video-preview:-1"},"canonical":"https:\/\/tmesa.com\/es\/p\/tarifas-precios-tarjetas-atm-bus-tmesa-fng-reducidos\/","og_locale":"es_ES","og_type":"article","og_title":"Tarifas t\u00edtulos FM\/FN general bus Terrassa &#8211; TMESA","og_description":"Tarifas de transporte integrados FM\/FN general en Terrassa. Familias monoparentales y fam\u00edlias numerosas: T-usual, T-jove, T-70\/90...","og_url":"https:\/\/tmesa.com\/es\/p\/tarifas-precios-tarjetas-atm-bus-tmesa-fng-reducidos\/","og_site_name":"Transports Municipals d\u2019Egara","article_modified_time":"2025-01-09T15:01:45+00:00","og_image":[{"width":328,"height":214,"url":"https:\/\/tmesa.com\/wp-content\/uploads\/2020\/01\/targeta-t-usual-fmfn-g-atm-terrassa.png","type":"image\/png"}],"twitter_card":"summary_large_image","twitter_misc":{"Tiempo de lectura":"4 minutos"},"schema":{"@context":"https:\/\/schema.org","@graph":[{"@type":"WebPage","@id":"https:\/\/tmesa.com\/es\/p\/tarifas-precios-tarjetas-atm-bus-tmesa-fng-reducidos\/","url":"https:\/\/tmesa.com\/es\/p\/tarifas-precios-tarjetas-atm-bus-tmesa-fng-reducidos\/","name":"Tarifas t\u00edtulos FM\/FN general bus Terrassa &#8211; TMESA","isPartOf":{"@id":"https:\/\/tmesa.com\/es\/#website"},"primaryImageOfPage":{"@id":"https:\/\/tmesa.com\/es\/p\/tarifas-precios-tarjetas-atm-bus-tmesa-fng-reducidos\/#primaryimage"},"image":{"@id":"https:\/\/tmesa.com\/es\/p\/tarifas-precios-tarjetas-atm-bus-tmesa-fng-reducidos\/#primaryimage"},"thumbnailUrl":"https:\/\/tmesa.com\/wp-content\/uploads\/2020\/01\/targeta-t-usual-fmfn-g-atm-terrassa.png","datePublished":"2022-08-24T09:52:22+00:00","dateModified":"2025-01-09T15:01:45+00:00","description":"Tarifas de transporte integrados FM\/FN general en Terrassa. Familias monoparentales y fam\u00edlias numerosas: T-usual, T-jove, T-70\/90...","breadcrumb":{"@id":"https:\/\/tmesa.com\/es\/p\/tarifas-precios-tarjetas-atm-bus-tmesa-fng-reducidos\/#breadcrumb"},"inLanguage":"es","potentialAction":[{"@type":"ReadAction","target":["https:\/\/tmesa.com\/es\/p\/tarifas-precios-tarjetas-atm-bus-tmesa-fng-reducidos\/"]}]},{"@type":"ImageObject","inLanguage":"es","@id":"https:\/\/tmesa.com\/es\/p\/tarifas-precios-tarjetas-atm-bus-tmesa-fng-reducidos\/#primaryimage","url":"https:\/\/tmesa.com\/wp-content\/uploads\/2020\/01\/targeta-t-usual-fmfn-g-atm-terrassa.png","contentUrl":"https:\/\/tmesa.com\/wp-content\/uploads\/2020\/01\/targeta-t-usual-fmfn-g-atm-terrassa.png","width":328,"height":214,"caption":"T\u00edtol integrat ATM T-usual FM\/FN Terrassa"},{"@type":"BreadcrumbList","@id":"https:\/\/tmesa.com\/es\/p\/tarifas-precios-tarjetas-atm-bus-tmesa-fng-reducidos\/#breadcrumb","itemListElement":[{"@type":"ListItem","position":1,"name":"Inici","item":"https:\/\/tmesa.com\/es\/"},{"@type":"ListItem","position":2,"name":"Tarifas","item":"https:\/\/tmesa.com\/es\/p\/"},{"@type":"ListItem","position":3,"name":"T\u00edtulos de transporte integrados FM\/FN general reducidos"}]},{"@type":"WebSite","@id":"https:\/\/tmesa.com\/es\/#website","url":"https:\/\/tmesa.com\/es\/","name":"Transports Municipals d\u2019Egara","description":"","potentialAction":[{"@type":"SearchAction","target":{"@type":"EntryPoint","urlTemplate":"https:\/\/tmesa.com\/es\/?s={search_term_string}"},"query-input":{"@type":"PropertyValueSpecification","valueRequired":true,"valueName":"search_term_string"}}],"inLanguage":"es"}]}},"publishpress_future_workflow_manual_trigger":{"enabledWorkflows":[]},"_links":{"self":[{"href":"https:\/\/tmesa.com\/es\/wp-json\/wp\/v2\/pages\/26911"}],"collection":[{"href":"https:\/\/tmesa.com\/es\/wp-json\/wp\/v2\/pages"}],"about":[{"href":"https:\/\/tmesa.com\/es\/wp-json\/wp\/v2\/types\/page"}],"author":[{"embeddable":true,"href":"https:\/\/tmesa.com\/es\/wp-json\/wp\/v2\/users\/1"}],"replies":[{"embeddable":true,"href":"https:\/\/tmesa.com\/es\/wp-json\/wp\/v2\/comments?post=26911"}],"version-history":[{"count":5,"href":"https:\/\/tmesa.com\/es\/wp-json\/wp\/v2\/pages\/26911\/revisions"}],"predecessor-version":[{"id":31959,"href":"https:\/\/tmesa.com\/es\/wp-json\/wp\/v2\/pages\/26911\/revisions\/31959"}],"up":[{"embeddable":true,"href":"https:\/\/tmesa.com\/es\/wp-json\/wp\/v2\/pages\/9681"}],"wp:featuredmedia":[{"embeddable":true,"href":"https:\/\/tmesa.com\/es\/wp-json\/wp\/v2\/media\/8325"}],"wp:attachment":[{"href":"https:\/\/tmesa.com\/es\/wp-json\/wp\/v2\/media?parent=26911"}],"curies":[{"name":"wp","href":"https:\/\/api.w.org\/{rel}","templated":true}]}}