{"id":24991,"date":"2021-10-06T12:57:39","date_gmt":"2021-10-06T10:57:39","guid":{"rendered":"https:\/\/tmesa.com\/?page_id=24991"},"modified":"2024-11-08T11:28:50","modified_gmt":"2024-11-08T10:28:50","slug":"accesibilidad","status":"publish","type":"page","link":"https:\/\/tmesa.com\/es\/a\/accesibilidad\/","title":{"rendered":"Accesibilidad"},"content":{"rendered":"<div class=\"wpb-content-wrapper\"><p>[vc_row css_animation=\u00bb\u00bb row_type=\u00bbrow\u00bb use_row_as_full_screen_section=\u00bbno\u00bb type=\u00bbgrid\u00bb angled_section=\u00bbno\u00bb text_align=\u00bbleft\u00bb background_image_as_pattern=\u00bbwithout_pattern\u00bb z_index=\u00bb\u00bb el_id=\u00bbbreadcrumbs\u00bb][vc_column][vc_widget_sidebar sidebar_id=\u00bbBreadcrumbs\u00bb el_class=\u00bbmybreadcrumbs\u00bb][\/vc_column][\/vc_row][vc_row css_animation=\u00bb\u00bb row_type=\u00bbrow\u00bb use_row_as_full_screen_section=\u00bbno\u00bb type=\u00bbgrid\u00bb angled_section=\u00bbno\u00bb text_align=\u00bbleft\u00bb background_image_as_pattern=\u00bbwithout_pattern\u00bb z_index=\u00bb\u00bb el_id=\u00bbpagetitle\u00bb][vc_column][vc_column_text el_class=\u00bbpagetit1&#8243;]<\/p>\n<h1><a href=\"https:\/\/tmesa.com\/es\/a\/accesibilidad\/\">Accessibilidad<\/a><\/h1>\n<p>[\/vc_column_text][vc_separator type=\u00bbnormal\u00bb el_class=\u00bbpagelineleft1&#8243; color=\u00bb#5f2167&#8243; thickness=\u00bb4&#8243; up=\u00bb25&#8243; down=\u00bb25&#8243;][\/vc_column][\/vc_row][vc_row css_animation=\u00bb\u00bb row_type=\u00bbrow\u00bb use_row_as_full_screen_section=\u00bbno\u00bb type=\u00bbgrid\u00bb angled_section=\u00bbno\u00bb text_align=\u00bbleft\u00bb background_image_as_pattern=\u00bbwithout_pattern\u00bb z_index=\u00bb\u00bb el_id=\u00bbpagecontent\u00bb el_class=\u00bbreglapagewhite1&#8243;][vc_column width=\u00bb1\/2&#8243;][vc_row_inner row_type=\u00bbrow\u00bb type=\u00bbfull_width\u00bb text_align=\u00bbleft\u00bb css_animation=\u00bb\u00bb css=\u00bb.vc_custom_1631105899735{padding-left: 15px !important;}\u00bb el_class=\u00bbextramarginp1&#8243;][vc_column_inner css=\u00bb.vc_custom_1626245729757{padding-top: 40px !important;padding-right: 40px !important;padding-bottom: 40px !important;padding-left: 40px !important;background-color: #ffffff !important;}\u00bb][vc_column_text]El transporte p\u00fablico es un derecho esencial y una necesidad b\u00e1sica para todos. Aun as\u00ed, sin los soportes adecuados, puede convertirse en un espacio hostil y angustiante para las personas con dificultades para entender los itinerarios y las normas sociales.<\/p>\n<p>En este sentido, con el fin de ayudar a los pasajeros a viajar de manera m\u00e1s segura y aut\u00f3noma, hemos elaborado una serie de gu\u00edas con pictogramas de f\u00e1cil comprensi\u00f3n. Est\u00e1n dirigidas sobre todo a personas con autismo o con alguna discapacidad intelectual, pero tambi\u00e9n las puede utilizar cualquier persona que quiera conocer mejor como moverse en autob\u00fas.<\/p>\n<p>Por otro lado, toda nuestra flota de autobuses est\u00e1 dotada con rampas mec\u00e1nicas y manuales que garantizan la accesibilidad de las personas con movilidad reducida. Adem\u00e1s, el propio dise\u00f1o de los autobuses permite el espacio de reserva para mayores y personas en silla de ruedas.<\/p>\n<p>Con el objetivo de mejorar la accesibilidad a aquellas personas que sufren algun tipo de discapacidad sensorial (visual o auditiva), los autobuses cuentan en su interior con ac\u00fastica y pantallas display para facilitar la informaci\u00f3n relacionada con el trayecto de la l\u00ednea. Adem\u00e1s, las paradas m\u00e1s importantes, tienen tambi\u00e9n pantallas display donde estos usuarios pueden consultar la informaci\u00f3n relacionada con el servicio: cu\u00e1les son los siguientes autobuses que llegar\u00e1n a tiempo real, de qu\u00e9 l\u00ednea son y el tiempo que falta para su llegada.[\/vc_column_text][\/vc_column_inner][\/vc_row_inner][\/vc_column][vc_column width=\u00bb1\/2&#8243;][vc_row_inner row_type=\u00bbrow\u00bb type=\u00bbfull_width\u00bb text_align=\u00bbleft\u00bb css_animation=\u00bb\u00bb css=\u00bb.vc_custom_1575303041587{padding-right: 15px !important;}\u00bb][vc_column_inner css=\u00bb.vc_custom_1575303074397{padding-top: 40px !important;padding-right: 40px !important;padding-bottom: 40px !important;padding-left: 40px !important;background-color: #ffffff !important;}\u00bb][vc_single_image image=\u00bb25042&#8243; img_size=\u00bbfull\u00bb qode_css_animation=\u00bb\u00bb][\/vc_column_inner][\/vc_row_inner][\/vc_column][\/vc_row][vc_row css_animation=\u00bb\u00bb row_type=\u00bbrow\u00bb use_row_as_full_screen_section=\u00bbno\u00bb type=\u00bbgrid\u00bb angled_section=\u00bbno\u00bb text_align=\u00bbleft\u00bb background_image_as_pattern=\u00bbwithout_pattern\u00bb z_index=\u00bb\u00bb el_class=\u00bbreglapage reglapagewhite1&#8243;][vc_column][vc_separator type=\u00bbnormal\u00bb color=\u00bb#ecebeb\u00bb thickness=\u00bb1&#8243; up=\u00bb10&#8243; down=\u00bb10&#8243;][\/vc_column][\/vc_row][vc_row css_animation=\u00bb\u00bb row_type=\u00bbrow\u00bb use_row_as_full_screen_section=\u00bbno\u00bb type=\u00bbgrid\u00bb angled_section=\u00bbno\u00bb text_align=\u00bbleft\u00bb background_image_as_pattern=\u00bbwithout_pattern\u00bb z_index=\u00bb\u00bb el_class=\u00bbreglapage reglapagewhite1&#8243;][vc_column width=\u00bb1\/2&#8243;][vc_row_inner row_type=\u00bbrow\u00bb type=\u00bbfull_width\u00bb text_align=\u00bbleft\u00bb css_animation=\u00bb\u00bb css=\u00bb.vc_custom_1575303029019{padding-left: 15px !important;}\u00bb][vc_column_inner css=\u00bb.vc_custom_1626245739057{padding-top: 20px !important;padding-right: 40px !important;padding-bottom: 35px !important;padding-left: 40px !important;background-color: #ffffff !important;}\u00bb][vc_column_text css=\u00bb\u00bb el_class=\u00bbreglapagetit1&#8243;]<\/p>\n<h2>Gu\u00eda \u201cPlanifica tu recorrido\u201d<\/h2>\n<p>[\/vc_column_text][vc_column_text]Util\u00edzala unos d\u00edas antes del viaje para anticipar tu recorrido. Sabr\u00e1s en qu\u00e9 parada tendr\u00e1s que subir, qu\u00e9 l\u00ednea tendr\u00e1s que coger y en qu\u00e9 parada tendr\u00e1s que bajar.[\/vc_column_text][\/vc_column_inner][\/vc_row_inner][\/vc_column][vc_column width=\u00bb1\/2&#8243;][vc_row_inner row_type=\u00bbrow\u00bb type=\u00bbfull_width\u00bb text_align=\u00bbleft\u00bb css_animation=\u00bb\u00bb css=\u00bb.vc_custom_1575303041587{padding-right: 15px !important;}\u00bb][vc_column_inner css=\u00bb.vc_custom_1626245746282{padding-top: 20px !important;padding-right: 40px !important;padding-bottom: 35px !important;padding-left: 40px !important;background-color: #ffffff !important;}\u00bb][vc_raw_html]JTNDYSUyMGhyZWYlM0QlMjIuLiUyRi4uJTJGLi4lMkZ3cC1jb250ZW50JTJGdXBsb2FkcyUyRjIwMjElMkYxMCUyRnBsYW5pZmljYS1yZWNvcnJlZ3V0LWJ1cy10bWVzYV9lcy5wZGYlMjIlMjB0YXJnZXQlM0QlMjJfYmxhbmslMjIlM0UlM0NkaXYlMjBjbGFzcyUzRCUyMmRlc2NhbWFwcGRmMSUyMGRlc2NhbWFwcGRmMTElMjIlM0UlM0NpJTIwY2xhc3MlM0QlMjJmYSUyMGZhLWZpbGUtcGRmLW8lMjBkZXNjYW1hcHBkZjFpY29uJTIyJTNFJTNDJTJGaSUzRSUyMFZlcnNpJUMzJUIzbiUyMFBERiUzQyUyRmRpdiUzRSUzQyUyRmElM0U=[\/vc_raw_html][vc_raw_html]JTNDYSUyMGhyZWYlM0QlMjIuLiUyRi4uJTJGLi4lMkZ3cC1jb250ZW50JTJGdXBsb2FkcyUyRjIwMjElMkYxMCUyRnBsYW5pZmljYS1yZWNvcnJlZ3V0LWJ1cy10bWVzYV9lcy5wcHR4JTIyJTIwdGFyZ2V0JTNEJTIyX2JsYW5rJTIyJTNFJTNDZGl2JTIwY2xhc3MlM0QlMjJkZXNjYW1hcHBkZjElMjBkZXNjYW1hcHBkZjExJTIwZGVzY2FtYXBwZGYxMWdyZXklMjIlM0UlM0NpJTIwY2xhc3MlM0QlMjJmYSUyMGZhLWZpbGUtcG93ZXJwb2ludC1vJTIwZGVzY2FtYXBwZGYxaWNvbiUyMiUzRSUzQyUyRmklM0UlMjBWZXJzaSVDMyVCM24lMjBwb3dlciUyMHBvaW50JTIwJTI4cGVybWl0ZSUyMG1vZGlmaWNhY2klQzMlQjNuJTI5JTNDJTJGZGl2JTNFJTNDJTJGYSUzRQ==[\/vc_raw_html][\/vc_column_inner][\/vc_row_inner][\/vc_column][\/vc_row][vc_row css_animation=\u00bb\u00bb row_type=\u00bbrow\u00bb use_row_as_full_screen_section=\u00bbno\u00bb type=\u00bbgrid\u00bb angled_section=\u00bbno\u00bb text_align=\u00bbleft\u00bb background_image_as_pattern=\u00bbwithout_pattern\u00bb z_index=\u00bb\u00bb el_class=\u00bbreglapage reglapagewhite1&#8243;][vc_column][vc_separator type=\u00bbnormal\u00bb color=\u00bb#ecebeb\u00bb thickness=\u00bb1&#8243; up=\u00bb10&#8243; down=\u00bb10&#8243;][\/vc_column][\/vc_row][vc_row css_animation=\u00bb\u00bb row_type=\u00bbrow\u00bb use_row_as_full_screen_section=\u00bbno\u00bb type=\u00bbgrid\u00bb angled_section=\u00bbno\u00bb text_align=\u00bbleft\u00bb background_image_as_pattern=\u00bbwithout_pattern\u00bb z_index=\u00bb\u00bb el_class=\u00bbreglapage reglapagewhite1&#8243;][vc_column width=\u00bb1\/2&#8243;][vc_row_inner row_type=\u00bbrow\u00bb type=\u00bbfull_width\u00bb text_align=\u00bbleft\u00bb css_animation=\u00bb\u00bb css=\u00bb.vc_custom_1575303029019{padding-left: 15px !important;}\u00bb][vc_column_inner css=\u00bb.vc_custom_1626245778256{padding-top: 20px !important;padding-right: 40px !important;padding-bottom: 35px !important;padding-left: 40px !important;background-color: #ffffff !important;}\u00bb][vc_column_text css=\u00bb\u00bb el_class=\u00bbreglapagetit1&#8243;]<\/p>\n<h2>Gu\u00eda \u201cViaja en autob\u00fas con el billete sencillo\u201d<\/h2>\n<p>[\/vc_column_text][vc_column_text]Util\u00edzala el mismo d\u00eda del viaje para saber c\u00f3mo comprar un billete sencillo y entender las normas en el interior del autob\u00fas[\/vc_column_text][\/vc_column_inner][\/vc_row_inner][\/vc_column][vc_column width=\u00bb1\/2&#8243;][vc_row_inner row_type=\u00bbrow\u00bb type=\u00bbfull_width\u00bb text_align=\u00bbleft\u00bb css_animation=\u00bb\u00bb css=\u00bb.vc_custom_1575303041587{padding-right: 15px !important;}\u00bb][vc_column_inner css=\u00bb.vc_custom_1626245782390{padding-top: 20px !important;padding-right: 40px !important;padding-bottom: 35px !important;padding-left: 40px !important;background-color: #ffffff !important;}\u00bb][vc_raw_html]JTNDYSUyMGhyZWYlM0QlMjIuLiUyRi4uJTJGLi4lMkZ3cC1jb250ZW50JTJGdXBsb2FkcyUyRjIwMjElMkYxMCUyRmd1aWEtdmlhdGphci1idXMtYml0bGxldC10bWVzYV9lcy5wZGYlMjIlMjB0YXJnZXQlM0QlMjJfYmxhbmslMjIlM0UlM0NkaXYlMjBjbGFzcyUzRCUyMmRlc2NhbWFwcGRmMSUyMGRlc2NhbWFwcGRmMTElMjIlM0UlM0NpJTIwY2xhc3MlM0QlMjJmYSUyMGZhLWZpbGUtcGRmLW8lMjBkZXNjYW1hcHBkZjFpY29uJTIyJTNFJTNDJTJGaSUzRSUyMFZlcnNpJUMzJUIzbiUyMFBERiUzQyUyRmRpdiUzRSUzQyUyRmElM0U=[\/vc_raw_html][vc_raw_html]JTNDYSUyMGhyZWYlM0QlMjIuLiUyRi4uJTJGLi4lMkZ3cC1jb250ZW50JTJGdXBsb2FkcyUyRjIwMjElMkYxMCUyRmd1aWEtdmlhdGphci1idXMtYml0bGxldC10bWVzYV9lcy5wcHR4JTIyJTIwdGFyZ2V0JTNEJTIyX2JsYW5rJTIyJTNFJTNDZGl2JTIwY2xhc3MlM0QlMjJkZXNjYW1hcHBkZjElMjBkZXNjYW1hcHBkZjExJTIwZGVzY2FtYXBwZGYxMWdyZXklMjIlM0UlM0NpJTIwY2xhc3MlM0QlMjJmYSUyMGZhLWZpbGUtcG93ZXJwb2ludC1vJTIwZGVzY2FtYXBwZGYxaWNvbiUyMiUzRSUzQyUyRmklM0UlMjBWZXJzaSVDMyVCM24lMjBwb3dlciUyMHBvaW50JTIwJTI4cGVybWl0ZSUyMG1vZGlmaWNhY2klQzMlQjNuJTI5JTNDJTJGZGl2JTNFJTNDJTJGYSUzRQ==[\/vc_raw_html][\/vc_column_inner][\/vc_row_inner][\/vc_column][\/vc_row][vc_row css_animation=\u00bb\u00bb row_type=\u00bbrow\u00bb use_row_as_full_screen_section=\u00bbno\u00bb type=\u00bbgrid\u00bb angled_section=\u00bbno\u00bb text_align=\u00bbleft\u00bb background_image_as_pattern=\u00bbwithout_pattern\u00bb z_index=\u00bb\u00bb el_class=\u00bbreglapage reglapagewhite1&#8243;][vc_column][vc_separator type=\u00bbnormal\u00bb color=\u00bb#ecebeb\u00bb thickness=\u00bb1&#8243; up=\u00bb10&#8243; down=\u00bb10&#8243;][\/vc_column][\/vc_row][vc_row css_animation=\u00bb\u00bb row_type=\u00bbrow\u00bb use_row_as_full_screen_section=\u00bbno\u00bb type=\u00bbgrid\u00bb angled_section=\u00bbno\u00bb text_align=\u00bbleft\u00bb background_image_as_pattern=\u00bbwithout_pattern\u00bb z_index=\u00bb\u00bb el_class=\u00bbreglapage reglapagewhite1&#8243;][vc_column width=\u00bb1\/2&#8243;][vc_row_inner row_type=\u00bbrow\u00bb type=\u00bbfull_width\u00bb text_align=\u00bbleft\u00bb css_animation=\u00bb\u00bb css=\u00bb.vc_custom_1575303029019{padding-left: 15px !important;}\u00bb][vc_column_inner css=\u00bb.vc_custom_1626245778256{padding-top: 20px !important;padding-right: 40px !important;padding-bottom: 35px !important;padding-left: 40px !important;background-color: #ffffff !important;}\u00bb][vc_column_text css=\u00bb\u00bb el_class=\u00bbreglapagetit1&#8243;]<\/p>\n<h2>Gu\u00eda \u201cViaja en autob\u00fas con tarjeta\u201d<\/h2>\n<p>[\/vc_column_text][vc_column_text]Util\u00edzala el mismo d\u00eda del viaje para saber c\u00f3mo validar tu tarjeta de transporte y entender las normas en el interior del autob\u00fas.[\/vc_column_text][\/vc_column_inner][\/vc_row_inner][\/vc_column][vc_column width=\u00bb1\/2&#8243;][vc_row_inner row_type=\u00bbrow\u00bb type=\u00bbfull_width\u00bb text_align=\u00bbleft\u00bb css_animation=\u00bb\u00bb css=\u00bb.vc_custom_1575303041587{padding-right: 15px !important;}\u00bb][vc_column_inner css=\u00bb.vc_custom_1626246159279{padding-top: 20px !important;padding-right: 40px !important;padding-bottom: 60px !important;padding-left: 40px !important;background-color: #ffffff !important;}\u00bb][vc_raw_html]JTNDYSUyMGhyZWYlM0QlMjIuLiUyRi4uJTJGLi4lMkZ3cC1jb250ZW50JTJGdXBsb2FkcyUyRjIwMjElMkYxMCUyRmd1aWEtdmlhdGphci1idXMtdGFyZ2V0YS10bWVzYV9lcy5wZGYlMjIlMjB0YXJnZXQlM0QlMjJfYmxhbmslMjIlM0UlM0NkaXYlMjBjbGFzcyUzRCUyMmRlc2NhbWFwcGRmMSUyMGRlc2NhbWFwcGRmMTElMjIlM0UlM0NpJTIwY2xhc3MlM0QlMjJmYSUyMGZhLWZpbGUtcGRmLW8lMjBkZXNjYW1hcHBkZjFpY29uJTIyJTNFJTNDJTJGaSUzRSUyMFZlcnNpJUMzJUIzbiUyMFBERiUzQyUyRmRpdiUzRSUzQyUyRmElM0U=[\/vc_raw_html][vc_raw_html]JTNDYSUyMGhyZWYlM0QlMjIuLiUyRi4uJTJGLi4lMkZ3cC1jb250ZW50JTJGdXBsb2FkcyUyRjIwMjElMkYxMCUyRmd1aWEtdmlhdGphci1idXMtdGFyZ2V0YS10bWVzYV9lcy5wcHR4JTIyJTIwdGFyZ2V0JTNEJTIyX2JsYW5rJTIyJTNFJTNDZGl2JTIwY2xhc3MlM0QlMjJkZXNjYW1hcHBkZjElMjBkZXNjYW1hcHBkZjExJTIwZGVzY2FtYXBwZGYxMWdyZXklMjIlM0UlM0NpJTIwY2xhc3MlM0QlMjJmYSUyMGZhLWZpbGUtcG93ZXJwb2ludC1vJTIwZGVzY2FtYXBwZGYxaWNvbiUyMiUzRSUzQyUyRmklM0UlMjBWZXJzaSVDMyVCM24lMjBwb3dlciUyMHBvaW50JTIwJTI4cGVybWl0ZSUyMG1vZGlmaWNhY2klQzMlQjNuJTI5JTNDJTJGZGl2JTNFJTNDJTJGYSUzRQ==[\/vc_raw_html][\/vc_column_inner][\/vc_row_inner][\/vc_column][\/vc_row][vc_row css_animation=\u00bb\u00bb row_type=\u00bbrow\u00bb use_row_as_full_screen_section=\u00bbno\u00bb type=\u00bbgrid\u00bb angled_section=\u00bbno\u00bb text_align=\u00bbleft\u00bb background_image_as_pattern=\u00bbwithout_pattern\u00bb z_index=\u00bb\u00bb][vc_column][vc_empty_space height=\u00bb75&#8243;][\/vc_column][\/vc_row]<\/p>\n<div class=\"social-share-buttons\"><a href=\"https:\/\/www.facebook.com\/sharer\/sharer.php?u=https:\/\/tmesa.com\/es\/a\/accesibilidad\/\" target=\"_blank\" rel=\"noopener\"><i class=\"fa-brands fa-facebook-f\"><\/i><\/a><a href=\"https:\/\/twitter.com\/intent\/tweet?url=https:\/\/tmesa.com\/es\/a\/accesibilidad\/&text=Accesibilidad\" target=\"_blank\" rel=\"noopener\"><i class=\"fa-brands fa-twitter\"><\/i><\/a><a href=\"https:\/\/www.linkedin.com\/shareArticle?url=https:\/\/tmesa.com\/es\/a\/accesibilidad\/&title=Accesibilidad\" target=\"_blank\" rel=\"noopener\"><i class=\"fa-brands fa-linkedin-in\"><\/i><\/a><\/div><\/div>","protected":false},"excerpt":{"rendered":"<p>[vc_row css_animation=\u00bb\u00bb row_type=\u00bbrow\u00bb use_row_as_full_screen_section=\u00bbno\u00bb type=\u00bbgrid\u00bb angled_section=\u00bbno\u00bb text_align=\u00bbleft\u00bb background_image_as_pattern=\u00bbwithout_pattern\u00bb z_index=\u00bb\u00bb el_id=\u00bbbreadcrumbs\u00bb][vc_column][vc_widget_sidebar sidebar_id=\u00bbBreadcrumbs\u00bb el_class=\u00bbmybreadcrumbs\u00bb][\/vc_column][\/vc_row][vc_row css_animation=\u00bb\u00bb row_type=\u00bbrow\u00bb use_row_as_full_screen_section=\u00bbno\u00bb type=\u00bbgrid\u00bb angled_section=\u00bbno\u00bb text_align=\u00bbleft\u00bb background_image_as_pattern=\u00bbwithout_pattern\u00bb z_index=\u00bb\u00bb el_id=\u00bbpagetitle\u00bb][vc_column][vc_column_text el_class=\u00bbpagetit1&#8243;] Accessibilidad [\/vc_column_text][vc_separator type=\u00bbnormal\u00bb el_class=\u00bbpagelineleft1&#8243; color=\u00bb#5f2167&#8243; thickness=\u00bb4&#8243; up=\u00bb25&#8243; down=\u00bb25&#8243;][\/vc_column][\/vc_row][vc_row css_animation=\u00bb\u00bb row_type=\u00bbrow\u00bb use_row_as_full_screen_section=\u00bbno\u00bb type=\u00bbgrid\u00bb angled_section=\u00bbno\u00bb text_align=\u00bbleft\u00bb background_image_as_pattern=\u00bbwithout_pattern\u00bb z_index=\u00bb\u00bb el_id=\u00bbpagecontent\u00bb el_class=\u00bbreglapagewhite1&#8243;][vc_column width=\u00bb1\/2&#8243;][vc_row_inner row_type=\u00bbrow\u00bb type=\u00bbfull_width\u00bb text_align=\u00bbleft\u00bb css_animation=\u00bb\u00bb&#8230;<\/p>\n","protected":false},"author":1,"featured_media":25042,"parent":9288,"menu_order":0,"comment_status":"closed","ping_status":"closed","template":"full_width.php","meta":{"_acf_changed":false,"footnotes":"","_wp_rev_ctl_limit":"5"},"class_list":["post-24991","page","type-page","status-publish","has-post-thumbnail","hentry"],"acf":[],"yoast_head":"<!-- This site is optimized with the Yoast SEO plugin v23.8 - https:\/\/yoast.com\/wordpress\/plugins\/seo\/ -->\n<title>Accesibilidad &#8211; Transports Municipals d\u2019Egara<\/title>\n<meta name=\"description\" content=\"Accesibilidad Transports Municipals d\u2019Egara. Gu\u00edas dirigidas sobre todo a personas con autismo o con alguna discapacidad intelectual...\" \/>\n<meta name=\"robots\" content=\"index, follow, max-snippet:-1, max-image-preview:large, max-video-preview:-1\" \/>\n<link rel=\"canonical\" href=\"https:\/\/tmesa.com\/es\/a\/accesibilidad\/\" \/>\n<meta property=\"og:locale\" content=\"es_ES\" \/>\n<meta property=\"og:type\" content=\"article\" \/>\n<meta property=\"og:title\" content=\"Accesibilidad &#8211; Transports Municipals d\u2019Egara\" \/>\n<meta property=\"og:description\" content=\"Accesibilidad Transports Municipals d\u2019Egara. Gu\u00edas dirigidas sobre todo a personas con autismo o con alguna discapacidad intelectual...\" \/>\n<meta property=\"og:url\" content=\"https:\/\/tmesa.com\/es\/a\/accesibilidad\/\" \/>\n<meta property=\"og:site_name\" content=\"Transports Municipals d\u2019Egara\" \/>\n<meta property=\"article:modified_time\" content=\"2024-11-08T10:28:50+00:00\" \/>\n<meta property=\"og:image\" content=\"https:\/\/tmesa.com\/wp-content\/uploads\/2021\/07\/planifica-recorregut-bus-tmesa-sa1.jpg\" \/>\n\t<meta property=\"og:image:width\" content=\"1040\" \/>\n\t<meta property=\"og:image:height\" content=\"662\" \/>\n\t<meta property=\"og:image:type\" content=\"image\/jpeg\" \/>\n<meta name=\"twitter:card\" content=\"summary_large_image\" \/>\n<meta name=\"twitter:label1\" content=\"Tiempo de lectura\" \/>\n\t<meta name=\"twitter:data1\" content=\"4 minutos\" \/>\n<script type=\"application\/ld+json\" class=\"yoast-schema-graph\">{\"@context\":\"https:\/\/schema.org\",\"@graph\":[{\"@type\":\"WebPage\",\"@id\":\"https:\/\/tmesa.com\/es\/a\/accesibilidad\/\",\"url\":\"https:\/\/tmesa.com\/es\/a\/accesibilidad\/\",\"name\":\"Accesibilidad &#8211; Transports Municipals d\u2019Egara\",\"isPartOf\":{\"@id\":\"https:\/\/tmesa.com\/es\/#website\"},\"primaryImageOfPage\":{\"@id\":\"https:\/\/tmesa.com\/es\/a\/accesibilidad\/#primaryimage\"},\"image\":{\"@id\":\"https:\/\/tmesa.com\/es\/a\/accesibilidad\/#primaryimage\"},\"thumbnailUrl\":\"https:\/\/tmesa.com\/wp-content\/uploads\/2021\/07\/planifica-recorregut-bus-tmesa-sa1.jpg\",\"datePublished\":\"2021-10-06T10:57:39+00:00\",\"dateModified\":\"2024-11-08T10:28:50+00:00\",\"description\":\"Accesibilidad Transports Municipals d\u2019Egara. Gu\u00edas dirigidas sobre todo a personas con autismo o con alguna discapacidad intelectual...\",\"breadcrumb\":{\"@id\":\"https:\/\/tmesa.com\/es\/a\/accesibilidad\/#breadcrumb\"},\"inLanguage\":\"es\",\"potentialAction\":[{\"@type\":\"ReadAction\",\"target\":[\"https:\/\/tmesa.com\/es\/a\/accesibilidad\/\"]}]},{\"@type\":\"ImageObject\",\"inLanguage\":\"es\",\"@id\":\"https:\/\/tmesa.com\/es\/a\/accesibilidad\/#primaryimage\",\"url\":\"https:\/\/tmesa.com\/wp-content\/uploads\/2021\/07\/planifica-recorregut-bus-tmesa-sa1.jpg\",\"contentUrl\":\"https:\/\/tmesa.com\/wp-content\/uploads\/2021\/07\/planifica-recorregut-bus-tmesa-sa1.jpg\",\"width\":1040,\"height\":662,\"caption\":\"Accessibilitat Autobusos urbans de Terrassa\"},{\"@type\":\"BreadcrumbList\",\"@id\":\"https:\/\/tmesa.com\/es\/a\/accesibilidad\/#breadcrumb\",\"itemListElement\":[{\"@type\":\"ListItem\",\"position\":1,\"name\":\"Inici\",\"item\":\"https:\/\/tmesa.com\/es\/\"},{\"@type\":\"ListItem\",\"position\":2,\"name\":\"Atenci\u00f3n al cliente\",\"item\":\"https:\/\/tmesa.com\/es\/a\/\"},{\"@type\":\"ListItem\",\"position\":3,\"name\":\"Accesibilidad\"}]},{\"@type\":\"WebSite\",\"@id\":\"https:\/\/tmesa.com\/es\/#website\",\"url\":\"https:\/\/tmesa.com\/es\/\",\"name\":\"Transports Municipals d\u2019Egara\",\"description\":\"\",\"potentialAction\":[{\"@type\":\"SearchAction\",\"target\":{\"@type\":\"EntryPoint\",\"urlTemplate\":\"https:\/\/tmesa.com\/es\/?s={search_term_string}\"},\"query-input\":{\"@type\":\"PropertyValueSpecification\",\"valueRequired\":true,\"valueName\":\"search_term_string\"}}],\"inLanguage\":\"es\"}]}<\/script>\n<!-- \/ Yoast SEO plugin. -->","yoast_head_json":{"title":"Accesibilidad &#8211; Transports Municipals d\u2019Egara","description":"Accesibilidad Transports Municipals d\u2019Egara. Gu\u00edas dirigidas sobre todo a personas con autismo o con alguna discapacidad intelectual...","robots":{"index":"index","follow":"follow","max-snippet":"max-snippet:-1","max-image-preview":"max-image-preview:large","max-video-preview":"max-video-preview:-1"},"canonical":"https:\/\/tmesa.com\/es\/a\/accesibilidad\/","og_locale":"es_ES","og_type":"article","og_title":"Accesibilidad &#8211; Transports Municipals d\u2019Egara","og_description":"Accesibilidad Transports Municipals d\u2019Egara. Gu\u00edas dirigidas sobre todo a personas con autismo o con alguna discapacidad intelectual...","og_url":"https:\/\/tmesa.com\/es\/a\/accesibilidad\/","og_site_name":"Transports Municipals d\u2019Egara","article_modified_time":"2024-11-08T10:28:50+00:00","og_image":[{"width":1040,"height":662,"url":"https:\/\/tmesa.com\/wp-content\/uploads\/2021\/07\/planifica-recorregut-bus-tmesa-sa1.jpg","type":"image\/jpeg"}],"twitter_card":"summary_large_image","twitter_misc":{"Tiempo de lectura":"4 minutos"},"schema":{"@context":"https:\/\/schema.org","@graph":[{"@type":"WebPage","@id":"https:\/\/tmesa.com\/es\/a\/accesibilidad\/","url":"https:\/\/tmesa.com\/es\/a\/accesibilidad\/","name":"Accesibilidad &#8211; Transports Municipals d\u2019Egara","isPartOf":{"@id":"https:\/\/tmesa.com\/es\/#website"},"primaryImageOfPage":{"@id":"https:\/\/tmesa.com\/es\/a\/accesibilidad\/#primaryimage"},"image":{"@id":"https:\/\/tmesa.com\/es\/a\/accesibilidad\/#primaryimage"},"thumbnailUrl":"https:\/\/tmesa.com\/wp-content\/uploads\/2021\/07\/planifica-recorregut-bus-tmesa-sa1.jpg","datePublished":"2021-10-06T10:57:39+00:00","dateModified":"2024-11-08T10:28:50+00:00","description":"Accesibilidad Transports Municipals d\u2019Egara. Gu\u00edas dirigidas sobre todo a personas con autismo o con alguna discapacidad intelectual...","breadcrumb":{"@id":"https:\/\/tmesa.com\/es\/a\/accesibilidad\/#breadcrumb"},"inLanguage":"es","potentialAction":[{"@type":"ReadAction","target":["https:\/\/tmesa.com\/es\/a\/accesibilidad\/"]}]},{"@type":"ImageObject","inLanguage":"es","@id":"https:\/\/tmesa.com\/es\/a\/accesibilidad\/#primaryimage","url":"https:\/\/tmesa.com\/wp-content\/uploads\/2021\/07\/planifica-recorregut-bus-tmesa-sa1.jpg","contentUrl":"https:\/\/tmesa.com\/wp-content\/uploads\/2021\/07\/planifica-recorregut-bus-tmesa-sa1.jpg","width":1040,"height":662,"caption":"Accessibilitat Autobusos urbans de Terrassa"},{"@type":"BreadcrumbList","@id":"https:\/\/tmesa.com\/es\/a\/accesibilidad\/#breadcrumb","itemListElement":[{"@type":"ListItem","position":1,"name":"Inici","item":"https:\/\/tmesa.com\/es\/"},{"@type":"ListItem","position":2,"name":"Atenci\u00f3n al cliente","item":"https:\/\/tmesa.com\/es\/a\/"},{"@type":"ListItem","position":3,"name":"Accesibilidad"}]},{"@type":"WebSite","@id":"https:\/\/tmesa.com\/es\/#website","url":"https:\/\/tmesa.com\/es\/","name":"Transports Municipals d\u2019Egara","description":"","potentialAction":[{"@type":"SearchAction","target":{"@type":"EntryPoint","urlTemplate":"https:\/\/tmesa.com\/es\/?s={search_term_string}"},"query-input":{"@type":"PropertyValueSpecification","valueRequired":true,"valueName":"search_term_string"}}],"inLanguage":"es"}]}},"publishpress_future_workflow_manual_trigger":{"enabledWorkflows":[]},"_links":{"self":[{"href":"https:\/\/tmesa.com\/es\/wp-json\/wp\/v2\/pages\/24991"}],"collection":[{"href":"https:\/\/tmesa.com\/es\/wp-json\/wp\/v2\/pages"}],"about":[{"href":"https:\/\/tmesa.com\/es\/wp-json\/wp\/v2\/types\/page"}],"author":[{"embeddable":true,"href":"https:\/\/tmesa.com\/es\/wp-json\/wp\/v2\/users\/1"}],"replies":[{"embeddable":true,"href":"https:\/\/tmesa.com\/es\/wp-json\/wp\/v2\/comments?post=24991"}],"version-history":[{"count":5,"href":"https:\/\/tmesa.com\/es\/wp-json\/wp\/v2\/pages\/24991\/revisions"}],"predecessor-version":[{"id":31746,"href":"https:\/\/tmesa.com\/es\/wp-json\/wp\/v2\/pages\/24991\/revisions\/31746"}],"up":[{"embeddable":true,"href":"https:\/\/tmesa.com\/es\/wp-json\/wp\/v2\/pages\/9288"}],"wp:featuredmedia":[{"embeddable":true,"href":"https:\/\/tmesa.com\/es\/wp-json\/wp\/v2\/media\/25042"}],"wp:attachment":[{"href":"https:\/\/tmesa.com\/es\/wp-json\/wp\/v2\/media?parent=24991"}],"curies":[{"name":"wp","href":"https:\/\/api.w.org\/{rel}","templated":true}]}}