{"id":24650,"date":"2021-04-27T15:18:17","date_gmt":"2021-04-27T13:18:17","guid":{"rendered":"https:\/\/tmesa.com\/?page_id=24650"},"modified":"2023-10-26T09:20:43","modified_gmt":"2023-10-26T07:20:43","slug":"trabaja-en-tmesa","status":"publish","type":"page","link":"https:\/\/tmesa.com\/es\/t\/trabaja-en-tmesa\/","title":{"rendered":"Trabaja con nosotros"},"content":{"rendered":"<div class=\"wpb-content-wrapper\"><p>[vc_row css_animation=\u00bb\u00bb row_type=\u00bbrow\u00bb use_row_as_full_screen_section=\u00bbno\u00bb type=\u00bbgrid\u00bb angled_section=\u00bbno\u00bb text_align=\u00bbleft\u00bb background_image_as_pattern=\u00bbwithout_pattern\u00bb z_index=\u00bb\u00bb el_id=\u00bbbreadcrumbs\u00bb][vc_column][vc_widget_sidebar sidebar_id=\u00bbBreadcrumbs\u00bb el_class=\u00bbmybreadcrumbs\u00bb][\/vc_column][\/vc_row][vc_row css_animation=\u00bb\u00bb row_type=\u00bbrow\u00bb use_row_as_full_screen_section=\u00bbno\u00bb type=\u00bbgrid\u00bb angled_section=\u00bbno\u00bb text_align=\u00bbleft\u00bb background_image_as_pattern=\u00bbwithout_pattern\u00bb z_index=\u00bb\u00bb el_id=\u00bbpagetitle\u00bb][vc_column][vc_column_text el_class=\u00bbpagetit1&#8243;]<\/p>\n<h1><a title=\"Gesti\u00f3 de queixes, reclamacions i suggeriments\" href=\"https:\/\/tmesa.com\/es\/t\/trabaja-en-tmesa\/\">Trabaja con nosotros<\/a><\/h1>\n<p>[\/vc_column_text][vc_separator type=\u00bbnormal\u00bb el_class=\u00bbpagelineleft1&#8243; color=\u00bb#5f2167&#8243; thickness=\u00bb4&#8243; up=\u00bb25&#8243; down=\u00bb25&#8243;][\/vc_column][\/vc_row][vc_row css_animation=\u00bb\u00bb row_type=\u00bbrow\u00bb use_row_as_full_screen_section=\u00bbno\u00bb type=\u00bbgrid\u00bb angled_section=\u00bbno\u00bb text_align=\u00bbleft\u00bb background_image_as_pattern=\u00bbwithout_pattern\u00bb z_index=\u00bb\u00bb el_id=\u00bbpagecontent\u00bb][vc_column width=\u00bb1\/2&#8243;][vc_column_text el_class=\u00bbpagesubtit1&#8243;]<\/p>\n<h2>Queremos sumar tu valor a nuestra empresa<\/h2>\n<p>[\/vc_column_text][\/vc_column][vc_column width=\u00bb1\/2&#8243; css=\u00bb.vc_custom_1572454286460{padding-left: 20px !important;}\u00bb][\/vc_column][\/vc_row][vc_row css_animation=\u00bb\u00bb row_type=\u00bbrow\u00bb use_row_as_full_screen_section=\u00bbno\u00bb type=\u00bbgrid\u00bb angled_section=\u00bbno\u00bb text_align=\u00bbleft\u00bb background_image_as_pattern=\u00bbwithout_pattern\u00bb z_index=\u00bb\u00bb el_id=\u00bbavanza\u00bb][vc_column][vc_row_inner row_type=\u00bbrow\u00bb type=\u00bbfull_width\u00bb text_align=\u00bbleft\u00bb css_animation=\u00bb\u00bb css=\u00bb.vc_custom_1619509518253{margin-top: 20px !important;margin-right: 0px !important;margin-bottom: 40px !important;margin-left: 0px !important;padding-top: 0px !important;padding-right: 0px !important;padding-bottom: 0px !important;padding-left: 0px !important;}\u00bb background_color=\u00bb#ffffff\u00bb][vc_column_inner el_class=\u00bbwhitebox1&#8243; width=\u00bb1\/2&#8243; css=\u00bb.vc_custom_1572454201041{padding-right: 0px !important;padding-left: 0px !important;}\u00bb][vc_column_text el_class=\u00bbpagesubtit2 rojotit\u00bb]<\/p>\n<h4>BUSCADOR OFERTAS DE EMPLEO<\/h4>\n<p>[\/vc_column_text][vc_column_text el_class=\u00bbpagesubtit1&#8243;]Si est\u00e1s interesado en trabajar con nosotros como <strong>conductor\/a, en el taller o en las oficinas de TMESA<\/strong>, env\u00eda tu curr\u00edculum a nuestro departamento de Recursos Humanos de Avanza a trav\u00e9s del formulario que encontrar\u00e1s en el siguiente enlace:[\/vc_column_text][vc_empty_space height=\u00bb20px\u00bb][vc_raw_html css=\u00bb.vc_custom_1619509009030{padding-bottom: 50px !important;}\u00bb]JTNDYSUyMGhyZWYlM0QlMjJodHRwcyUzQSUyRiUyRmF2YW56YWdydXBvLmNvbSUyRnRyYWJhamEtY29uLW5vc290cm9zJTJGJTIyJTIwdGFyZ2V0JTNEJTIyX2JsYW5rJTIyJTIwc3R5bGUlM0QlMjJmbG9hdCUzQWxlZnQlMjAlMjFpbXBvcnRhbnQlM0IlMjIlM0UlM0NkaXYlMjBjbGFzcyUzRCUyMmRlc2NhbWFwcGRmMSUyMiUzRSUzQ2klMjBjbGFzcyUzRCUyMmZhJTIwZmEtc2VhcmNoJTIwZGVzY2FtYXBwZGYxaWNvbiUyMiUzRSUzQyUyRmklM0UlMjBCdXNjYXIlM0MlMkZkaXYlM0UlM0MlMkZhJTNF[\/vc_raw_html][\/vc_column_inner][vc_column_inner el_class=\u00bbimgcolright1&#8243; width=\u00bb1\/2&#8243; css=\u00bb.vc_custom_1575540946606{margin-left: 20px !important;padding-top: 0px !important;padding-right: 20px !important;padding-left: 0px !important;}\u00bb][vc_single_image image=\u00bb24701&#8243; img_size=\u00bbfull\u00bb qode_css_animation=\u00bb\u00bb][\/vc_column_inner][\/vc_row_inner][\/vc_column][\/vc_row][vc_row css_animation=\u00bb\u00bb row_type=\u00bbrow\u00bb use_row_as_full_screen_section=\u00bbno\u00bb type=\u00bbgrid\u00bb angled_section=\u00bbno\u00bb text_align=\u00bbleft\u00bb background_image_as_pattern=\u00bbwithout_pattern\u00bb z_index=\u00bb\u00bb][vc_column][vc_empty_space][\/vc_column][\/vc_row][vc_row css_animation=\u00bb\u00bb row_type=\u00bbrow\u00bb use_row_as_full_screen_section=\u00bbno\u00bb type=\u00bbgrid\u00bb angled_section=\u00bbno\u00bb text_align=\u00bbleft\u00bb background_image_as_pattern=\u00bbwithout_pattern\u00bb z_index=\u00bb\u00bb el_id=\u00bbtmesa\u00bb el_class=\u00bbamaga\u00bb][vc_column][vc_row_inner row_type=\u00bbrow\u00bb type=\u00bbfull_width\u00bb text_align=\u00bbleft\u00bb css_animation=\u00bb\u00bb css=\u00bb.vc_custom_1619511134515{margin-top: 20px !important;margin-right: 0px !important;margin-bottom: 20px !important;margin-left: 0px !important;padding-top: 0px !important;padding-right: 0px !important;padding-bottom: 0px !important;padding-left: 0px !important;}\u00bb background_color=\u00bb#ffffff\u00bb el_class=\u00bbtreballatmesa1&#8243;][vc_column_inner el_class=\u00bbwhitebox1&#8243; width=\u00bb1\/2&#8243; css=\u00bb.vc_custom_1572454201041{padding-right: 0px !important;padding-left: 0px !important;}\u00bb][vc_column_text el_class=\u00bbpagesubtit2 rojotit\u00bb]<\/p>\n<h4>BUSCADOR OFERTAS DE OCUPACI\u00d3N TMESA<\/h4>\n<p>[\/vc_column_text][vc_column_text el_class=\u00bbpagesubtit1&#8243;]Si quieres trabajar con nosotros en esta posici\u00f3n, ponte con contacto con nuestro departamento de RRHH enviando tus datos y tu CV actualizado a <a href=\"m&#97;&#x69;&#x6c;t&#111;&#x3a;&#x61;l&#101;&#x6a;&#x61;n&#100;&#x72;&#x61;&#46;&#98;&#x65;&#x73;g&#97;&#64;&#x6d;&#x6f;b&#105;&#x6c;&#x69;t&#121;&#x61;&#x64;o&#46;&#x63;&#x6f;m\" target=\"_blank\" rel=\"noopener\">a&#108;&#x65;&#x6a;&#x61;n&#100;&#114;&#x61;&#x2e;b&#101;&#115;&#x67;&#x61;&#64;m&#111;&#x62;&#x69;&#x6c;i&#116;&#x79;&#x61;&#x64;o&#46;&#99;&#x6f;&#x6d;<\/a>.[\/vc_column_text][\/vc_column_inner][vc_column_inner el_class=\u00bbimgcolright1&#8243; width=\u00bb1\/2&#8243; css=\u00bb.vc_custom_1575540946606{margin-left: 20px !important;padding-top: 0px !important;padding-right: 20px !important;padding-left: 0px !important;}\u00bb][vc_empty_space height=\u00bb35px\u00bb][vc_column_text el_class=\u00bbpagesubtit1&#8243;]<\/p>\n<h2>Oferta de empleo actual:<\/h2>\n<p>[\/vc_column_text]<div class=\"qode-accordion-holder clearfix qode-accordion qode-initial \">\n\t<h4 class=\"clearfix qode-title-holder\">\n<span class=\"qode-tab-title\">\n\t    <span class=\"qode-tab-title-inner\">\n        ADMINISTRATIVO    <\/span>\n<\/span>\n<span class=\"qode-accordion-mark\">\n    <span class=\"qode-accordion-mark-icon\">\n        <span class=\"icon_plus\"><\/span>\n        <span class=\"icon_minus-06\"><\/span>\n    <\/span>\n<\/span>\n<\/h4>\n<div  class=\"qode-accordion-content \" >\n    <div class=\"qode-accordion-content-inner\">\n        [vc_column_text]M\u00e1s informaci\u00f3n <a href=\"https:\/\/tmesa.com\/wp-content\/uploads\/2023\/03\/tmesa-oferta-trabajo-administrativo-230316.pdf\" target=\"_blank\" rel=\"noopener\">aqu\u00ed<\/a>.[\/vc_column_text]    <\/div>\n<\/div><\/div>[\/vc_column_inner][\/vc_row_inner][\/vc_column][\/vc_row][vc_row css_animation=\u00bb\u00bb row_type=\u00bbrow\u00bb use_row_as_full_screen_section=\u00bbno\u00bb type=\u00bbgrid\u00bb angled_section=\u00bbno\u00bb text_align=\u00bbleft\u00bb background_image_as_pattern=\u00bbwithout_pattern\u00bb z_index=\u00bb\u00bb el_class=\u00bboff\u00bb][vc_column][vc_row_inner row_type=\u00bbrow\u00bb type=\u00bbfull_width\u00bb text_align=\u00bbleft\u00bb css_animation=\u00bb\u00bb css=\u00bb.vc_custom_1619511134515{margin-top: 20px !important;margin-right: 0px !important;margin-bottom: 20px !important;margin-left: 0px !important;padding-top: 0px !important;padding-right: 0px !important;padding-bottom: 0px !important;padding-left: 0px !important;}\u00bb background_color=\u00bb#ffffff\u00bb el_class=\u00bbtreballatmesa1&#8243;][vc_column_inner el_class=\u00bbwhitebox1&#8243; width=\u00bb1\/2&#8243; css=\u00bb.vc_custom_1572454201041{padding-right: 0px !important;padding-left: 0px !important;}\u00bb][vc_column_text el_class=\u00bbpagesubtit2 rojotit\u00bb]<\/p>\n<h4>BUSCADOR OFERTAS DE OCUPACI\u00d3N TMESA<\/h4>\n<p>[\/vc_column_text][vc_column_text el_class=\u00bbpagesubtit1&#8243;]Si quieres trabajar con nosotros en esta posici\u00f3n, ponte con contacto con nuestro departamento de RRHH enviando tus datos y tu CV actualizado a <a href=\"&#x6d;&#x61;&#105;&#108;to&#x3a;&#x74;&#x6d;&#101;sa&#x40;&#x74;&#x6d;&#101;&#115;a&#x2e;&#x63;&#x6f;&#109;?subject=Treballa%20amb%20nosaltres\">&#x74;&#109;&#101;s&#x61;&#x40;&#116;m&#x65;&#x73;&#97;&#46;&#x63;&#x6f;&#109;<\/a>.[\/vc_column_text][\/vc_column_inner][vc_column_inner el_class=\u00bbimgcolright1&#8243; width=\u00bb1\/2&#8243; css=\u00bb.vc_custom_1575540946606{margin-left: 20px !important;padding-top: 0px !important;padding-right: 20px !important;padding-left: 0px !important;}\u00bb][vc_empty_space height=\u00bb35px\u00bb][vc_column_text el_class=\u00bbpagesubtit1&#8243;]<\/p>\n<h2>Oferta de empleo actual:<\/h2>\n<p>[\/vc_column_text]<div class=\"qode-accordion-holder clearfix qode-accordion qode-initial \">\n\t<h4 class=\"clearfix qode-title-holder\">\n<span class=\"qode-tab-title\">\n\t    <span class=\"qode-tab-title-inner\">\n        JEFE DE PLANIFICACI\u00d3N    <\/span>\n<\/span>\n<span class=\"qode-accordion-mark\">\n    <span class=\"qode-accordion-mark-icon\">\n        <span class=\"icon_plus\"><\/span>\n        <span class=\"icon_minus-06\"><\/span>\n    <\/span>\n<\/span>\n<\/h4>\n<div  class=\"qode-accordion-content \" >\n    <div class=\"qode-accordion-content-inner\">\n        [vc_column_text]En estos momentos en TMESA estamos buscando una persona para desarrollar las tareas de <strong>JEFE DE PLANIFICACI\u00d3N<\/strong> con los siguientes requisitos:<\/p>\n<ul>\n<li>Formaci\u00f3n: Ingenier\u00eda Superior \/ Grado \/ Licenciatura, valorable especialidad en Transporte Organizacional<\/li>\n<li>Experiencia: Al menos 5 a\u00f1os de experiencia en explotaci\u00f3n de redes de transporte de viajeros<\/li>\n<li>Manejo de software de planificaci\u00f3n de transporte<\/li>\n<li>Disponibilidad de incorporaci\u00f3n inmediata<\/li>\n<\/ul>\n<p>Si est\u00e1s interesado\/a inscr\u00edbete en:<br \/>\navanzagrupo.com\/job\/jefe-planificacion\/[\/vc_column_text]    <\/div>\n<\/div><\/div>[\/vc_column_inner][\/vc_row_inner][\/vc_column][\/vc_row][vc_row css_animation=\u00bb\u00bb row_type=\u00bbrow\u00bb use_row_as_full_screen_section=\u00bbno\u00bb type=\u00bbgrid\u00bb angled_section=\u00bbno\u00bb text_align=\u00bbleft\u00bb background_image_as_pattern=\u00bbwithout_pattern\u00bb z_index=\u00bb\u00bb][vc_column][vc_empty_space height=\u00bb75&#8243;][\/vc_column][\/vc_row]<\/p>\n<div class=\"social-share-buttons\"><a href=\"https:\/\/www.facebook.com\/sharer\/sharer.php?u=https:\/\/tmesa.com\/es\/t\/trabaja-en-tmesa\/\" target=\"_blank\" rel=\"noopener\"><i class=\"fa-brands fa-facebook-f\"><\/i><\/a><a href=\"https:\/\/twitter.com\/intent\/tweet?url=https:\/\/tmesa.com\/es\/t\/trabaja-en-tmesa\/&text=Trabaja+con+nosotros\" target=\"_blank\" rel=\"noopener\"><i class=\"fa-brands fa-twitter\"><\/i><\/a><a href=\"https:\/\/www.linkedin.com\/shareArticle?url=https:\/\/tmesa.com\/es\/t\/trabaja-en-tmesa\/&title=Trabaja+con+nosotros\" target=\"_blank\" rel=\"noopener\"><i class=\"fa-brands fa-linkedin-in\"><\/i><\/a><\/div><\/div>","protected":false},"excerpt":{"rendered":"<p>[vc_row css_animation=\u00bb\u00bb row_type=\u00bbrow\u00bb use_row_as_full_screen_section=\u00bbno\u00bb type=\u00bbgrid\u00bb angled_section=\u00bbno\u00bb text_align=\u00bbleft\u00bb background_image_as_pattern=\u00bbwithout_pattern\u00bb z_index=\u00bb\u00bb el_id=\u00bbbreadcrumbs\u00bb][vc_column][vc_widget_sidebar sidebar_id=\u00bbBreadcrumbs\u00bb el_class=\u00bbmybreadcrumbs\u00bb][\/vc_column][\/vc_row][vc_row css_animation=\u00bb\u00bb row_type=\u00bbrow\u00bb use_row_as_full_screen_section=\u00bbno\u00bb type=\u00bbgrid\u00bb angled_section=\u00bbno\u00bb text_align=\u00bbleft\u00bb background_image_as_pattern=\u00bbwithout_pattern\u00bb z_index=\u00bb\u00bb el_id=\u00bbpagetitle\u00bb][vc_column][vc_column_text el_class=\u00bbpagetit1&#8243;] Trabaja con nosotros [\/vc_column_text][vc_separator type=\u00bbnormal\u00bb el_class=\u00bbpagelineleft1&#8243; color=\u00bb#5f2167&#8243; thickness=\u00bb4&#8243; up=\u00bb25&#8243; down=\u00bb25&#8243;][\/vc_column][\/vc_row][vc_row css_animation=\u00bb\u00bb row_type=\u00bbrow\u00bb use_row_as_full_screen_section=\u00bbno\u00bb type=\u00bbgrid\u00bb angled_section=\u00bbno\u00bb text_align=\u00bbleft\u00bb background_image_as_pattern=\u00bbwithout_pattern\u00bb z_index=\u00bb\u00bb el_id=\u00bbpagecontent\u00bb][vc_column width=\u00bb1\/2&#8243;][vc_column_text el_class=\u00bbpagesubtit1&#8243;] Queremos sumar&#8230;<\/p>\n","protected":false},"author":1,"featured_media":0,"parent":9649,"menu_order":0,"comment_status":"closed","ping_status":"closed","template":"full_width.php","meta":{"_acf_changed":false,"footnotes":"","_wp_rev_ctl_limit":"5"},"class_list":["post-24650","page","type-page","status-publish","hentry"],"acf":[],"yoast_head":"<!-- This site is optimized with the Yoast SEO plugin v23.8 - https:\/\/yoast.com\/wordpress\/plugins\/seo\/ -->\n<title>Trabaja con nosotros &#8211; Transports Municipals d\u2019Egara<\/title>\n<meta name=\"description\" content=\"Trabaja con nosotros. Autobusos municipals de Terrassa. Plec de condicions i criteris de valoraci\u00f3 del perfil del contractant de TMESA.\" \/>\n<meta name=\"robots\" content=\"index, follow, max-snippet:-1, max-image-preview:large, max-video-preview:-1\" \/>\n<link rel=\"canonical\" href=\"https:\/\/tmesa.com\/es\/t\/trabaja-en-tmesa\/\" \/>\n<meta property=\"og:locale\" content=\"es_ES\" \/>\n<meta property=\"og:type\" content=\"article\" \/>\n<meta property=\"og:title\" content=\"Trabaja con nosotros &#8211; Transports Municipals d\u2019Egara\" \/>\n<meta property=\"og:description\" content=\"Trabaja con nosotros. Autobusos municipals de Terrassa. Plec de condicions i criteris de valoraci\u00f3 del perfil del contractant de TMESA.\" \/>\n<meta property=\"og:url\" content=\"https:\/\/tmesa.com\/es\/t\/trabaja-en-tmesa\/\" \/>\n<meta property=\"og:site_name\" content=\"Transports Municipals d\u2019Egara\" \/>\n<meta property=\"article:modified_time\" content=\"2023-10-26T07:20:43+00:00\" \/>\n<meta name=\"twitter:card\" content=\"summary_large_image\" \/>\n<meta name=\"twitter:label1\" content=\"Tiempo de lectura\" \/>\n\t<meta name=\"twitter:data1\" content=\"3 minutos\" \/>\n<script type=\"application\/ld+json\" class=\"yoast-schema-graph\">{\"@context\":\"https:\/\/schema.org\",\"@graph\":[{\"@type\":\"WebPage\",\"@id\":\"https:\/\/tmesa.com\/es\/t\/trabaja-en-tmesa\/\",\"url\":\"https:\/\/tmesa.com\/es\/t\/trabaja-en-tmesa\/\",\"name\":\"Trabaja con nosotros &#8211; Transports Municipals d\u2019Egara\",\"isPartOf\":{\"@id\":\"https:\/\/tmesa.com\/es\/#website\"},\"datePublished\":\"2021-04-27T13:18:17+00:00\",\"dateModified\":\"2023-10-26T07:20:43+00:00\",\"description\":\"Trabaja con nosotros. Autobusos municipals de Terrassa. Plec de condicions i criteris de valoraci\u00f3 del perfil del contractant de TMESA.\",\"breadcrumb\":{\"@id\":\"https:\/\/tmesa.com\/es\/t\/trabaja-en-tmesa\/#breadcrumb\"},\"inLanguage\":\"es\",\"potentialAction\":[{\"@type\":\"ReadAction\",\"target\":[\"https:\/\/tmesa.com\/es\/t\/trabaja-en-tmesa\/\"]}]},{\"@type\":\"BreadcrumbList\",\"@id\":\"https:\/\/tmesa.com\/es\/t\/trabaja-en-tmesa\/#breadcrumb\",\"itemListElement\":[{\"@type\":\"ListItem\",\"position\":1,\"name\":\"Inici\",\"item\":\"https:\/\/tmesa.com\/es\/\"},{\"@type\":\"ListItem\",\"position\":2,\"name\":\"Sobre TMESA\",\"item\":\"https:\/\/tmesa.com\/es\/t\/\"},{\"@type\":\"ListItem\",\"position\":3,\"name\":\"Trabaja con nosotros\"}]},{\"@type\":\"WebSite\",\"@id\":\"https:\/\/tmesa.com\/es\/#website\",\"url\":\"https:\/\/tmesa.com\/es\/\",\"name\":\"Transports Municipals d\u2019Egara\",\"description\":\"\",\"potentialAction\":[{\"@type\":\"SearchAction\",\"target\":{\"@type\":\"EntryPoint\",\"urlTemplate\":\"https:\/\/tmesa.com\/es\/?s={search_term_string}\"},\"query-input\":{\"@type\":\"PropertyValueSpecification\",\"valueRequired\":true,\"valueName\":\"search_term_string\"}}],\"inLanguage\":\"es\"}]}<\/script>\n<!-- \/ Yoast SEO plugin. -->","yoast_head_json":{"title":"Trabaja con nosotros &#8211; Transports Municipals d\u2019Egara","description":"Trabaja con nosotros. Autobusos municipals de Terrassa. Plec de condicions i criteris de valoraci\u00f3 del perfil del contractant de TMESA.","robots":{"index":"index","follow":"follow","max-snippet":"max-snippet:-1","max-image-preview":"max-image-preview:large","max-video-preview":"max-video-preview:-1"},"canonical":"https:\/\/tmesa.com\/es\/t\/trabaja-en-tmesa\/","og_locale":"es_ES","og_type":"article","og_title":"Trabaja con nosotros &#8211; Transports Municipals d\u2019Egara","og_description":"Trabaja con nosotros. Autobusos municipals de Terrassa. Plec de condicions i criteris de valoraci\u00f3 del perfil del contractant de TMESA.","og_url":"https:\/\/tmesa.com\/es\/t\/trabaja-en-tmesa\/","og_site_name":"Transports Municipals d\u2019Egara","article_modified_time":"2023-10-26T07:20:43+00:00","twitter_card":"summary_large_image","twitter_misc":{"Tiempo de lectura":"3 minutos"},"schema":{"@context":"https:\/\/schema.org","@graph":[{"@type":"WebPage","@id":"https:\/\/tmesa.com\/es\/t\/trabaja-en-tmesa\/","url":"https:\/\/tmesa.com\/es\/t\/trabaja-en-tmesa\/","name":"Trabaja con nosotros &#8211; Transports Municipals d\u2019Egara","isPartOf":{"@id":"https:\/\/tmesa.com\/es\/#website"},"datePublished":"2021-04-27T13:18:17+00:00","dateModified":"2023-10-26T07:20:43+00:00","description":"Trabaja con nosotros. Autobusos municipals de Terrassa. Plec de condicions i criteris de valoraci\u00f3 del perfil del contractant de TMESA.","breadcrumb":{"@id":"https:\/\/tmesa.com\/es\/t\/trabaja-en-tmesa\/#breadcrumb"},"inLanguage":"es","potentialAction":[{"@type":"ReadAction","target":["https:\/\/tmesa.com\/es\/t\/trabaja-en-tmesa\/"]}]},{"@type":"BreadcrumbList","@id":"https:\/\/tmesa.com\/es\/t\/trabaja-en-tmesa\/#breadcrumb","itemListElement":[{"@type":"ListItem","position":1,"name":"Inici","item":"https:\/\/tmesa.com\/es\/"},{"@type":"ListItem","position":2,"name":"Sobre TMESA","item":"https:\/\/tmesa.com\/es\/t\/"},{"@type":"ListItem","position":3,"name":"Trabaja con nosotros"}]},{"@type":"WebSite","@id":"https:\/\/tmesa.com\/es\/#website","url":"https:\/\/tmesa.com\/es\/","name":"Transports Municipals d\u2019Egara","description":"","potentialAction":[{"@type":"SearchAction","target":{"@type":"EntryPoint","urlTemplate":"https:\/\/tmesa.com\/es\/?s={search_term_string}"},"query-input":{"@type":"PropertyValueSpecification","valueRequired":true,"valueName":"search_term_string"}}],"inLanguage":"es"}]}},"publishpress_future_workflow_manual_trigger":{"enabledWorkflows":[]},"_links":{"self":[{"href":"https:\/\/tmesa.com\/es\/wp-json\/wp\/v2\/pages\/24650"}],"collection":[{"href":"https:\/\/tmesa.com\/es\/wp-json\/wp\/v2\/pages"}],"about":[{"href":"https:\/\/tmesa.com\/es\/wp-json\/wp\/v2\/types\/page"}],"author":[{"embeddable":true,"href":"https:\/\/tmesa.com\/es\/wp-json\/wp\/v2\/users\/1"}],"replies":[{"embeddable":true,"href":"https:\/\/tmesa.com\/es\/wp-json\/wp\/v2\/comments?post=24650"}],"version-history":[{"count":5,"href":"https:\/\/tmesa.com\/es\/wp-json\/wp\/v2\/pages\/24650\/revisions"}],"predecessor-version":[{"id":29623,"href":"https:\/\/tmesa.com\/es\/wp-json\/wp\/v2\/pages\/24650\/revisions\/29623"}],"up":[{"embeddable":true,"href":"https:\/\/tmesa.com\/es\/wp-json\/wp\/v2\/pages\/9649"}],"wp:attachment":[{"href":"https:\/\/tmesa.com\/es\/wp-json\/wp\/v2\/media?parent=24650"}],"curies":[{"name":"wp","href":"https:\/\/api.w.org\/{rel}","templated":true}]}}